{"id":735,"date":"2026-03-02T15:19:22","date_gmt":"2026-03-02T13:19:22","guid":{"rendered":"https:\/\/letrum.ee\/?post_type=product&#038;p=735"},"modified":"2026-03-02T15:19:22","modified_gmt":"2026-03-02T13:19:22","slug":"instagrid-link-max-three-phase-battery-power-package-400v","status":"publish","type":"product","link":"https:\/\/letrum.ee\/?product=instagrid-link-max-three-phase-battery-power-package-400v","title":{"rendered":"Instagrid LINK MAX Three-Phase Battery Power Package 400V"},"content":{"rendered":"<p data-start=\"742\" data-end=\"900\">Kui t\u00f6\u00f6 n\u00f5uab <strong data-start=\"756\" data-end=\"801\">usaldusv\u00e4\u00e4rset kolmefaasilist 400V toidet<\/strong>, pakub LINK MAX Power Package generaatorivaba alternatiivi ilma m\u00fcrata, k\u00fctuseta ja heitgaasideta.<\/p>\n<p data-start=\"902\" data-end=\"1219\">S\u00fcsteemi s\u00fcdameks on <strong data-start=\"923\" data-end=\"952\">Instagrid LINK MAX (400V)<\/strong> nutikas voolujagaja, mis \u00fchendab kolm Instagrid ONE akut \u00fcheks v\u00f5imsaks kolmefaasiliseks energias\u00fcsteemiks. T\u00e4nu patenteeritud mikro-inverteri arhitektuurile saavutatakse k\u00f5rge v\u00f5imsus v\u00e4iksema kaalu ja kompaktsema disainiga v\u00f5rreldes traditsiooniliste lahendustega.<\/p>\n<h3 data-start=\"1221\" data-end=\"1241\">Peamised eelised<\/h3>\n<ul data-start=\"1243\" data-end=\"1460\">\n<li data-start=\"1243\" data-end=\"1273\">\n<p data-start=\"1245\" data-end=\"1273\"><strong data-start=\"1247\" data-end=\"1273\">Kuni 18 kW tippv\u00f5imsus<\/strong><\/p>\n<\/li>\n<li data-start=\"1274\" data-end=\"1310\">\n<p data-start=\"1276\" data-end=\"1310\"><strong data-start=\"1279\" data-end=\"1310\">Kolmefaasiline 400V v\u00e4ljund<\/strong><\/p>\n<\/li>\n<li data-start=\"1311\" data-end=\"1344\">\n<p data-start=\"1313\" data-end=\"1344\">\u00a0Integreeritud <strong data-start=\"1330\" data-end=\"1344\">RCD-kaitse<\/strong><\/p>\n<\/li>\n<li data-start=\"1345\" data-end=\"1375\">\n<p data-start=\"1347\" data-end=\"1375\">\u00a0Praktiliselt m\u00fcravaba t\u00f6\u00f6<\/p>\n<\/li>\n<li data-start=\"1376\" data-end=\"1396\">\n<p data-start=\"1378\" data-end=\"1396\">100% heitmevaba<\/p>\n<\/li>\n<li data-start=\"1397\" data-end=\"1431\">\n<p data-start=\"1399\" data-end=\"1431\">\u00a0Ilmastikukindel disain (IP44)<\/p>\n<\/li>\n<li data-start=\"1432\" data-end=\"1460\">\n<p data-start=\"1434\" data-end=\"1460\">\u00a0Plug-and-play paigaldus<\/p>\n<\/li>\n<\/ul>\n<p data-start=\"1462\" data-end=\"1501\">See teeb s\u00fcsteemist ideaalse lahenduse:<\/p>\n<ul data-start=\"1503\" data-end=\"1723\">\n<li data-start=\"1503\" data-end=\"1546\">\n<p data-start=\"1505\" data-end=\"1546\">Raskete t\u00f6\u00f6stuslike seadmete kasutamiseks<\/p>\n<\/li>\n<li data-start=\"1547\" data-end=\"1586\">\n<p data-start=\"1549\" data-end=\"1586\">400V seadmete toiteks ehitusplatsidel<\/p>\n<\/li>\n<li data-start=\"1587\" data-end=\"1648\">\n<p data-start=\"1589\" data-end=\"1648\">Audiovisuaalsete s\u00fcsteemide ja s\u00fcndmuste elektrivarustuseks<\/p>\n<\/li>\n<li data-start=\"1649\" data-end=\"1680\">\n<p data-start=\"1651\" data-end=\"1680\">Tehnilisteks paigaldust\u00f6\u00f6deks<\/p>\n<\/li>\n<li data-start=\"1681\" data-end=\"1723\">\n<p data-start=\"1683\" data-end=\"1723\">Ajutiseks kolmefaasiliseks toiteallikaks<\/p>\n<\/li>\n<\/ul>\n<p data-start=\"2341\" data-end=\"2395\">Kogu s\u00fcsteemi energia maht: <strong data-start=\"2369\" data-end=\"2395\">~6.3 kWh (3 \u00d7 2.1 kWh)<\/strong><\/p>\n<hr data-start=\"2397\" data-end=\"2400\" \/>\n<h2 data-start=\"2402\" data-end=\"2435\">Konstruktsioon ja vastupidavus<\/h2>\n<ul data-start=\"2437\" data-end=\"2607\">\n<li data-start=\"2437\" data-end=\"2469\">\n<p data-start=\"2439\" data-end=\"2469\">LINK MAX kaitseklass: <strong data-start=\"2461\" data-end=\"2469\">IP44<\/strong><\/p>\n<\/li>\n<li data-start=\"2470\" data-end=\"2517\">\n<p data-start=\"2472\" data-end=\"2517\">Ilmastikukindel ja t\u00f6\u00f6kindel v\u00e4listingimustes<\/p>\n<\/li>\n<li data-start=\"2518\" data-end=\"2562\">\n<p data-start=\"2520\" data-end=\"2562\">Kompaktne ja transportimiseks optimeeritud<\/p>\n<\/li>\n<li data-start=\"2563\" data-end=\"2607\">\n<p data-start=\"2565\" data-end=\"2607\">Sobib kasutamiseks karmides t\u00f6\u00f6tingimustes<\/p>\n<\/li>\n<\/ul>\n<p data-start=\"2776\" data-end=\"2794\">\n<hr data-start=\"2796\" data-end=\"2799\" \/>\n<h1 data-start=\"2801\" data-end=\"2817\">Komplekti sisu<\/h1>\n<ul data-start=\"2819\" data-end=\"2945\">\n<li data-start=\"2819\" data-end=\"2874\">\n<p data-start=\"2821\" data-end=\"2874\">1 \u00d7 Instagrid LINK MAX Smart Power Distributor (400V)<\/p>\n<\/li>\n<li data-start=\"2875\" data-end=\"2908\">\n<p data-start=\"2877\" data-end=\"2908\">3 \u00d7 Instagrid ONE 230V akuseade<\/p>\n<\/li>\n<li data-start=\"2909\" data-end=\"2929\">\n<p data-start=\"2911\" data-end=\"2929\">3 \u00d7 \u00fchenduskaablit<\/p>\n<\/li>\n<li data-start=\"2930\" data-end=\"2945\">\n<p data-start=\"2932\" data-end=\"2945\">Kasutusjuhend<\/p>\n<\/li>\n<\/ul>\n<hr data-start=\"2947\" data-end=\"2950\" \/>\n<h1 data-start=\"2952\" data-end=\"2962\">Garantii<\/h1>\n<ul data-start=\"2964\" data-end=\"2994\">\n<li data-start=\"2964\" data-end=\"2994\">\n<p data-start=\"2966\" data-end=\"2994\"><strong data-start=\"2966\" data-end=\"2994\">4-aastane tootjagarantii<\/strong><\/p>\n<\/li>\n<\/ul>\n","protected":false},"excerpt":{"rendered":"<p data-start=\"238\" data-end=\"579\"><strong data-start=\"238\" data-end=\"286\">Instagrid LINK MAX Three-Phase Power Package<\/strong> on professionaalne 400V kolmefaasiline mobiilne elektrilahendus, mis koosneb <strong data-start=\"364\" data-end=\"431\">1 \u00d7 LINK MAX nutikast jaoturist ja 3 \u00d7 Instagrid ONE 230V akust<\/strong>. S\u00fcsteem pakub kuni <strong data-start=\"452\" data-end=\"474\">18 kW tippv\u00f5imsust<\/strong>, t\u00e4ielikult heitmevaba ja m\u00fcravaba t\u00f6\u00f6d ning v\u00f5imaldab toita kuni kolme seadet samaaegselt RCD-kaitsega.<\/p>\n<p data-start=\"581\" data-end=\"716\">Ideaalne lahendus ehitusplatsidele, t\u00f6\u00f6stusesse ja tehniliselt n\u00f5udlikesse keskkondadesse, kus t\u00f6\u00f6kindel vool on kriitilise t\u00e4htsusega.<\/p>\n","protected":false},"featured_media":736,"comment_status":"open","ping_status":"closed","template":"","meta":[],"product_brand":[],"product_cat":[78],"product_tag":[],"class_list":{"0":"post-735","1":"product","2":"type-product","3":"status-publish","4":"has-post-thumbnail","6":"product_cat-instagrid","8":"first","9":"instock","10":"shipping-taxable","11":"purchasable","12":"product-type-simple"},"jetpack_sharing_enabled":true,"_links":{"self":[{"href":"https:\/\/letrum.ee\/index.php?rest_route=\/wp\/v2\/product\/735","targetHints":{"allow":["GET"]}}],"collection":[{"href":"https:\/\/letrum.ee\/index.php?rest_route=\/wp\/v2\/product"}],"about":[{"href":"https:\/\/letrum.ee\/index.php?rest_route=\/wp\/v2\/types\/product"}],"replies":[{"embeddable":true,"href":"https:\/\/letrum.ee\/index.php?rest_route=%2Fwp%2Fv2%2Fcomments&post=735"}],"wp:featuredmedia":[{"embeddable":true,"href":"https:\/\/letrum.ee\/index.php?rest_route=\/wp\/v2\/media\/736"}],"wp:attachment":[{"href":"https:\/\/letrum.ee\/index.php?rest_route=%2Fwp%2Fv2%2Fmedia&parent=735"}],"wp:term":[{"taxonomy":"product_brand","embeddable":true,"href":"https:\/\/letrum.ee\/index.php?rest_route=%2Fwp%2Fv2%2Fproduct_brand&post=735"},{"taxonomy":"product_cat","embeddable":true,"href":"https:\/\/letrum.ee\/index.php?rest_route=%2Fwp%2Fv2%2Fproduct_cat&post=735"},{"taxonomy":"product_tag","embeddable":true,"href":"https:\/\/letrum.ee\/index.php?rest_route=%2Fwp%2Fv2%2Fproduct_tag&post=735"}],"curies":[{"name":"wp","href":"https:\/\/api.w.org\/{rel}","templated":true}]}}