{"id":729,"date":"2026-03-02T15:09:57","date_gmt":"2026-03-02T13:09:57","guid":{"rendered":"https:\/\/letrum.ee\/?post_type=product&#038;p=729"},"modified":"2026-03-02T15:09:57","modified_gmt":"2026-03-02T13:09:57","slug":"instagrid-one-230v","status":"publish","type":"product","link":"https:\/\/letrum.ee\/?product=instagrid-one-230v","title":{"rendered":"Instagrid ONE 230V"},"content":{"rendered":"<p data-start=\"653\" data-end=\"900\">Instagrid ONE on loodud professionaalidele, kes vajavad t\u00f6\u00f6maal v\u00f5rguv\u00e4\u00e4rset 230 V toidet ilma generaatorita. Seade pakub puhast ja stabiilset 230 V AC \/ 50 Hz v\u00e4ljundit, mis v\u00f5imaldab kasutada k\u00f5iki standardseid AC-t\u00f6\u00f6riistu kuni 16 A koormusega.<\/p>\n<p data-start=\"902\" data-end=\"1183\">T\u00e4nu patenteeritud mikro-inverteri arhitektuurile saavutab Instagrid erakordselt suure tippv\u00f5imsuse, s\u00e4ilitades samal ajal kompaktse m\u00f5\u00f5du ja vaid 20 kg kaalu. S\u00fcsteem v\u00f5imaldab toita ka k\u00f5rge k\u00e4ivitusvooluga seadmeid, n\u00e4iteks keevitusinvertereid, betoonil\u00f5ikureid ja teemantpuure.<\/p>\n<p data-start=\"1185\" data-end=\"1211\">Erinevalt generaatoritest:<\/p>\n<ul data-start=\"1213\" data-end=\"1340\">\n<li data-start=\"1213\" data-end=\"1237\">\n<p data-start=\"1215\" data-end=\"1237\">puudub m\u00fcra (&lt;10 dB)<\/p>\n<\/li>\n<li data-start=\"1238\" data-end=\"1261\">\n<p data-start=\"1240\" data-end=\"1261\">puuduvad heitgaasid<\/p>\n<\/li>\n<li data-start=\"1262\" data-end=\"1287\">\n<p data-start=\"1264\" data-end=\"1287\">puudub k\u00fctuse vajadus<\/p>\n<\/li>\n<li data-start=\"1288\" data-end=\"1306\">\n<p data-start=\"1290\" data-end=\"1306\">puudub hooldus<\/p>\n<\/li>\n<li data-start=\"1307\" data-end=\"1340\">\n<p data-start=\"1309\" data-end=\"1340\">t\u00f6\u00f6tab koheselt nupuvajutusel<\/p>\n<\/li>\n<\/ul>\n<p data-start=\"1342\" data-end=\"1464\">Seade sobib kasutamiseks ka suletud ruumides ning karmides ilmastikutingimustes (IP54, t\u00f6\u00f6temperatuur \u201320 \u00b0C kuni +60 \u00b0C).<\/p>\n<hr data-start=\"1466\" data-end=\"1469\" \/>\n<h1 data-start=\"1471\" data-end=\"1490\">Tehnilised andmed<\/h1>\n<h2 data-start=\"1492\" data-end=\"1525\">T\u00fchjenemisre\u017eiim (Discharging)<\/h2>\n<div class=\"TyagGW_tableContainer\">\n<div class=\"group TyagGW_tableWrapper flex flex-col-reverse w-fit\" tabindex=\"-1\">\n<table class=\"w-fit min-w-(--thread-content-width)\" data-start=\"1527\" data-end=\"1932\">\n<thead data-start=\"1527\" data-end=\"1551\">\n<tr data-start=\"1527\" data-end=\"1551\">\n<th class=\"\" data-start=\"1527\" data-end=\"1540\" data-col-size=\"sm\">Parameeter<\/th>\n<th class=\"\" data-start=\"1540\" data-end=\"1551\" data-col-size=\"sm\">V\u00e4\u00e4rtus<\/th>\n<\/tr>\n<\/thead>\n<tbody data-start=\"1578\" data-end=\"1932\">\n<tr data-start=\"1578\" data-end=\"1613\">\n<td data-start=\"1578\" data-end=\"1593\" data-col-size=\"sm\">V\u00e4ljundpinge<\/td>\n<td data-col-size=\"sm\" data-start=\"1593\" data-end=\"1613\">230 V AC \/ 50 Hz<\/td>\n<\/tr>\n<tr data-start=\"1614\" data-end=\"1645\">\n<td data-start=\"1614\" data-end=\"1628\" data-col-size=\"sm\">Nimiv\u00f5imsus<\/td>\n<td data-col-size=\"sm\" data-start=\"1628\" data-end=\"1645\">3.6 kW (16 A)<\/td>\n<\/tr>\n<tr data-start=\"1646\" data-end=\"1683\">\n<td data-start=\"1646\" data-end=\"1664\" data-col-size=\"sm\">150% \u00fclekoormus<\/td>\n<td data-start=\"1664\" data-end=\"1683\" data-col-size=\"sm\">5.4 kW (&lt;500 s)<\/td>\n<\/tr>\n<tr data-start=\"1684\" data-end=\"1720\">\n<td data-start=\"1684\" data-end=\"1702\" data-col-size=\"sm\">200% \u00fclekoormus<\/td>\n<td data-start=\"1702\" data-end=\"1720\" data-col-size=\"sm\">7.2 kW (&lt;50 s)<\/td>\n<\/tr>\n<tr data-start=\"1721\" data-end=\"1757\">\n<td data-start=\"1721\" data-end=\"1739\" data-col-size=\"sm\">250% \u00fclekoormus<\/td>\n<td data-start=\"1739\" data-end=\"1757\" data-col-size=\"sm\">9.0 kW (&lt;10 s)<\/td>\n<\/tr>\n<tr data-start=\"1758\" data-end=\"1783\">\n<td data-start=\"1758\" data-end=\"1772\" data-col-size=\"sm\">Tippv\u00f5imsus<\/td>\n<td data-start=\"1772\" data-end=\"1783\" data-col-size=\"sm\">18.0 kW<\/td>\n<\/tr>\n<tr data-start=\"1784\" data-end=\"1811\">\n<td data-start=\"1784\" data-end=\"1802\" data-col-size=\"sm\">Maks. l\u00fchisvool<\/td>\n<td data-start=\"1802\" data-end=\"1811\" data-col-size=\"sm\">300 A<\/td>\n<\/tr>\n<tr data-start=\"1812\" data-end=\"1852\">\n<td data-start=\"1812\" data-end=\"1838\" data-col-size=\"sm\">Maks. t\u00f6\u00f6aeg t\u00fchik\u00e4igul<\/td>\n<td data-start=\"1838\" data-end=\"1852\" data-col-size=\"sm\">kuni 150 h<\/td>\n<\/tr>\n<tr data-start=\"1853\" data-end=\"1892\">\n<td data-start=\"1853\" data-end=\"1867\" data-col-size=\"sm\">Liinikaitse<\/td>\n<td data-start=\"1867\" data-end=\"1892\" data-col-size=\"sm\">16 A (B16 ekvivalent)<\/td>\n<\/tr>\n<tr data-start=\"1893\" data-end=\"1932\">\n<td data-start=\"1893\" data-end=\"1910\" data-col-size=\"sm\">T\u00f6\u00f6temperatuur<\/td>\n<td data-start=\"1910\" data-end=\"1932\" data-col-size=\"sm\">\u201320 \u00b0C kuni +60 \u00b0C<\/td>\n<\/tr>\n<\/tbody>\n<\/table>\n<\/div>\n<\/div>\n<hr data-start=\"1934\" data-end=\"1937\" \/>\n<h2 data-start=\"1939\" data-end=\"1967\">Laadimisre\u017eiim (Charging)<\/h2>\n<div class=\"TyagGW_tableContainer\">\n<div class=\"group TyagGW_tableWrapper flex flex-col-reverse w-fit\" tabindex=\"-1\">\n<table class=\"w-fit min-w-(--thread-content-width)\" data-start=\"1969\" data-end=\"2209\">\n<thead data-start=\"1969\" data-end=\"1993\">\n<tr data-start=\"1969\" data-end=\"1993\">\n<th class=\"\" data-start=\"1969\" data-end=\"1982\" data-col-size=\"sm\">Parameeter<\/th>\n<th class=\"\" data-start=\"1982\" data-end=\"1993\" data-col-size=\"sm\">V\u00e4\u00e4rtus<\/th>\n<\/tr>\n<\/thead>\n<tbody data-start=\"2020\" data-end=\"2209\">\n<tr data-start=\"2020\" data-end=\"2058\">\n<td data-start=\"2020\" data-end=\"2034\" data-col-size=\"sm\">Sisendpinge<\/td>\n<td data-start=\"2034\" data-end=\"2058\" data-col-size=\"sm\">230\u2013240 V AC \/ 50 Hz<\/td>\n<\/tr>\n<tr data-start=\"2059\" data-end=\"2093\">\n<td data-start=\"2059\" data-end=\"2077\" data-col-size=\"sm\">Laadimisv\u00f5imsus<\/td>\n<td data-start=\"2077\" data-end=\"2093\" data-col-size=\"sm\">1.0 kW (4 A)<\/td>\n<\/tr>\n<tr data-start=\"2094\" data-end=\"2128\">\n<td data-start=\"2094\" data-end=\"2115\" data-col-size=\"sm\">Laadimisaeg 0\u2013100%<\/td>\n<td data-start=\"2115\" data-end=\"2128\" data-col-size=\"sm\">&lt; 3 tundi<\/td>\n<\/tr>\n<tr data-start=\"2129\" data-end=\"2166\">\n<td data-start=\"2129\" data-end=\"2149\" data-col-size=\"sm\">Laadimisaeg 0\u201380%<\/td>\n<td data-start=\"2149\" data-end=\"2166\" data-col-size=\"sm\">~ 1.5\u20132 tundi<\/td>\n<\/tr>\n<tr data-start=\"2167\" data-end=\"2209\">\n<td data-start=\"2167\" data-end=\"2189\" data-col-size=\"sm\">Laadimistemperatuur<\/td>\n<td data-start=\"2189\" data-end=\"2209\" data-col-size=\"sm\">0 \u00b0C kuni +45 \u00b0C<\/td>\n<\/tr>\n<\/tbody>\n<\/table>\n<\/div>\n<\/div>\n<hr data-start=\"2211\" data-end=\"2214\" \/>\n<h2 data-start=\"2216\" data-end=\"2240\">Aku ja konstruktsioon<\/h2>\n<div class=\"TyagGW_tableContainer\">\n<div class=\"group TyagGW_tableWrapper flex flex-col-reverse w-fit\" tabindex=\"-1\">\n<table class=\"w-fit min-w-(--thread-content-width)\" data-start=\"2242\" data-end=\"2524\">\n<thead data-start=\"2242\" data-end=\"2266\">\n<tr data-start=\"2242\" data-end=\"2266\">\n<th class=\"\" data-start=\"2242\" data-end=\"2255\" data-col-size=\"sm\">Parameeter<\/th>\n<th class=\"\" data-start=\"2255\" data-end=\"2266\" data-col-size=\"sm\">V\u00e4\u00e4rtus<\/th>\n<\/tr>\n<\/thead>\n<tbody data-start=\"2293\" data-end=\"2524\">\n<tr data-start=\"2293\" data-end=\"2319\">\n<td data-start=\"2293\" data-end=\"2308\" data-col-size=\"sm\">Aku mahtuvus<\/td>\n<td data-start=\"2308\" data-end=\"2319\" data-col-size=\"sm\">2.1 kWh<\/td>\n<\/tr>\n<tr data-start=\"2320\" data-end=\"2336\">\n<td data-start=\"2320\" data-end=\"2327\" data-col-size=\"sm\">Kaal<\/td>\n<td data-start=\"2327\" data-end=\"2336\" data-col-size=\"sm\">20 kg<\/td>\n<\/tr>\n<tr data-start=\"2337\" data-end=\"2369\">\n<td data-start=\"2337\" data-end=\"2347\" data-col-size=\"sm\">M\u00f5\u00f5tmed<\/td>\n<td data-start=\"2347\" data-end=\"2369\" data-col-size=\"sm\">420 \u00d7 210 \u00d7 420 mm<\/td>\n<\/tr>\n<tr data-start=\"2370\" data-end=\"2392\">\n<td data-start=\"2370\" data-end=\"2384\" data-col-size=\"sm\">Kaitseklass<\/td>\n<td data-start=\"2384\" data-end=\"2392\" data-col-size=\"sm\">IP54<\/td>\n<\/tr>\n<tr data-start=\"2393\" data-end=\"2451\">\n<td data-start=\"2393\" data-end=\"2419\" data-col-size=\"sm\">Elektriline kaitseklass<\/td>\n<td data-start=\"2419\" data-end=\"2451\" data-col-size=\"sm\">Class II \/ topeltisolatsioon<\/td>\n<\/tr>\n<tr data-start=\"2452\" data-end=\"2477\">\n<td data-start=\"2452\" data-end=\"2463\" data-col-size=\"sm\">M\u00fcratase<\/td>\n<td data-start=\"2463\" data-end=\"2477\" data-col-size=\"sm\">&lt; 10 dB(A)<\/td>\n<\/tr>\n<tr data-start=\"2478\" data-end=\"2524\">\n<td data-start=\"2478\" data-end=\"2510\" data-col-size=\"sm\">S\u00e4ilitamine (v\u00e4ljal\u00fclitatult)<\/td>\n<td data-start=\"2510\" data-end=\"2524\" data-col-size=\"sm\">&gt; 3 aastat<\/td>\n<\/tr>\n<\/tbody>\n<\/table>\n<\/div>\n<\/div>\n<hr data-start=\"2526\" data-end=\"2529\" \/>\n<h2 data-start=\"2531\" data-end=\"2556\">Elektrilised \u00fchendused<\/h2>\n<ul data-start=\"2558\" data-end=\"2715\">\n<li data-start=\"2558\" data-end=\"2593\">\n<p data-start=\"2560\" data-end=\"2593\">1 \u00d7 CEE 7\/3 230 V pistik (16 A)<\/p>\n<\/li>\n<li data-start=\"2594\" data-end=\"2637\">\n<p data-start=\"2596\" data-end=\"2637\">1 \u00d7 Neutrik powerCON TRUE1 TOP\u00ae v\u00e4ljund<\/p>\n<\/li>\n<li data-start=\"2638\" data-end=\"2688\">\n<p data-start=\"2640\" data-end=\"2688\">1 \u00d7 Neutrik powerCON TRUE1 TOP\u00ae laadimissisend<\/p>\n<\/li>\n<li data-start=\"2689\" data-end=\"2715\">\n<p data-start=\"2691\" data-end=\"2715\">Sisendkaitse: T5A L 250V<\/p>\n<\/li>\n<\/ul>\n<hr data-start=\"2717\" data-end=\"2720\" \/>\n<h1 data-start=\"2722\" data-end=\"2748\">T\u00f6\u00f6v\u00f5ime n\u00e4ited ehitusel<\/h1>\n<p data-start=\"2750\" data-end=\"2782\">Instagrid ONE v\u00f5imaldab n\u00e4iteks:<\/p>\n<ul data-start=\"2784\" data-end=\"3089\">\n<li data-start=\"2784\" data-end=\"2842\">\n<p data-start=\"2786\" data-end=\"2842\">2 700 W betoonil\u00f5ikuriga ~38 l\u00f5iget (\u00d8110 mm malmtoru)<\/p>\n<\/li>\n<li data-start=\"2843\" data-end=\"2903\">\n<p data-start=\"2845\" data-end=\"2903\">3 000 W keevitusinverteriga kuni 89 elektroodi (\u00d82.5 mm)<\/p>\n<\/li>\n<li data-start=\"2904\" data-end=\"2944\">\n<p data-start=\"2906\" data-end=\"2944\">2 200 W l\u00f5hkujaga ~7.5 tonni betooni<\/p>\n<\/li>\n<li data-start=\"2945\" data-end=\"3003\">\n<p data-start=\"2947\" data-end=\"3003\">3 300 W teemantpuuriga ~32 ava (\u00d8150 mm, 150 mm s\u00fcgav)<\/p>\n<\/li>\n<li data-start=\"3004\" data-end=\"3046\">\n<p data-start=\"3006\" data-end=\"3046\">1 400 W magnetpuuriga ~223 ava terases<\/p>\n<\/li>\n<li data-start=\"3047\" data-end=\"3089\">\n<p data-start=\"3049\" data-end=\"3089\">3 000 W survepesuriga ~60 m\u00b2 puhastust<\/p>\n<\/li>\n<\/ul>\n<hr data-start=\"3091\" data-end=\"3094\" \/>\n<h1 data-start=\"3096\" data-end=\"3135\">S\u00fcsteemi laiendamine \u2013 Instagrid LINK<\/h1>\n<p data-start=\"3137\" data-end=\"3175\">Instagrid ONE s\u00fcsteemi saab laiendada:<\/p>\n<ul data-start=\"3177\" data-end=\"3360\">\n<li data-start=\"3177\" data-end=\"3239\">\n<p data-start=\"3179\" data-end=\"3239\">Island Mode \u2013 kuni 3 seadet paralleelselt (3\u00d7 energiamaht)<\/p>\n<\/li>\n<li data-start=\"3240\" data-end=\"3279\">\n<p data-start=\"3242\" data-end=\"3279\">Hot-swap v\u00f5imalus pikemaks t\u00f6\u00f6ajaks<\/p>\n<\/li>\n<li data-start=\"3280\" data-end=\"3324\">\n<p data-start=\"3282\" data-end=\"3324\">Katkematu toide kriitilistele seadmetele<\/p>\n<\/li>\n<li data-start=\"3325\" data-end=\"3360\">\n<p data-start=\"3327\" data-end=\"3360\">RCD-kaitsega mitme seadme toide<\/p>\n<\/li>\n<\/ul>\n<hr data-start=\"3362\" data-end=\"3365\" \/>\n<h1 data-start=\"3367\" data-end=\"3402\">Digitaalne haldus \u2013 Instagrid App<\/h1>\n<ul data-start=\"3404\" data-end=\"3555\">\n<li data-start=\"3404\" data-end=\"3451\">\n<p data-start=\"3406\" data-end=\"3451\">Reaalajas aku laetus, t\u00f6\u00f6aeg ja temperatuur<\/p>\n<\/li>\n<li data-start=\"3452\" data-end=\"3495\">\n<p data-start=\"3454\" data-end=\"3495\">Seadme asukoha j\u00e4lgimine (varguskaitse)<\/p>\n<\/li>\n<li data-start=\"3496\" data-end=\"3527\">\n<p data-start=\"3498\" data-end=\"3527\">Energiatarbimise statistika<\/p>\n<\/li>\n<li data-start=\"3528\" data-end=\"3555\">\n<p data-start=\"3530\" data-end=\"3555\">Kogu seadmepargi haldus<\/p>\n<\/li>\n<\/ul>\n<p data-start=\"3749\" data-end=\"3884\">\n","protected":false},"excerpt":{"rendered":"<p><strong data-start=\"319\" data-end=\"336\">Instagrid ONE<\/strong> on 230 V \/ 16 A v\u00f5rguv\u00f5imsusega samav\u00e4\u00e4rne kaasaskantav elektrijaam, mis pakub <strong data-start=\"416\" data-end=\"474\">3 600 W pidevat v\u00f5imsust ja kuni 18 000 W tippv\u00f5imsust<\/strong>. Seade t\u00f6\u00f6tab t\u00e4iesti heitmevabalt, m\u00fcravabalt (&lt;10 dB) ja sobib kasutamiseks nii sise- kui v\u00e4listingimustes (IP54). T\u00e4islaadimine toimub alla 3 tunni.<\/p>\n","protected":false},"featured_media":731,"comment_status":"open","ping_status":"closed","template":"","meta":[],"product_brand":[],"product_cat":[78],"product_tag":[],"class_list":{"0":"post-729","1":"product","2":"type-product","3":"status-publish","4":"has-post-thumbnail","6":"product_cat-instagrid","8":"first","9":"instock","10":"shipping-taxable","11":"purchasable","12":"product-type-simple"},"jetpack_sharing_enabled":true,"_links":{"self":[{"href":"https:\/\/letrum.ee\/index.php?rest_route=\/wp\/v2\/product\/729","targetHints":{"allow":["GET"]}}],"collection":[{"href":"https:\/\/letrum.ee\/index.php?rest_route=\/wp\/v2\/product"}],"about":[{"href":"https:\/\/letrum.ee\/index.php?rest_route=\/wp\/v2\/types\/product"}],"replies":[{"embeddable":true,"href":"https:\/\/letrum.ee\/index.php?rest_route=%2Fwp%2Fv2%2Fcomments&post=729"}],"wp:featuredmedia":[{"embeddable":true,"href":"https:\/\/letrum.ee\/index.php?rest_route=\/wp\/v2\/media\/731"}],"wp:attachment":[{"href":"https:\/\/letrum.ee\/index.php?rest_route=%2Fwp%2Fv2%2Fmedia&parent=729"}],"wp:term":[{"taxonomy":"product_brand","embeddable":true,"href":"https:\/\/letrum.ee\/index.php?rest_route=%2Fwp%2Fv2%2Fproduct_brand&post=729"},{"taxonomy":"product_cat","embeddable":true,"href":"https:\/\/letrum.ee\/index.php?rest_route=%2Fwp%2Fv2%2Fproduct_cat&post=729"},{"taxonomy":"product_tag","embeddable":true,"href":"https:\/\/letrum.ee\/index.php?rest_route=%2Fwp%2Fv2%2Fproduct_tag&post=729"}],"curies":[{"name":"wp","href":"https:\/\/api.w.org\/{rel}","templated":true}]}}