{"id":725,"date":"2026-02-27T16:45:45","date_gmt":"2026-02-27T14:45:45","guid":{"rendered":"https:\/\/letrum.ee\/?post_type=product&#038;p=725"},"modified":"2026-02-27T16:45:45","modified_gmt":"2026-02-27T14:45:45","slug":"starparts-flame-adf-automaatselt-tumenev-keevitusmask","status":"publish","type":"product","link":"https:\/\/letrum.ee\/?product=starparts-flame-adf-automaatselt-tumenev-keevitusmask","title":{"rendered":"Starparts Flame ADF automaatselt tumenev keevitusmask"},"content":{"rendered":"<h3 data-path-to-node=\"8\"><b data-path-to-node=\"8\" data-index-in-node=\"0\">Toote detailne kirjeldus<\/b><\/h3>\n<p data-path-to-node=\"9\">Starparts Flame ADF kiiver on disainitud keevitaja vajadusi silmas pidades, \u00fchendades endas ergonoomilise kesta ja t\u00e4iustatud tehnilised omadused.<\/p>\n<ul data-path-to-node=\"10\">\n<li>\n<p data-path-to-node=\"10,0,0\"><b data-path-to-node=\"10,0,0\" data-index-in-node=\"0\">Mugavus ja vastupidavus:<\/b> Kiiver on valmistatud kergest nailonist, mis v\u00e4hendab kasutaja v\u00e4simust ja tagab mugavuse ka pikkade keevitust\u00f6\u00f6de ajal.<\/p>\n<\/li>\n<li>\n<p data-path-to-node=\"10,1,0\"><b data-path-to-node=\"10,1,0\" data-index-in-node=\"0\">T\u00e4pne kontroll:<\/b> V\u00e4lised reguleerimisseadmed v\u00f5imaldavad sujuvalt kohandada tumedusastet vastavalt valgusoludele.<\/p>\n<\/li>\n<li>\n<p data-path-to-node=\"10,2,0\"><b data-path-to-node=\"10,2,0\" data-index-in-node=\"0\">Suurep\u00e4rane n\u00e4htavus:<\/b> 95 x 39 mm vaateala ja kaks kaaresensorit tagavad t\u00e4pse keevituskaare tuvastuse ja selge vaate t\u00f6\u00f6piirkonnale.<\/p>\n<\/li>\n<li>\n<p data-path-to-node=\"10,3,0\"><b data-path-to-node=\"10,3,0\" data-index-in-node=\"0\">Kiirus ja efektiivsus:<\/b> 0,3 ms l\u00fclitumiskiirus ja reguleeritav tundlikkus (viivitus 0,1\u20130,8 sekundit) aitavad saavutada sujuva t\u00f6\u00f6protsessi.<\/p>\n<\/li>\n<li>\n<p data-path-to-node=\"10,4,0\"><b data-path-to-node=\"10,4,0\" data-index-in-node=\"0\">Ohutus ja kvaliteet:<\/b> Kiiver vastab k\u00f5rgetele ohutusstandarditele (EN175B, EN379) ning omab optilist klassifikatsiooni 1\/1\/1\/2.<\/p>\n<\/li>\n<\/ul>\n","protected":false},"excerpt":{"rendered":"<p>Toote detailne kirjeldus Starparts Flame ADF kiiver on disainitud keevitaja vajadusi silmas pidades, \u00fchendades endas ergonoomilise kesta ja t\u00e4iustatud tehnilised omadused. Mugavus ja vastupidavus: Kiiver on valmistatud kergest nailonist, mis v\u00e4hendab kasutaja v\u00e4simust ja tagab mugavuse ka pikkade keevitust\u00f6\u00f6de ajal. T\u00e4pne kontroll: V\u00e4lised reguleerimisseadmed v\u00f5imaldavad sujuvalt kohandada tumedusastet vastavalt valgusoludele. Suurep\u00e4rane n\u00e4htavus: 95 x 39 mm vaateala ja kaks kaaresensorit tagavad t\u00e4pse keevituskaare tuvastuse ja selge vaate t\u00f6\u00f6piirkonnale. Kiirus ja efektiivsus: 0,3 ms l\u00fclitumiskiirus ja reguleeritav tundlikkus (viivitus 0,1\u20130,8 sekundit) aitavad saavutada sujuva t\u00f6\u00f6protsessi. Ohutus ja kvaliteet: Kiiver vastab k\u00f5rgetele ohutusstandarditele (EN175B, EN379) ning omab optilist klassifikatsiooni 1\/1\/1\/2.<\/p>\n","protected":false},"featured_media":726,"comment_status":"open","ping_status":"closed","template":"","meta":[],"product_brand":[],"product_cat":[70],"product_tag":[],"class_list":{"0":"post-725","1":"product","2":"type-product","3":"status-publish","4":"has-post-thumbnail","6":"product_cat-keevitus-maskid","8":"first","9":"instock","10":"shipping-taxable","11":"purchasable","12":"product-type-simple"},"jetpack_sharing_enabled":true,"_links":{"self":[{"href":"https:\/\/letrum.ee\/index.php?rest_route=\/wp\/v2\/product\/725","targetHints":{"allow":["GET"]}}],"collection":[{"href":"https:\/\/letrum.ee\/index.php?rest_route=\/wp\/v2\/product"}],"about":[{"href":"https:\/\/letrum.ee\/index.php?rest_route=\/wp\/v2\/types\/product"}],"replies":[{"embeddable":true,"href":"https:\/\/letrum.ee\/index.php?rest_route=%2Fwp%2Fv2%2Fcomments&post=725"}],"wp:featuredmedia":[{"embeddable":true,"href":"https:\/\/letrum.ee\/index.php?rest_route=\/wp\/v2\/media\/726"}],"wp:attachment":[{"href":"https:\/\/letrum.ee\/index.php?rest_route=%2Fwp%2Fv2%2Fmedia&parent=725"}],"wp:term":[{"taxonomy":"product_brand","embeddable":true,"href":"https:\/\/letrum.ee\/index.php?rest_route=%2Fwp%2Fv2%2Fproduct_brand&post=725"},{"taxonomy":"product_cat","embeddable":true,"href":"https:\/\/letrum.ee\/index.php?rest_route=%2Fwp%2Fv2%2Fproduct_cat&post=725"},{"taxonomy":"product_tag","embeddable":true,"href":"https:\/\/letrum.ee\/index.php?rest_route=%2Fwp%2Fv2%2Fproduct_tag&post=725"}],"curies":[{"name":"wp","href":"https:\/\/api.w.org\/{rel}","templated":true}]}}