{"id":720,"date":"2026-02-27T16:40:04","date_gmt":"2026-02-27T14:40:04","guid":{"rendered":"https:\/\/letrum.ee\/?post_type=product&#038;p=720"},"modified":"2026-02-27T16:41:26","modified_gmt":"2026-02-27T14:41:26","slug":"720","status":"publish","type":"product","link":"https:\/\/letrum.ee\/?product=720","title":{"rendered":"Navishock S4 keevitus- ja lihvimiskiiver koos Airkem\u00ae puhurplokiga (A1B1E1PRSL filtreerimine)"},"content":{"rendered":"<h3 data-path-to-node=\"5\"><b data-path-to-node=\"5\" data-index-in-node=\"0\">Toote detailne kirjeldus<\/b><\/h3>\n<p data-path-to-node=\"6\">S\u00fcsteem on loodud ohutust ja tootlikkust silmas pidades, pakkudes t\u00e4ielikku kaitset ka k\u00f5ige n\u00f5udlikumates t\u00f6\u00f6tingimustes.<\/p>\n<p data-path-to-node=\"7\"><b data-path-to-node=\"7\" data-index-in-node=\"0\">Ohutus ja hingamiskaitse:<\/b><\/p>\n<ul data-path-to-node=\"8\">\n<li>\n<p data-path-to-node=\"8,0,0\"><b data-path-to-node=\"8,0,0\" data-index-in-node=\"0\">Puhastatud \u00f5huvarustus:<\/b> Integreeritud \u00f5hukanal tarnib puhastatud \u00f5hku nelja reguleeritava kiirusega (180\u2013220 l\/m), kaitstes kasutajat kahjulike osakeste eest <b data-path-to-node=\"8,0,0\" data-index-in-node=\"158\">ABEP-klassi<\/b> filtreerimisega.<\/p>\n<\/li>\n<li>\n<p data-path-to-node=\"8,1,0\"><b data-path-to-node=\"8,1,0\" data-index-in-node=\"0\">Nutikad alarmid:<\/b> Katkestuste v\u00e4ltimiseks on s\u00fcsteem varustatud nii kuuldavate kui ka visuaalsete alarmidega, mis hoiatavad ummistunud filtri v\u00f5i madala akutase eest.<\/p>\n<\/li>\n<li>\n<p data-path-to-node=\"8,2,0\"><b data-path-to-node=\"8,2,0\" data-index-in-node=\"0\">Vastavus standarditele:<\/b> S\u00fcsteem vastab j\u00e4rgmistele Euroopa ohutusstandarditele: <b data-path-to-node=\"8,2,0\" data-index-in-node=\"80\">EN12941:1998+A2:2008<\/b>, <b data-path-to-node=\"8,2,0\" data-index-in-node=\"102\">EN166:2001<\/b>, <b data-path-to-node=\"8,2,0\" data-index-in-node=\"114\">EN175:1997<\/b>, <b data-path-to-node=\"8,2,0\" data-index-in-node=\"126\">EN379:2003 + A1:2009<\/b> ja <b data-path-to-node=\"8,2,0\" data-index-in-node=\"150\">EN397:2012 + A1:2012<\/b>.<\/p>\n<\/li>\n<\/ul>\n<p data-path-to-node=\"9\"><b data-path-to-node=\"9\" data-index-in-node=\"0\">Mugavus ja funktsionaalsus:<\/b><\/p>\n<ul data-path-to-node=\"10\">\n<li>\n<p data-path-to-node=\"10,0,0\"><b data-path-to-node=\"10,0,0\" data-index-in-node=\"0\">Reguleeritav sobivus:<\/b> 6-punktiline pearakmed ja turvaline l\u00f5uarihm tagavad kindla ja reguleeritava istuvuse ka pikaajalisel kasutamisel.<\/p>\n<\/li>\n<li>\n<p data-path-to-node=\"10,1,0\"><b data-path-to-node=\"10,1,0\" data-index-in-node=\"0\">Pikaajaline t\u00f6\u00f6aeg:<\/b> Raskeveokite t\u00f6\u00f6deks on saadaval lisavarustusena 6-elemendiline liitiumioonaku, mis pakub kuni <b data-path-to-node=\"10,1,0\" data-index-in-node=\"115\">14 tundi<\/b> t\u00f6\u00f6aega.<\/p>\n<\/li>\n<li>\n<p data-path-to-node=\"10,2,0\"><b data-path-to-node=\"10,2,0\" data-index-in-node=\"0\">Lisav\u00f5imalused:<\/b> Suurema fookuse ja tootlikkuse tagamiseks on s\u00fcsteemil s\u00e4demekaitse, eelfilter ning v\u00f5imalus lisada kuulmiskaitsevahendid (m\u00fcrasummutus kuni <b data-path-to-node=\"10,2,0\" data-index-in-node=\"157\">SNR 30dB<\/b>).<\/p>\n<\/li>\n<li>\n<table data-path-to-node=\"13\">\n<thead>\n<tr>\n<td><strong>Omadus<\/strong><\/td>\n<td><strong>Kirjeldus<\/strong><\/td>\n<\/tr>\n<\/thead>\n<tbody>\n<tr>\n<td><span data-path-to-node=\"13,1,0,0\"><b data-path-to-node=\"13,1,0,0\" data-index-in-node=\"0\">\u00d5huvoolu kiirused<\/b><\/span><\/td>\n<td><span data-path-to-node=\"13,1,1,0\">4 reguleeritavat kiirust (180\u2013220 l\/m)<\/span><\/td>\n<\/tr>\n<tr>\n<td><span data-path-to-node=\"13,2,0,0\"><b data-path-to-node=\"13,2,0,0\" data-index-in-node=\"0\">Filtreerimine<\/b><\/span><\/td>\n<td><span data-path-to-node=\"13,2,1,0\">ABEP-klass<\/span><\/td>\n<\/tr>\n<tr>\n<td><span data-path-to-node=\"13,3,0,0\"><b data-path-to-node=\"13,3,0,0\" data-index-in-node=\"0\">Standardid<\/b><\/span><\/td>\n<td><span data-path-to-node=\"13,3,1,0\">EN12941, EN166, EN175, EN379, EN397<\/span><\/td>\n<\/tr>\n<tr>\n<td><span data-path-to-node=\"13,4,0,0\"><b data-path-to-node=\"13,4,0,0\" data-index-in-node=\"0\">Aku t\u00f6\u00f6aeg (opt.)<\/b><\/span><\/td>\n<td><span data-path-to-node=\"13,4,1,0\">Kuni 14 tundi (6-elemendiline aku)<\/span><\/td>\n<\/tr>\n<tr>\n<td><span data-path-to-node=\"13,5,0,0\"><b data-path-to-node=\"13,5,0,0\" data-index-in-node=\"0\">Kuulmiskaitse (opt.)<\/b><\/span><\/td>\n<td><span data-path-to-node=\"13,5,1,0\">SNR kuni 30dB<\/span><\/td>\n<\/tr>\n<tr>\n<td><span data-path-to-node=\"13,6,0,0\"><b data-path-to-node=\"13,6,0,0\" data-index-in-node=\"0\">Lisafunktsioonid<\/b><\/span><\/td>\n<td><span data-path-to-node=\"13,6,1,0\">S\u00e4demekaitse, eelfilter, alarmid (filter\/aku)<\/span><\/td>\n<\/tr>\n<\/tbody>\n<\/table>\n<\/li>\n<\/ul>\n","protected":false},"excerpt":{"rendered":"<p>Tipptasemel <b data-path-to-node=\"3\" data-index-in-node=\"12\">Airfed keevitus- ja lihvimiss\u00fcsteem<\/b> \u00fchendab endas kerge kaitsekiivri ja suure selge visiiri, tagades maksimaalse mugavuse ja takistusteta vaatev\u00e4lja t\u00e4ppist\u00f6\u00f6ks. S\u00fcsteem on konstrueeritud pakkuma usaldusv\u00e4\u00e4rset kaitset l\u00f6\u00f6kide ja prahi eest, vastates <b data-path-to-node=\"3\" data-index-in-node=\"263\">EN 166B<\/b> ja <b data-path-to-node=\"3\" data-index-in-node=\"274\">EN 175B<\/b> standarditele.<\/p>\n","protected":false},"featured_media":724,"comment_status":"open","ping_status":"closed","template":"","meta":[],"product_brand":[],"product_cat":[70],"product_tag":[],"class_list":{"0":"post-720","1":"product","2":"type-product","3":"status-publish","4":"has-post-thumbnail","6":"product_cat-keevitus-maskid","8":"first","9":"instock","10":"shipping-taxable","11":"purchasable","12":"product-type-simple"},"jetpack_sharing_enabled":true,"_links":{"self":[{"href":"https:\/\/letrum.ee\/index.php?rest_route=\/wp\/v2\/product\/720","targetHints":{"allow":["GET"]}}],"collection":[{"href":"https:\/\/letrum.ee\/index.php?rest_route=\/wp\/v2\/product"}],"about":[{"href":"https:\/\/letrum.ee\/index.php?rest_route=\/wp\/v2\/types\/product"}],"replies":[{"embeddable":true,"href":"https:\/\/letrum.ee\/index.php?rest_route=%2Fwp%2Fv2%2Fcomments&post=720"}],"wp:featuredmedia":[{"embeddable":true,"href":"https:\/\/letrum.ee\/index.php?rest_route=\/wp\/v2\/media\/724"}],"wp:attachment":[{"href":"https:\/\/letrum.ee\/index.php?rest_route=%2Fwp%2Fv2%2Fmedia&parent=720"}],"wp:term":[{"taxonomy":"product_brand","embeddable":true,"href":"https:\/\/letrum.ee\/index.php?rest_route=%2Fwp%2Fv2%2Fproduct_brand&post=720"},{"taxonomy":"product_cat","embeddable":true,"href":"https:\/\/letrum.ee\/index.php?rest_route=%2Fwp%2Fv2%2Fproduct_cat&post=720"},{"taxonomy":"product_tag","embeddable":true,"href":"https:\/\/letrum.ee\/index.php?rest_route=%2Fwp%2Fv2%2Fproduct_tag&post=720"}],"curies":[{"name":"wp","href":"https:\/\/api.w.org\/{rel}","templated":true}]}}