{"id":707,"date":"2026-02-27T15:52:50","date_gmt":"2026-02-27T13:52:50","guid":{"rendered":"https:\/\/letrum.ee\/?post_type=product&#038;p=707"},"modified":"2026-02-27T16:20:56","modified_gmt":"2026-02-27T14:20:56","slug":"wilkinson-star-titanium-tig-kapp-euro","status":"publish","type":"product","link":"https:\/\/letrum.ee\/?product=wilkinson-star-titanium-tig-kapp-euro","title":{"rendered":"Wilkinson Star TITANIUM TIG k\u00e4pp Euro"},"content":{"rendered":"<h3 data-path-to-node=\"4\"><b data-path-to-node=\"4\" data-index-in-node=\"0\">Peamised omadused<\/b><\/h3>\n<ul data-path-to-node=\"5\">\n<li>\n<p data-path-to-node=\"5,0,0\"><b data-path-to-node=\"5,0,0\" data-index-in-node=\"0\">Mitmek\u00fclgsus:<\/b> Mudelid 9, 17, 18, 20 ja 26 katavad k\u00f5ik vajadused kergetest kuni rasketest t\u00f6\u00f6stuslikest t\u00f6\u00f6dest.<\/p>\n<\/li>\n<li>\n<p data-path-to-node=\"5,1,0\"><b data-path-to-node=\"5,1,0\" data-index-in-node=\"0\">Paindlikkus:<\/b> &#8220;F&#8221; t\u00e4hisega mudelid on varustatud painduva p\u00f5letipeaga, mis parandab man\u00f6\u00f6verdamisv\u00f5imet kitsastes kohtades.<\/p>\n<\/li>\n<li>\n<p data-path-to-node=\"5,2,0\"><b data-path-to-node=\"5,2,0\" data-index-in-node=\"0\">Ergonoomika:<\/b> P\u00f5letid on disainitud stabiilse k\u00e4sitsemise ja v\u00e4hese v\u00e4simuse tagamiseks pikkadel t\u00f6\u00f6perioodidel.<\/p>\n<\/li>\n<li>\n<p data-path-to-node=\"5,3,0\"><b data-path-to-node=\"5,3,0\" data-index-in-node=\"0\">Komplektsus:<\/b> Iga pakett on valmis koheseks kasutamiseks.<\/p>\n<\/li>\n<li>\n<table data-path-to-node=\"8\">\n<thead>\n<tr>\n<td><strong>Mudel<\/strong><\/td>\n<td><strong>Pikkus (ft\/m)<\/strong><\/td>\n<td><strong>Hind (EUR)<\/strong><\/td>\n<\/tr>\n<\/thead>\n<tbody>\n<tr>\n<td><span data-path-to-node=\"8,1,0,0\"><b data-path-to-node=\"8,1,0,0\" data-index-in-node=\"0\">T9<\/b><\/span><\/td>\n<td><span data-path-to-node=\"8,1,1,0\">12.5&#8242; \/ 3.8m<\/span><\/td>\n<td><span data-path-to-node=\"8,1,2,0\"><b data-path-to-node=\"8,1,2,0\" data-index-in-node=\"0\">106.00<\/b><\/span><\/td>\n<\/tr>\n<tr>\n<td><span data-path-to-node=\"8,2,0,0\"><b data-path-to-node=\"8,2,0,0\" data-index-in-node=\"0\">T9<\/b><\/span><\/td>\n<td><span data-path-to-node=\"8,2,1,0\">25&#8242; \/ 7.6m<\/span><\/td>\n<td><span data-path-to-node=\"8,2,2,0\"><b data-path-to-node=\"8,2,2,0\" data-index-in-node=\"0\">154.00<\/b><\/span><\/td>\n<\/tr>\n<tr>\n<td><span data-path-to-node=\"8,3,0,0\"><b data-path-to-node=\"8,3,0,0\" data-index-in-node=\"0\">T9F<\/b><\/span><\/td>\n<td><span data-path-to-node=\"8,3,1,0\">12.5&#8242; \/ 3.8m<\/span><\/td>\n<td><span data-path-to-node=\"8,3,2,0\"><b data-path-to-node=\"8,3,2,0\" data-index-in-node=\"0\">109.00<\/b><\/span><\/td>\n<\/tr>\n<tr>\n<td><span data-path-to-node=\"8,4,0,0\"><b data-path-to-node=\"8,4,0,0\" data-index-in-node=\"0\">T9F<\/b><\/span><\/td>\n<td><span data-path-to-node=\"8,4,1,0\">25&#8242; \/ 7.6m<\/span><\/td>\n<td><span data-path-to-node=\"8,4,2,0\"><b data-path-to-node=\"8,4,2,0\" data-index-in-node=\"0\">158.00<\/b><\/span><\/td>\n<\/tr>\n<tr>\n<td><span data-path-to-node=\"8,5,0,0\"><b data-path-to-node=\"8,5,0,0\" data-index-in-node=\"0\">T17<\/b><\/span><\/td>\n<td><span data-path-to-node=\"8,5,1,0\">12.5&#8242; \/ 3.8m<\/span><\/td>\n<td><span data-path-to-node=\"8,5,2,0\"><b data-path-to-node=\"8,5,2,0\" data-index-in-node=\"0\">112.00<\/b><\/span><\/td>\n<\/tr>\n<tr>\n<td><span data-path-to-node=\"8,6,0,0\"><b data-path-to-node=\"8,6,0,0\" data-index-in-node=\"0\">T17<\/b><\/span><\/td>\n<td><span data-path-to-node=\"8,6,1,0\">25&#8242; \/ 7.6m<\/span><\/td>\n<td><span data-path-to-node=\"8,6,2,0\"><b data-path-to-node=\"8,6,2,0\" data-index-in-node=\"0\">160.50<\/b><\/span><\/td>\n<\/tr>\n<tr>\n<td><span data-path-to-node=\"8,7,0,0\"><b data-path-to-node=\"8,7,0,0\" data-index-in-node=\"0\">T17F<\/b><\/span><\/td>\n<td><span data-path-to-node=\"8,7,1,0\">12.5&#8242; \/ 3.8m<\/span><\/td>\n<td><span data-path-to-node=\"8,7,2,0\"><b data-path-to-node=\"8,7,2,0\" data-index-in-node=\"0\">118.50<\/b><\/span><\/td>\n<\/tr>\n<tr>\n<td><span data-path-to-node=\"8,8,0,0\"><b data-path-to-node=\"8,8,0,0\" data-index-in-node=\"0\">T17F<\/b><\/span><\/td>\n<td><span data-path-to-node=\"8,8,1,0\">25&#8242; \/ 7.6m<\/span><\/td>\n<td><span data-path-to-node=\"8,8,2,0\"><b data-path-to-node=\"8,8,2,0\" data-index-in-node=\"0\">166.50<\/b><\/span><\/td>\n<\/tr>\n<tr>\n<td><span data-path-to-node=\"8,9,0,0\"><b data-path-to-node=\"8,9,0,0\" data-index-in-node=\"0\">T18<\/b><\/span><\/td>\n<td><span data-path-to-node=\"8,9,1,0\">12.5&#8242; \/ 3.8m<\/span><\/td>\n<td><span data-path-to-node=\"8,9,2,0\"><b data-path-to-node=\"8,9,2,0\" data-index-in-node=\"0\">124.50<\/b><\/span><\/td>\n<\/tr>\n<tr>\n<td><span data-path-to-node=\"8,10,0,0\"><b data-path-to-node=\"8,10,0,0\" data-index-in-node=\"0\">T18<\/b><\/span><\/td>\n<td><span data-path-to-node=\"8,10,1,0\">25&#8242; \/ 7.6m<\/span><\/td>\n<td><span data-path-to-node=\"8,10,2,0\"><b data-path-to-node=\"8,10,2,0\" data-index-in-node=\"0\">197.00<\/b><\/span><\/td>\n<\/tr>\n<tr>\n<td><span data-path-to-node=\"8,11,0,0\"><b data-path-to-node=\"8,11,0,0\" data-index-in-node=\"0\">T18F<\/b><\/span><\/td>\n<td><span data-path-to-node=\"8,11,1,0\">12.5&#8242; \/ 3.8m<\/span><\/td>\n<td><span data-path-to-node=\"8,11,2,0\"><b data-path-to-node=\"8,11,2,0\" data-index-in-node=\"0\">136.50<\/b><\/span><\/td>\n<\/tr>\n<tr>\n<td><span data-path-to-node=\"8,12,0,0\"><b data-path-to-node=\"8,12,0,0\" data-index-in-node=\"0\">T18F<\/b><\/span><\/td>\n<td><span data-path-to-node=\"8,12,1,0\">25&#8242; \/ 7.6m<\/span><\/td>\n<td><span data-path-to-node=\"8,12,2,0\"><b data-path-to-node=\"8,12,2,0\" data-index-in-node=\"0\">216.00<\/b><\/span><\/td>\n<\/tr>\n<tr>\n<td><span data-path-to-node=\"8,13,0,0\"><b data-path-to-node=\"8,13,0,0\" data-index-in-node=\"0\">T20<\/b><\/span><\/td>\n<td><span data-path-to-node=\"8,13,1,0\">12.5&#8242; \/ 3.8m<\/span><\/td>\n<td><span data-path-to-node=\"8,13,2,0\"><b data-path-to-node=\"8,13,2,0\" data-index-in-node=\"0\">118.50<\/b><\/span><\/td>\n<\/tr>\n<tr>\n<td><span data-path-to-node=\"8,14,0,0\"><b data-path-to-node=\"8,14,0,0\" data-index-in-node=\"0\">T20<\/b><\/span><\/td>\n<td><span data-path-to-node=\"8,14,1,0\">25&#8242; \/ 7.6m<\/span><\/td>\n<td><span data-path-to-node=\"8,14,2,0\"><b data-path-to-node=\"8,14,2,0\" data-index-in-node=\"0\">158.00<\/b><\/span><\/td>\n<\/tr>\n<tr>\n<td><span data-path-to-node=\"8,15,0,0\"><b data-path-to-node=\"8,15,0,0\" data-index-in-node=\"0\">T20F<\/b><\/span><\/td>\n<td><span data-path-to-node=\"8,15,1,0\">12.5&#8242; \/ 3.8m<\/span><\/td>\n<td><span data-path-to-node=\"8,15,2,0\"><b data-path-to-node=\"8,15,2,0\" data-index-in-node=\"0\">127.50<\/b><\/span><\/td>\n<\/tr>\n<tr>\n<td><span data-path-to-node=\"8,16,0,0\"><b data-path-to-node=\"8,16,0,0\" data-index-in-node=\"0\">T20F<\/b><\/span><\/td>\n<td><span data-path-to-node=\"8,16,1,0\">25&#8242; \/ 7.6m<\/span><\/td>\n<td><span data-path-to-node=\"8,16,2,0\"><b data-path-to-node=\"8,16,2,0\" data-index-in-node=\"0\">166.50<\/b><\/span><\/td>\n<\/tr>\n<tr>\n<td><span data-path-to-node=\"8,17,0,0\"><b data-path-to-node=\"8,17,0,0\" data-index-in-node=\"0\">T26<\/b><\/span><\/td>\n<td><span data-path-to-node=\"8,17,1,0\">12.5&#8242; \/ 3.8m<\/span><\/td>\n<td><span data-path-to-node=\"8,17,2,0\"><b data-path-to-node=\"8,17,2,0\" data-index-in-node=\"0\">136.50<\/b><\/span><\/td>\n<\/tr>\n<tr>\n<td><span data-path-to-node=\"8,18,0,0\"><b data-path-to-node=\"8,18,0,0\" data-index-in-node=\"0\">T26<\/b><\/span><\/td>\n<td><span data-path-to-node=\"8,18,1,0\">25&#8242; \/ 7.6m<\/span><\/td>\n<td><span data-path-to-node=\"8,18,2,0\"><b data-path-to-node=\"8,18,2,0\" data-index-in-node=\"0\">184.50<\/b><\/span><\/td>\n<\/tr>\n<tr>\n<td><span data-path-to-node=\"8,19,0,0\"><b data-path-to-node=\"8,19,0,0\" data-index-in-node=\"0\">T26F<\/b><\/span><\/td>\n<td><span data-path-to-node=\"8,19,1,0\">12.5&#8242; \/ 3.8m<\/span><\/td>\n<td><span data-path-to-node=\"8,19,2,0\"><b data-path-to-node=\"8,19,2,0\" data-index-in-node=\"0\">145.00<\/b><\/span><\/td>\n<\/tr>\n<tr>\n<td><span data-path-to-node=\"8,20,0,0\"><b data-path-to-node=\"8,20,0,0\" data-index-in-node=\"0\">T26F<\/b><\/span><\/td>\n<td><span data-path-to-node=\"8,20,1,0\">25&#8242; \/ 7.6m<\/span><\/td>\n<td><span data-path-to-node=\"8,20,2,0\"><b data-path-to-node=\"8,20,2,0\" data-index-in-node=\"0\">194.00<\/b><\/span><\/td>\n<\/tr>\n<\/tbody>\n<\/table>\n<\/li>\n<\/ul>\n","protected":false},"excerpt":{"rendered":"<p><b data-path-to-node=\"2\" data-index-in-node=\"0\">Titanium TIG-p\u00f5letite seeria<\/b> pakub laia valikut professionaalseid keevitusp\u00f5leteid, mis on kohandatud erinevatele keevitusvajadustele. Valikus on nii fikseeritud kui ka painduva kaelaga (F-seeria) mudelid, mis v\u00f5imaldavad t\u00e4pset ligip\u00e4\u00e4su keerulistes t\u00f6\u00f6asendites.<\/p>\n","protected":false},"featured_media":708,"comment_status":"open","ping_status":"closed","template":"","meta":[],"product_brand":[],"product_cat":[77],"product_tag":[],"class_list":{"0":"post-707","1":"product","2":"type-product","3":"status-publish","4":"has-post-thumbnail","6":"product_cat-keevitus-kapad","8":"first","9":"instock","10":"shipping-taxable","11":"purchasable","12":"product-type-simple"},"jetpack_sharing_enabled":true,"_links":{"self":[{"href":"https:\/\/letrum.ee\/index.php?rest_route=\/wp\/v2\/product\/707","targetHints":{"allow":["GET"]}}],"collection":[{"href":"https:\/\/letrum.ee\/index.php?rest_route=\/wp\/v2\/product"}],"about":[{"href":"https:\/\/letrum.ee\/index.php?rest_route=\/wp\/v2\/types\/product"}],"replies":[{"embeddable":true,"href":"https:\/\/letrum.ee\/index.php?rest_route=%2Fwp%2Fv2%2Fcomments&post=707"}],"wp:featuredmedia":[{"embeddable":true,"href":"https:\/\/letrum.ee\/index.php?rest_route=\/wp\/v2\/media\/708"}],"wp:attachment":[{"href":"https:\/\/letrum.ee\/index.php?rest_route=%2Fwp%2Fv2%2Fmedia&parent=707"}],"wp:term":[{"taxonomy":"product_brand","embeddable":true,"href":"https:\/\/letrum.ee\/index.php?rest_route=%2Fwp%2Fv2%2Fproduct_brand&post=707"},{"taxonomy":"product_cat","embeddable":true,"href":"https:\/\/letrum.ee\/index.php?rest_route=%2Fwp%2Fv2%2Fproduct_cat&post=707"},{"taxonomy":"product_tag","embeddable":true,"href":"https:\/\/letrum.ee\/index.php?rest_route=%2Fwp%2Fv2%2Fproduct_tag&post=707"}],"curies":[{"name":"wp","href":"https:\/\/api.w.org\/{rel}","templated":true}]}}