{"id":704,"date":"2026-02-27T15:42:24","date_gmt":"2026-02-27T13:42:24","guid":{"rendered":"https:\/\/letrum.ee\/?post_type=product&#038;p=704"},"modified":"2026-02-27T15:42:24","modified_gmt":"2026-02-27T13:42:24","slug":"wilkinson-star-spool-on-gun-6m-euro","status":"publish","type":"product","link":"https:\/\/letrum.ee\/?product=wilkinson-star-spool-on-gun-6m-euro","title":{"rendered":"Wilkinson Star Spool on gun 6M Euro"},"content":{"rendered":"<p data-path-to-node=\"6\">Spool-on-Gun s\u00fcsteem on asendamatu t\u00f6\u00f6riist, kui on vaja keevitada pehmeid traate (n\u00e4iteks alumiiniumi) v\u00f5i kui t\u00f6\u00f6 n\u00f5uab liikumisvabadust ja pikka t\u00f6\u00f6raadiust. Kuna traadirull asub otse p\u00f5leti k\u00e4epidemel, on traadi teekond l\u00fchike ja h\u00f5\u00f5rdumine minimaalne.<\/p>\n<p data-path-to-node=\"7\"><b data-path-to-node=\"7\" data-index-in-node=\"0\">Peamised funktsioonid:<\/b><\/p>\n<ul data-path-to-node=\"8\">\n<li>\n<p data-path-to-node=\"8,0,0\"><b data-path-to-node=\"8,0,0\" data-index-in-node=\"0\">Integreeritud etteanne:<\/b> V\u00e4hendab traadi kulumist ja takistab selle &#8220;pesastumist&#8221; (bird-nesting), mis on tavap\u00e4rane probleem pikkade voolikupakettide puhul.<\/p>\n<\/li>\n<li>\n<p data-path-to-node=\"8,1,0\"><b data-path-to-node=\"8,1,0\" data-index-in-node=\"0\">Laiendatud t\u00f6\u00f6raadius:<\/b> 6-meetrine kaabel v\u00f5imaldab mugavat t\u00f6\u00f6d suurem\u00f5\u00f5tmeliste objektide juures, ilma et peaks keevitusseadet pidevalt liigutama.<\/p>\n<\/li>\n<li>\n<p data-path-to-node=\"8,2,0\"><b data-path-to-node=\"8,2,0\" data-index-in-node=\"0\">\u00dchilduvus:<\/b> T\u00e4ielikult \u00fchilduv Jasic MIG inverteritega (mudelid <b data-path-to-node=\"8,2,0\" data-index-in-node=\"63\">JM202C, JM252C, JM352C<\/b>).<\/p>\n<\/li>\n<li>\n<p data-path-to-node=\"8,3,0\"><b data-path-to-node=\"8,3,0\" data-index-in-node=\"0\">Euro-\u00fchendus:<\/b> Standardne kiir\u00fchendus tagab kiire ja turvalise vahetuse olemasoleva MIG-p\u00f5letiga.<\/p>\n<\/li>\n<\/ul>\n","protected":false},"excerpt":{"rendered":"<p><b class=\"\" data-path-to-node=\"3\" data-index-in-node=\"0\">6-meetrine Spool-on-Gun<\/b><span class=\"\"> on integreeritud traadi etteandemehhanismiga MIG-p\u00f5leti,<\/span><span class=\"\"> mis on loodud spetsiaalselt alumiiniumtraadi ja muude pehmete materjalide probleemivabaks keevitamiseks.<\/span><span class=\"\"> See elimineerib traadi libisemise ja sasipuntrad,<\/span><span class=\"\"> tagades \u00fchtlase traadi etteande ka pikkade vahemaade korra<\/span><\/p>\n","protected":false},"featured_media":705,"comment_status":"open","ping_status":"closed","template":"","meta":[],"product_brand":[],"product_cat":[77],"product_tag":[],"class_list":{"0":"post-704","1":"product","2":"type-product","3":"status-publish","4":"has-post-thumbnail","6":"product_cat-keevitus-kapad","8":"first","9":"instock","10":"shipping-taxable","11":"purchasable","12":"product-type-simple"},"jetpack_sharing_enabled":true,"_links":{"self":[{"href":"https:\/\/letrum.ee\/index.php?rest_route=\/wp\/v2\/product\/704","targetHints":{"allow":["GET"]}}],"collection":[{"href":"https:\/\/letrum.ee\/index.php?rest_route=\/wp\/v2\/product"}],"about":[{"href":"https:\/\/letrum.ee\/index.php?rest_route=\/wp\/v2\/types\/product"}],"replies":[{"embeddable":true,"href":"https:\/\/letrum.ee\/index.php?rest_route=%2Fwp%2Fv2%2Fcomments&post=704"}],"wp:featuredmedia":[{"embeddable":true,"href":"https:\/\/letrum.ee\/index.php?rest_route=\/wp\/v2\/media\/705"}],"wp:attachment":[{"href":"https:\/\/letrum.ee\/index.php?rest_route=%2Fwp%2Fv2%2Fmedia&parent=704"}],"wp:term":[{"taxonomy":"product_brand","embeddable":true,"href":"https:\/\/letrum.ee\/index.php?rest_route=%2Fwp%2Fv2%2Fproduct_brand&post=704"},{"taxonomy":"product_cat","embeddable":true,"href":"https:\/\/letrum.ee\/index.php?rest_route=%2Fwp%2Fv2%2Fproduct_cat&post=704"},{"taxonomy":"product_tag","embeddable":true,"href":"https:\/\/letrum.ee\/index.php?rest_route=%2Fwp%2Fv2%2Fproduct_tag&post=704"}],"curies":[{"name":"wp","href":"https:\/\/api.w.org\/{rel}","templated":true}]}}