{"id":683,"date":"2026-02-27T15:18:15","date_gmt":"2026-02-27T13:18:15","guid":{"rendered":"https:\/\/letrum.ee\/?post_type=product&#038;p=683"},"modified":"2026-02-27T15:20:32","modified_gmt":"2026-02-27T13:20:32","slug":"wilkinson-star-hardcore-mig-kapp-euro-3-5m","status":"publish","type":"product","link":"https:\/\/letrum.ee\/?product=wilkinson-star-hardcore-mig-kapp-euro-3-5m","title":{"rendered":"Wilkinson Star Hardcore Mig k\u00e4pp Euro 3-5M"},"content":{"rendered":"<p data-path-to-node=\"6\">HARD CORE seeria MIG-p\u00f5letid on v\u00e4lja t\u00f6\u00f6tatud n\u00f5udlikele keevitajatele, kes vajavad usaldusv\u00e4\u00e4rset t\u00f6\u00f6riista igap\u00e4evaseks intensiivseks kasutuseks. K\u00f5ik mudelid on varustatud standardse Euro-\u00fchendusega, mis tagab kiire ja turvalise \u00fchilduvuse enamiku turul olevate MIG\/MAG keevitusseadmetega.<\/p>\n<p data-path-to-node=\"7\"><b data-path-to-node=\"7\" data-index-in-node=\"0\">Peamised eelised:<\/b><\/p>\n<ul data-path-to-node=\"8\">\n<li>\n<p data-path-to-node=\"8,0,0\"><b data-path-to-node=\"8,0,0\" data-index-in-node=\"0\">K\u00f5rge j\u00f5udlus:<\/b> Saadaval kuni 550A (vesijahutus) v\u00f5imsusastmeni.<\/p>\n<\/li>\n<li>\n<p data-path-to-node=\"8,1,0\"><b data-path-to-node=\"8,1,0\" data-index-in-node=\"0\">Ergonoomiline disain:<\/b> Mugav k\u00e4epide v\u00e4hendab v\u00e4simust pikaajalisel keevitamisel.<\/p>\n<\/li>\n<li>\n<p data-path-to-node=\"8,2,0\"><b data-path-to-node=\"8,2,0\" data-index-in-node=\"0\">Vastupidavus:<\/b> Kvaliteetsed materjalid ja tugev konstruktsioon tagavad pika eluea ka karmides t\u00f6\u00f6tingimustes.<\/p>\n<\/li>\n<li>\n<p data-path-to-node=\"8,3,0\"><b data-path-to-node=\"8,3,0\" data-index-in-node=\"0\">Universaalsus:<\/b> Valikus on nii \u00f5hkjahutusega (300A\/400A) kui ka vesijahutusega (550A) versioonid erinevate kaabli pikkustega<\/p>\n<\/li>\n<li>\n<table data-path-to-node=\"11\">\n<thead>\n<tr>\n<td><strong>Mudel<\/strong><\/td>\n<td><strong>V\u00f5imsus<\/strong><\/td>\n<td><strong>Pikkus<\/strong><\/td>\n<td><strong>Jahutus<\/strong><\/td>\n<td><strong>Hind (EUR)<\/strong><\/td>\n<\/tr>\n<\/thead>\n<tbody>\n<tr>\n<td><span data-path-to-node=\"11,1,0,0\"><b data-path-to-node=\"11,1,0,0\" data-index-in-node=\"0\">HC300-3E<\/b><\/span><\/td>\n<td><span data-path-to-node=\"11,1,1,0\">300A<\/span><\/td>\n<td><span data-path-to-node=\"11,1,2,0\">3m<\/span><\/td>\n<td><span data-path-to-node=\"11,1,3,0\">\u00d5hk<\/span><\/td>\n<td><span data-path-to-node=\"11,1,4,0\"><b data-path-to-node=\"11,1,4,0\" data-index-in-node=\"0\">253.00 \u20ac<\/b><\/span><\/td>\n<\/tr>\n<tr>\n<td><span data-path-to-node=\"11,2,0,0\"><b data-path-to-node=\"11,2,0,0\" data-index-in-node=\"0\">HC300-4E<\/b><\/span><\/td>\n<td><span data-path-to-node=\"11,2,1,0\">300A<\/span><\/td>\n<td><span data-path-to-node=\"11,2,2,0\">4m<\/span><\/td>\n<td><span data-path-to-node=\"11,2,3,0\">\u00d5hk<\/span><\/td>\n<td><span data-path-to-node=\"11,2,4,0\"><b data-path-to-node=\"11,2,4,0\" data-index-in-node=\"0\">276.00 \u20ac<\/b><\/span><\/td>\n<\/tr>\n<tr>\n<td><span data-path-to-node=\"11,3,0,0\"><b data-path-to-node=\"11,3,0,0\" data-index-in-node=\"0\">HC300-5E<\/b><\/span><\/td>\n<td><span data-path-to-node=\"11,3,1,0\">300A<\/span><\/td>\n<td><span data-path-to-node=\"11,3,2,0\">5m<\/span><\/td>\n<td><span data-path-to-node=\"11,3,3,0\">\u00d5hk<\/span><\/td>\n<td><span data-path-to-node=\"11,3,4,0\"><b data-path-to-node=\"11,3,4,0\" data-index-in-node=\"0\">301.00 \u20ac<\/b><\/span><\/td>\n<\/tr>\n<tr>\n<td><span data-path-to-node=\"11,4,0,0\"><b data-path-to-node=\"11,4,0,0\" data-index-in-node=\"0\">HC400-3E<\/b><\/span><\/td>\n<td><span data-path-to-node=\"11,4,1,0\">400A<\/span><\/td>\n<td><span data-path-to-node=\"11,4,2,0\">3m<\/span><\/td>\n<td><span data-path-to-node=\"11,4,3,0\">\u00d5hk<\/span><\/td>\n<td><span data-path-to-node=\"11,4,4,0\"><b data-path-to-node=\"11,4,4,0\" data-index-in-node=\"0\">301.00 \u20ac<\/b><\/span><\/td>\n<\/tr>\n<tr>\n<td><span data-path-to-node=\"11,5,0,0\"><b data-path-to-node=\"11,5,0,0\" data-index-in-node=\"0\">HC400-4E<\/b><\/span><\/td>\n<td><span data-path-to-node=\"11,5,1,0\">400A<\/span><\/td>\n<td><span data-path-to-node=\"11,5,2,0\">4m<\/span><\/td>\n<td><span data-path-to-node=\"11,5,3,0\">\u00d5hk<\/span><\/td>\n<td><span data-path-to-node=\"11,5,4,0\"><b data-path-to-node=\"11,5,4,0\" data-index-in-node=\"0\">323.50 \u20ac<\/b><\/span><\/td>\n<\/tr>\n<tr>\n<td><span data-path-to-node=\"11,6,0,0\"><b data-path-to-node=\"11,6,0,0\" data-index-in-node=\"0\">HC400-5E<\/b><\/span><\/td>\n<td><span data-path-to-node=\"11,6,1,0\">400A<\/span><\/td>\n<td><span data-path-to-node=\"11,6,2,0\">5m<\/span><\/td>\n<td><span data-path-to-node=\"11,6,3,0\">\u00d5hk<\/span><\/td>\n<td><span data-path-to-node=\"11,6,4,0\"><b data-path-to-node=\"11,6,4,0\" data-index-in-node=\"0\">348.50 \u20ac<\/b><\/span><\/td>\n<\/tr>\n<tr>\n<td><span data-path-to-node=\"11,7,0,0\"><b data-path-to-node=\"11,7,0,0\" data-index-in-node=\"0\">HC550-3E<\/b><\/span><\/td>\n<td><span data-path-to-node=\"11,7,1,0\">550A<\/span><\/td>\n<td><span data-path-to-node=\"11,7,2,0\">3m<\/span><\/td>\n<td><span data-path-to-node=\"11,7,3,0\">Vesi<\/span><\/td>\n<td><span data-path-to-node=\"11,7,4,0\"><b data-path-to-node=\"11,7,4,0\" data-index-in-node=\"0\">469.00 \u20ac<\/b><\/span><\/td>\n<\/tr>\n<tr>\n<td><span data-path-to-node=\"11,8,0,0\"><b data-path-to-node=\"11,8,0,0\" data-index-in-node=\"0\">HC550-4E<\/b><\/span><\/td>\n<td><span data-path-to-node=\"11,8,1,0\">550A<\/span><\/td>\n<td><span data-path-to-node=\"11,8,2,0\">4m<\/span><\/td>\n<td><span data-path-to-node=\"11,8,3,0\">Vesi<\/span><\/td>\n<td><span data-path-to-node=\"11,8,4,0\"><b data-path-to-node=\"11,8,4,0\" data-index-in-node=\"0\">494.00 \u20ac<\/b><\/span><\/td>\n<\/tr>\n<tr>\n<td><span data-path-to-node=\"11,9,0,0\"><b data-path-to-node=\"11,9,0,0\" data-index-in-node=\"0\">HC550-5E<\/b><\/span><\/td>\n<td><span data-path-to-node=\"11,9,1,0\">550A<\/span><\/td>\n<td><span data-path-to-node=\"11,9,2,0\">5m<\/span><\/td>\n<td><span data-path-to-node=\"11,9,3,0\">Vesi<\/span><\/td>\n<td><span data-path-to-node=\"11,9,4,0\"><b data-path-to-node=\"11,9,4,0\" data-index-in-node=\"0\">519.00 \u20ac<\/b><\/span><\/td>\n<\/tr>\n<\/tbody>\n<\/table>\n<\/li>\n<\/ul>\n","protected":false},"excerpt":{"rendered":"<p><b data-path-to-node=\"3\" data-index-in-node=\"0\">HARD CORE MIG-p\u00f5letid<\/b> on loodud rasketeks t\u00f6\u00f6stuslikeks rakendusteks, pakkudes silmapaistvat vastupidavust, ergonoomilist k\u00e4sitsemist ja sujuvat traadi etteannet. Valikus on nii \u00f5hk- kui ka vesijahutusega mudelid erinevates pikkustes, mis sobivad professionaalseks keevitust\u00f6\u00f6ks k\u00f5ikides tingimustes.<\/p>\n","protected":false},"featured_media":684,"comment_status":"open","ping_status":"closed","template":"","meta":[],"product_brand":[],"product_cat":[77],"product_tag":[],"class_list":{"0":"post-683","1":"product","2":"type-product","3":"status-publish","4":"has-post-thumbnail","6":"product_cat-keevitus-kapad","8":"first","9":"instock","10":"shipping-taxable","11":"purchasable","12":"product-type-simple"},"jetpack_sharing_enabled":true,"_links":{"self":[{"href":"https:\/\/letrum.ee\/index.php?rest_route=\/wp\/v2\/product\/683","targetHints":{"allow":["GET"]}}],"collection":[{"href":"https:\/\/letrum.ee\/index.php?rest_route=\/wp\/v2\/product"}],"about":[{"href":"https:\/\/letrum.ee\/index.php?rest_route=\/wp\/v2\/types\/product"}],"replies":[{"embeddable":true,"href":"https:\/\/letrum.ee\/index.php?rest_route=%2Fwp%2Fv2%2Fcomments&post=683"}],"wp:featuredmedia":[{"embeddable":true,"href":"https:\/\/letrum.ee\/index.php?rest_route=\/wp\/v2\/media\/684"}],"wp:attachment":[{"href":"https:\/\/letrum.ee\/index.php?rest_route=%2Fwp%2Fv2%2Fmedia&parent=683"}],"wp:term":[{"taxonomy":"product_brand","embeddable":true,"href":"https:\/\/letrum.ee\/index.php?rest_route=%2Fwp%2Fv2%2Fproduct_brand&post=683"},{"taxonomy":"product_cat","embeddable":true,"href":"https:\/\/letrum.ee\/index.php?rest_route=%2Fwp%2Fv2%2Fproduct_cat&post=683"},{"taxonomy":"product_tag","embeddable":true,"href":"https:\/\/letrum.ee\/index.php?rest_route=%2Fwp%2Fv2%2Fproduct_tag&post=683"}],"curies":[{"name":"wp","href":"https:\/\/api.w.org\/{rel}","templated":true}]}}