{"id":678,"date":"2026-02-27T14:53:35","date_gmt":"2026-02-27T12:53:35","guid":{"rendered":"https:\/\/letrum.ee\/?post_type=product&#038;p=678"},"modified":"2026-02-27T14:53:35","modified_gmt":"2026-02-27T12:53:35","slug":"magnum-topmix-viimistlusketas","status":"publish","type":"product","link":"https:\/\/letrum.ee\/?product=magnum-topmix-viimistlusketas","title":{"rendered":"Magnum Topmix viimistlusketas"},"content":{"rendered":"<h3 data-path-to-node=\"4\"><b data-path-to-node=\"4\" data-index-in-node=\"0\">Toote omadused<\/b><\/h3>\n<ul data-path-to-node=\"5\">\n<li>\n<p data-path-to-node=\"5,0,0\"><b data-path-to-node=\"5,0,0\" data-index-in-node=\"0\">Kombineeritud tehnoloogia:<\/b> 100-se teralisusega abrasiivkangas koos 80-se teralisusega fliisiga tagab kiirema t\u00f6\u00f6 ja peenema l\u00f5pptulemuse.<\/p>\n<\/li>\n<li>\n<p data-path-to-node=\"5,1,0\"><b data-path-to-node=\"5,1,0\" data-index-in-node=\"0\">Mitmek\u00fclgne kasutamine:<\/b><span class=\"citation-654 citation-end-654\"> Suurep\u00e4rane keevitusj\u00e4lgede lihvimiseks, s\u00fcgavate kriimustuste eemaldamiseks, servade kraatamiseks ja keeruliste nurkade viimistlemiseks.<\/span><\/p>\n<\/li>\n<li>\n<p data-path-to-node=\"5,2,0\"><b data-path-to-node=\"5,2,0\" data-index-in-node=\"0\">Klaaskiuvaba ja ohutu:<\/b> Tugev, kuid elastne ABS-plastist tald summutab vibratsiooni, on klaaskiuvaba ja kergesti trimmitav, v\u00f5imaldades ketta l\u00f5puni \u00e4ra kasutada.<\/p>\n<\/li>\n<li>\n<p data-path-to-node=\"5,3,0\"><b data-path-to-node=\"5,3,0\" data-index-in-node=\"0\">Universaalne:<\/b> Sobib kasutamiseks terasel, roostevabal terasel, v\u00e4rvilistel metallidel ja puidul.<\/p>\n<\/li>\n<li>\n<table data-path-to-node=\"8\">\n<thead>\n<tr>\n<td><strong>N\u00e4itaja<\/strong><\/td>\n<td><strong>Kirjeldus<\/strong><\/td>\n<\/tr>\n<\/thead>\n<tbody>\n<tr>\n<td><span data-path-to-node=\"8,1,0,0\"><b data-path-to-node=\"8,1,0,0\" data-index-in-node=\"0\">Toote t\u00fc\u00fcp<\/b><\/span><\/td>\n<td><span data-path-to-node=\"8,1,1,0\">Kombineeritud fliisketas<\/span><\/td>\n<\/tr>\n<tr>\n<td><span data-path-to-node=\"8,2,0,0\"><b data-path-to-node=\"8,2,0,0\" data-index-in-node=\"0\">Teralisus<\/b><\/span><\/td>\n<td><span data-path-to-node=\"8,2,1,0\">80\/100 (Fliis\/Abrasiiv)<\/span><\/td>\n<\/tr>\n<tr>\n<td><span data-path-to-node=\"8,3,0,0\"><b data-path-to-node=\"8,3,0,0\" data-index-in-node=\"0\">Tugimaterjal<\/b><\/span><\/td>\n<td><span data-path-to-node=\"8,3,1,0\">ABS spetsiaalplast (klaaskiuvaba)<\/span><\/td>\n<\/tr>\n<tr>\n<td><span data-path-to-node=\"8,4,0,0\"><b data-path-to-node=\"8,4,0,0\" data-index-in-node=\"0\">L\u00e4bim\u00f5\u00f5t<\/b><\/span><\/td>\n<td><span data-path-to-node=\"8,4,1,0\">125 mm<\/span><\/td>\n<\/tr>\n<tr>\n<td><span data-path-to-node=\"8,5,0,0\"><b data-path-to-node=\"8,5,0,0\" data-index-in-node=\"0\">Kinnitus (Arbor)<\/b><\/span><\/td>\n<td><span data-path-to-node=\"8,5,1,0\">22,2 mm<\/span><\/td>\n<\/tr>\n<tr>\n<td><span data-path-to-node=\"8,6,0,0\"><b data-path-to-node=\"8,6,0,0\" data-index-in-node=\"0\">Kuju<\/b><\/span><\/td>\n<td><span data-path-to-node=\"8,6,1,0\">Tasane (Flat)<\/span><\/td>\n<\/tr>\n<tr>\n<td><span data-path-to-node=\"8,7,0,0\"><b data-path-to-node=\"8,7,0,0\" data-index-in-node=\"0\">Soovituslik p\u00f6\u00f6rete arv<\/b><\/span><\/td>\n<td><span data-path-to-node=\"8,7,1,0\">2 000 \u2013 5 000 min\u207b\u00b9<\/span><\/td>\n<\/tr>\n<tr>\n<td><span data-path-to-node=\"8,8,0,0\"><b data-path-to-node=\"8,8,0,0\" data-index-in-node=\"0\">Maksimaalne kiirus<\/b><\/span><\/td>\n<td><span data-path-to-node=\"8,8,1,0\">6 000 min\u207b\u00b9<\/span><\/td>\n<\/tr>\n<\/tbody>\n<\/table>\n<\/li>\n<\/ul>\n","protected":false},"excerpt":{"rendered":"<p><b data-path-to-node=\"2\" data-index-in-node=\"0\">MAGNUM Top Mix<\/b> on k\u00f5rgj\u00f5udlusega kombineeritud fliisketas, mis \u00fchendab abrasiivlamellid ja tihendatud fliisi. <span class=\"citation-655 citation-end-655\">See tagab tunduvalt agressiivsema l\u00f5ike ja pikema t\u00f6\u00f6ea v\u00f5rreldes tavaliste fliisketastega, pakkudes ideaalset lahendust keevitusj\u00e4lgede viimistlemiseks ja metallpindade poleerimiseks<\/span><\/p>\n","protected":false},"featured_media":679,"comment_status":"open","ping_status":"closed","template":"","meta":[],"product_brand":[],"product_cat":[69],"product_tag":[],"class_list":{"0":"post-678","1":"product","2":"type-product","3":"status-publish","4":"has-post-thumbnail","6":"product_cat-kettad","8":"first","9":"instock","10":"sale","11":"shipping-taxable","12":"purchasable","13":"product-type-simple"},"jetpack_sharing_enabled":true,"_links":{"self":[{"href":"https:\/\/letrum.ee\/index.php?rest_route=\/wp\/v2\/product\/678","targetHints":{"allow":["GET"]}}],"collection":[{"href":"https:\/\/letrum.ee\/index.php?rest_route=\/wp\/v2\/product"}],"about":[{"href":"https:\/\/letrum.ee\/index.php?rest_route=\/wp\/v2\/types\/product"}],"replies":[{"embeddable":true,"href":"https:\/\/letrum.ee\/index.php?rest_route=%2Fwp%2Fv2%2Fcomments&post=678"}],"wp:featuredmedia":[{"embeddable":true,"href":"https:\/\/letrum.ee\/index.php?rest_route=\/wp\/v2\/media\/679"}],"wp:attachment":[{"href":"https:\/\/letrum.ee\/index.php?rest_route=%2Fwp%2Fv2%2Fmedia&parent=678"}],"wp:term":[{"taxonomy":"product_brand","embeddable":true,"href":"https:\/\/letrum.ee\/index.php?rest_route=%2Fwp%2Fv2%2Fproduct_brand&post=678"},{"taxonomy":"product_cat","embeddable":true,"href":"https:\/\/letrum.ee\/index.php?rest_route=%2Fwp%2Fv2%2Fproduct_cat&post=678"},{"taxonomy":"product_tag","embeddable":true,"href":"https:\/\/letrum.ee\/index.php?rest_route=%2Fwp%2Fv2%2Fproduct_tag&post=678"}],"curies":[{"name":"wp","href":"https:\/\/api.w.org\/{rel}","templated":true}]}}