{"id":674,"date":"2026-02-27T11:40:03","date_gmt":"2026-02-27T09:40:03","guid":{"rendered":"https:\/\/letrum.ee\/?post_type=product&#038;p=674"},"modified":"2026-02-27T11:59:37","modified_gmt":"2026-02-27T09:59:37","slug":"magnum-flexo-lihvketas-60-x-125","status":"publish","type":"product","link":"https:\/\/letrum.ee\/?product=magnum-flexo-lihvketas-60-x-125","title":{"rendered":"Magnum Flexo lihvketas 6,0 x 125"},"content":{"rendered":"<p data-path-to-node=\"5\"><b data-path-to-node=\"5\" data-index-in-node=\"0\">MAGNUM FLEXO<\/b> pakub tipptasemel j\u00f5udlust ja s\u00e4\u00e4stlikkust, olles asendamatu t\u00f6\u00f6riist n\u00f5udlikus metallit\u00f6\u00f6stuses.<\/p>\n<ul data-path-to-node=\"6\">\n<li>\n<p data-path-to-node=\"6,0,0\"><b data-path-to-node=\"6,0,0\" data-index-in-node=\"0\"><span class=\"citation-635\">Maksimaalne agressiivsus:<\/span><\/b><span class=\"citation-635 citation-end-635\"> Tagab kiire materjali eemaldamise ka k\u00f5ige raskemates oludes.<\/span><\/p>\n<\/li>\n<li>\n<p data-path-to-node=\"6,1,0\"><b data-path-to-node=\"6,1,0\" data-index-in-node=\"0\"><span class=\"citation-634\">Universaalne kasutus:<\/span><\/b><span class=\"citation-634 citation-end-634\"> \u00dcks ketas k\u00f5ikidele metallidele (teras, roostevaba, alumiinium jne) \u2013 lihtsustab laovaru haldamist.<\/span><\/p>\n<\/li>\n<li>\n<p data-path-to-node=\"6,2,0\"><b data-path-to-node=\"6,2,0\" data-index-in-node=\"0\">Suur ajas\u00e4\u00e4st:<\/b><span class=\"citation-633 citation-end-633\"> T\u00e4nu pikale t\u00f6\u00f6eale kulub v\u00e4hem aega kettavahetustele, mis t\u00f5stab t\u00f6\u00f6 efektiivsust.<\/span><\/p>\n<\/li>\n<li>\n<p data-path-to-node=\"6,3,0\"><b data-path-to-node=\"6,3,0\" data-index-in-node=\"0\">Spetsialist roostevaba jaoks:<\/b> Eriline koostis muudab selle parimaks valikuks roostevaba terase lihvimisel.<\/p>\n<\/li>\n<li>\n<table data-path-to-node=\"9\">\n<thead>\n<tr>\n<td><strong>N\u00e4itaja<\/strong><\/td>\n<td><strong>Andmed<\/strong><\/td>\n<\/tr>\n<\/thead>\n<tbody>\n<tr>\n<td><span data-path-to-node=\"9,1,0,0\"><b data-path-to-node=\"9,1,0,0\" data-index-in-node=\"0\">Toote t\u00fc\u00fcp<\/b><\/span><\/td>\n<td><span data-path-to-node=\"9,1,1,0\">J\u00e4melihvketas (Rough grinding disc)<\/span><\/td>\n<\/tr>\n<tr>\n<td><span data-path-to-node=\"9,2,0,0\"><b data-path-to-node=\"9,2,0,0\" data-index-in-node=\"0\">L\u00e4bim\u00f5\u00f5t<\/b><\/span><\/td>\n<td><span data-path-to-node=\"9,2,1,0\">125 mm<\/span><\/td>\n<\/tr>\n<tr>\n<td><span data-path-to-node=\"9,3,0,0\"><b data-path-to-node=\"9,3,0,0\" data-index-in-node=\"0\">Kinnitus (Arbor)<\/b><\/span><\/td>\n<td><span data-path-to-node=\"9,3,1,0\">22,2 mm<\/span><\/td>\n<\/tr>\n<tr>\n<td><span data-path-to-node=\"9,4,0,0\"><b data-path-to-node=\"9,4,0,0\" data-index-in-node=\"0\">Kuju<\/b><\/span><\/td>\n<td><span data-path-to-node=\"9,4,1,0\">N\u00f5gus \/ Painutatud (Cranked)<\/span><\/td>\n<\/tr>\n<tr>\n<td><span data-path-to-node=\"9,5,0,0\"><b data-path-to-node=\"9,5,0,0\" data-index-in-node=\"0\">Maksimaalne kiirus<\/b><\/span><\/td>\n<td><span data-path-to-node=\"9,5,1,0\">80 m\/sec (DIN EN13743)<\/span><\/td>\n<\/tr>\n<tr>\n<td><span data-path-to-node=\"9,6,0,0\"><b data-path-to-node=\"9,6,0,0\" data-index-in-node=\"0\">T\u00f6\u00f6deldavad materjalid<\/b><\/span><\/td>\n<td><span data-path-to-node=\"9,6,1,0\">K\u00f5ik metallid, RV, alumiinium, malm, k\u00f5vmetallid<\/span><\/td>\n<\/tr>\n<tr>\n<td><span data-path-to-node=\"9,7,0,0\"><b data-path-to-node=\"9,7,0,0\" data-index-in-node=\"0\">Sobivus<\/b><\/span><\/td>\n<td><span data-path-to-node=\"9,7,1,0\">K\u00f5ik nurklihvijad (sh Eisenbl\u00e4tter VARILEX\u00ae seeria)<\/span><\/td>\n<\/tr>\n<\/tbody>\n<\/table>\n<\/li>\n<\/ul>\n","protected":false},"excerpt":{"rendered":"<p><b data-path-to-node=\"2\" data-index-in-node=\"0\"><span class=\"citation-637\">MAGNUM FLEXO<\/span><\/b><span class=\"citation-637 citation-end-637\"> on erakordselt agressiivne ja pika t\u00f6\u00f6eaga universaalne lihvketas.<\/span> <span class=\"citation-636 citation-end-636\">See on loodud kiireks materjali eemaldamiseks ja sobib ideaalselt nii roostevaba terase t\u00f6\u00f6tlemiseks kui ka rasketeks kraatide eemaldamise t\u00f6\u00f6deks<\/span><\/p>\n","protected":false},"featured_media":675,"comment_status":"open","ping_status":"closed","template":"","meta":[],"product_brand":[],"product_cat":[69],"product_tag":[],"class_list":{"0":"post-674","1":"product","2":"type-product","3":"status-publish","4":"has-post-thumbnail","6":"product_cat-kettad","8":"first","9":"instock","10":"shipping-taxable","11":"purchasable","12":"product-type-simple"},"jetpack_sharing_enabled":true,"_links":{"self":[{"href":"https:\/\/letrum.ee\/index.php?rest_route=\/wp\/v2\/product\/674","targetHints":{"allow":["GET"]}}],"collection":[{"href":"https:\/\/letrum.ee\/index.php?rest_route=\/wp\/v2\/product"}],"about":[{"href":"https:\/\/letrum.ee\/index.php?rest_route=\/wp\/v2\/types\/product"}],"replies":[{"embeddable":true,"href":"https:\/\/letrum.ee\/index.php?rest_route=%2Fwp%2Fv2%2Fcomments&post=674"}],"wp:featuredmedia":[{"embeddable":true,"href":"https:\/\/letrum.ee\/index.php?rest_route=\/wp\/v2\/media\/675"}],"wp:attachment":[{"href":"https:\/\/letrum.ee\/index.php?rest_route=%2Fwp%2Fv2%2Fmedia&parent=674"}],"wp:term":[{"taxonomy":"product_brand","embeddable":true,"href":"https:\/\/letrum.ee\/index.php?rest_route=%2Fwp%2Fv2%2Fproduct_brand&post=674"},{"taxonomy":"product_cat","embeddable":true,"href":"https:\/\/letrum.ee\/index.php?rest_route=%2Fwp%2Fv2%2Fproduct_cat&post=674"},{"taxonomy":"product_tag","embeddable":true,"href":"https:\/\/letrum.ee\/index.php?rest_route=%2Fwp%2Fv2%2Fproduct_tag&post=674"}],"curies":[{"name":"wp","href":"https:\/\/api.w.org\/{rel}","templated":true}]}}