{"id":672,"date":"2026-02-27T11:26:37","date_gmt":"2026-02-27T09:26:37","guid":{"rendered":"https:\/\/letrum.ee\/?post_type=product&#038;p=672"},"modified":"2026-02-27T11:38:46","modified_gmt":"2026-02-27T09:38:46","slug":"razorcut-loikeketas-10-x-125","status":"publish","type":"product","link":"https:\/\/letrum.ee\/?product=razorcut-loikeketas-10-x-125","title":{"rendered":"Razorcut l\u00f5ikeketas 1,0 x 125"},"content":{"rendered":"<p data-path-to-node=\"7\"><span data-path-to-node=\"7,0\"><b data-path-to-node=\"7,0\" data-index-in-node=\"0\"><span class=\"citation-608\">MAGNUM RAZORCUT<\/span><\/b><span class=\"citation-608\"> seab uue standardi l\u00f5ikeketaste turul, pakkudes kuni 50% paremat sooritust v\u00f5rreldes tavatoodetega<\/span><\/span><span data-path-to-node=\"7,2\">. <\/span><span data-path-to-node=\"7,4\"><span class=\"citation-607\">T\u00e4nu \u00f5hukesele disainile ja spetsiaalsele koostisele s\u00e4\u00e4stab see m\u00e4rgatavalt t\u00f6\u00f6aega ja v\u00e4hendab vajadust sagedaste kettavahetuste j\u00e4rele<\/span><\/span><span data-path-to-node=\"7,6\">.<\/span><\/p>\n<p data-path-to-node=\"8\"><b data-path-to-node=\"8\" data-index-in-node=\"0\">Peamised eelised:<\/b><\/p>\n<ul data-path-to-node=\"9\">\n<li>\n<p data-path-to-node=\"9,0,1\"><span data-path-to-node=\"9,0,1,0\"><b data-path-to-node=\"9,0,1,0\" data-index-in-node=\"0\"><span class=\"citation-606\">Erakordne vastupidavus:<\/span><\/b><span class=\"citation-606\"> V\u00f5imaldab teha kuni 130 l\u00f5iget (testitud \u00d8 27 mm roostevaba terasest torul, seina paksus 2 mm)<\/span><\/span><span data-path-to-node=\"9,0,1,2\">.<\/span><\/p>\n<\/li>\n<li>\n<p data-path-to-node=\"9,1,1\"><span data-path-to-node=\"9,1,1,0\"><b data-path-to-node=\"9,1,1,0\" data-index-in-node=\"0\"><span class=\"citation-605\">Maksimaalne t\u00e4psus:<\/span><\/b><span class=\"citation-605\"> Vaid 1 mm paksus tagab erakordselt t\u00e4psed ja puhtad l\u00f5iked<\/span><\/span><span data-path-to-node=\"9,1,1,2\">.<\/span><\/p>\n<\/li>\n<li>\n<p data-path-to-node=\"9,2,1\"><span data-path-to-node=\"9,2,1,0\"><b data-path-to-node=\"9,2,1,0\" data-index-in-node=\"0\"><span class=\"citation-604\">Universaalne kasutus:<\/span><\/b><span class=\"citation-604\"> Sobib ideaalselt k\u00f5ikidele metallidele, mis lihtsustab t\u00f6\u00f6riistade hankimist ja ladustamist<\/span><\/span><span data-path-to-node=\"9,2,1,2\">.<\/span><\/p>\n<\/li>\n<li>\n<p data-path-to-node=\"9,3,1\"><span data-path-to-node=\"9,3,1,0\"><b data-path-to-node=\"9,3,1,0\" data-index-in-node=\"0\"><span class=\"citation-603\">Suur ajas\u00e4\u00e4st:<\/span><\/b><span class=\"citation-603\"> V\u00e4hem kettavahetusi ja agressiivne l\u00f5ikekiirus t\u00e4hendavad oluliselt kiiremat t\u00f6\u00f6protsessi<\/span><\/span><span data-path-to-node=\"9,3,1,2\">.<\/span><\/p>\n<\/li>\n<li>\n<p data-path-to-node=\"9,4,1\"><span data-path-to-node=\"9,4,1,0\"><b data-path-to-node=\"9,4,1,0\" data-index-in-node=\"0\"><span class=\"citation-602\">Ohutus ja standardid:<\/span><\/b><span class=\"citation-602\"> Heakskiidetud kiirusele 80 m\/sec vastavalt DIN EN13743 standardile<\/span><\/span><span data-path-to-node=\"9,4,1,2\">.<\/span><\/p>\n<\/li>\n<\/ul>\n<p id=\"p-rc_1a256367ab953785-272\" data-path-to-node=\"11\"><span data-path-to-node=\"11,0\"><b data-path-to-node=\"11,0\" data-index-in-node=\"0\"><span class=\"citation-601\">T\u00f6\u00f6deldavad materjalid:<\/span><\/b><span class=\"citation-601\"> K\u00f5ik metallid, alumiinium, malm, k\u00f5vmetallid, v\u00e4rvilised metallid, roostevaba teras ja s\u00fcsinikteras<\/span><\/span><span data-path-to-node=\"11,2\">.<\/span><\/p>\n<table data-path-to-node=\"14\">\n<thead>\n<tr>\n<td><strong>N\u00e4itaja<\/strong><\/td>\n<td><strong>Andmed<\/strong><\/td>\n<\/tr>\n<\/thead>\n<tbody>\n<tr>\n<td><span data-path-to-node=\"14,1,0,0\"><b data-path-to-node=\"14,1,0,0\" data-index-in-node=\"0\">Toote t\u00fc\u00fcp<\/b><\/span><\/td>\n<td>\n<p id=\"p-rc_1a256367ab953785-273\" data-path-to-node=\"14,1,1,0\"><span data-path-to-node=\"14,1,1,0,1\"><span class=\"citation-600\">L\u00f5ikeketas <\/span><\/span><\/p>\n<div class=\"source-inline-chip-container ng-star-inserted\"><\/div>\n<p>&nbsp;<\/td>\n<\/tr>\n<tr>\n<td><span data-path-to-node=\"14,2,0,0\"><b data-path-to-node=\"14,2,0,0\" data-index-in-node=\"0\">L\u00e4bim\u00f5\u00f5t<\/b><\/span><\/td>\n<td>\n<p id=\"p-rc_1a256367ab953785-274\" data-path-to-node=\"14,2,1,0\"><span data-path-to-node=\"14,2,1,0,1\"><span class=\"citation-599\">125 mm <\/span><\/span><\/p>\n<div class=\"source-inline-chip-container ng-star-inserted\"><\/div>\n<p>&nbsp;<\/td>\n<\/tr>\n<tr>\n<td><span data-path-to-node=\"14,3,0,0\"><b data-path-to-node=\"14,3,0,0\" data-index-in-node=\"0\">Ketta paksus<\/b><\/span><\/td>\n<td>\n<p id=\"p-rc_1a256367ab953785-275\" data-path-to-node=\"14,3,1,0\"><span data-path-to-node=\"14,3,1,0,1\"><span class=\"citation-598\">1 mm <\/span><\/span><\/p>\n<div class=\"source-inline-chip-container ng-star-inserted\"><\/div>\n<p>&nbsp;<\/td>\n<\/tr>\n<tr>\n<td><span data-path-to-node=\"14,4,0,0\"><b data-path-to-node=\"14,4,0,0\" data-index-in-node=\"0\">Kinnitus<\/b><\/span><\/td>\n<td>\n<p id=\"p-rc_1a256367ab953785-276\" data-path-to-node=\"14,4,1,0\"><span data-path-to-node=\"14,4,1,0,1\"><span class=\"citation-597\">22,2 mm <\/span><\/span><\/p>\n<div class=\"source-inline-chip-container ng-star-inserted\"><\/div>\n<p>&nbsp;<\/td>\n<\/tr>\n<tr>\n<td><span data-path-to-node=\"14,5,0,0\"><b data-path-to-node=\"14,5,0,0\" data-index-in-node=\"0\">Toote kuju<\/b><\/span><\/td>\n<td>\n<p id=\"p-rc_1a256367ab953785-277\" data-path-to-node=\"14,5,1,0\"><span data-path-to-node=\"14,5,1,0,1\"><span class=\"citation-596\">Sirge <\/span><\/span><\/p>\n<div class=\"source-inline-chip-container ng-star-inserted\"><\/div>\n<p>&nbsp;<\/td>\n<\/tr>\n<tr>\n<td><span data-path-to-node=\"14,6,0,0\"><b data-path-to-node=\"14,6,0,0\" data-index-in-node=\"0\">Maksimaalne kiirus<\/b><\/span><\/td>\n<td>\n<p id=\"p-rc_1a256367ab953785-278\" data-path-to-node=\"14,6,1,0\"><span data-path-to-node=\"14,6,1,0,1\"><span class=\"citation-595\">80 m\/sec (DIN EN13743) <\/span><\/span><\/p>\n<div class=\"source-inline-chip-container ng-star-inserted\"><\/div>\n<p>&nbsp;<\/td>\n<\/tr>\n<tr>\n<td><span data-path-to-node=\"14,7,0,0\"><b data-path-to-node=\"14,7,0,0\" data-index-in-node=\"0\">Sobivus<\/b><\/span><\/td>\n<td>\n<p id=\"p-rc_1a256367ab953785-279\" data-path-to-node=\"14,7,1,0\"><span data-path-to-node=\"14,7,1,0,1\"><span class=\"citation-594\">K\u00f5ik nurklihvijad (sh Eisenbl\u00e4tter VARILEX\u00ae seeria) <\/span><\/span><\/p>\n<div class=\"source-inline-chip-container ng-star-inserted\"><\/div>\n<p>&nbsp;<\/td>\n<\/tr>\n<\/tbody>\n<\/table>\n","protected":false},"excerpt":{"rendered":"<p data-path-to-node=\"3\"><span data-path-to-node=\"3,0\"><b data-path-to-node=\"3,0\" data-index-in-node=\"0\"><span class=\"citation-610\">MAGNUM RAZORCUT<\/span><\/b><span class=\"citation-610\"> on revolutsiooniline 1 mm paksune l\u00f5ikeketas, mis pakub \u00fcletamatut j\u00f5udlust (kuni 130 l\u00f5iget) ja erakordset t\u00e4psust k\u00f5ikide metallide l\u00f5ikamisel<\/span><\/span><span data-path-to-node=\"3,2\">. <\/span><span data-path-to-node=\"3,4\"><span class=\"citation-609\">See on loodud professionaalidele, kes vajavad agressiivset l\u00f5ikekiirust ja maksimaalset t\u00f6\u00f6iga<\/span><\/span><span data-path-to-node=\"3,6\">.<\/span><\/p>\n<div class=\"source-inline-chip-container ng-star-inserted\"><\/div>\n","protected":false},"featured_media":673,"comment_status":"open","ping_status":"closed","template":"","meta":[],"product_brand":[],"product_cat":[69],"product_tag":[],"class_list":{"0":"post-672","1":"product","2":"type-product","3":"status-publish","4":"has-post-thumbnail","6":"product_cat-kettad","8":"first","9":"instock","10":"shipping-taxable","11":"purchasable","12":"product-type-simple"},"jetpack_sharing_enabled":true,"_links":{"self":[{"href":"https:\/\/letrum.ee\/index.php?rest_route=\/wp\/v2\/product\/672","targetHints":{"allow":["GET"]}}],"collection":[{"href":"https:\/\/letrum.ee\/index.php?rest_route=\/wp\/v2\/product"}],"about":[{"href":"https:\/\/letrum.ee\/index.php?rest_route=\/wp\/v2\/types\/product"}],"replies":[{"embeddable":true,"href":"https:\/\/letrum.ee\/index.php?rest_route=%2Fwp%2Fv2%2Fcomments&post=672"}],"wp:featuredmedia":[{"embeddable":true,"href":"https:\/\/letrum.ee\/index.php?rest_route=\/wp\/v2\/media\/673"}],"wp:attachment":[{"href":"https:\/\/letrum.ee\/index.php?rest_route=%2Fwp%2Fv2%2Fmedia&parent=672"}],"wp:term":[{"taxonomy":"product_brand","embeddable":true,"href":"https:\/\/letrum.ee\/index.php?rest_route=%2Fwp%2Fv2%2Fproduct_brand&post=672"},{"taxonomy":"product_cat","embeddable":true,"href":"https:\/\/letrum.ee\/index.php?rest_route=%2Fwp%2Fv2%2Fproduct_cat&post=672"},{"taxonomy":"product_tag","embeddable":true,"href":"https:\/\/letrum.ee\/index.php?rest_route=%2Fwp%2Fv2%2Fproduct_tag&post=672"}],"curies":[{"name":"wp","href":"https:\/\/api.w.org\/{rel}","templated":true}]}}