{"id":670,"date":"2026-02-27T10:59:31","date_gmt":"2026-02-27T08:59:31","guid":{"rendered":"https:\/\/letrum.ee\/?post_type=product&#038;p=670"},"modified":"2026-02-27T10:59:31","modified_gmt":"2026-02-27T08:59:31","slug":"trimfix-hellfire-lamellketas-grit40-60-hubriid","status":"publish","type":"product","link":"https:\/\/letrum.ee\/?product=trimfix-hellfire-lamellketas-grit40-60-hubriid","title":{"rendered":"Trimfix Hellfire lamellketas grit40\/60 h\u00fcbriid"},"content":{"rendered":"<p data-path-to-node=\"4\"><span data-path-to-node=\"4,0\"><b data-path-to-node=\"4,0\" data-index-in-node=\"0\"><span class=\"citation-521\">RIMFIX\u00ae HellFire\u00ae<\/span><\/b><span class=\"citation-521\"> on revolutsiooniline lamellketas, mis kasutab unikaalset keraamilist h\u00fcbriidtehnoloogiat, et muuta metallit\u00f6\u00f6tlus kiiremaks ja efektiivsemaks kui kunagi varem<\/span><\/span><span data-path-to-node=\"4,2\">. <\/span><span data-path-to-node=\"4,4\"><span class=\"citation-520\">See on loodud professionaalidele, kes hindavad kiirust, s\u00e4\u00e4stlikkust ja keskkonnas\u00f5bralikkust<\/span><\/span><span data-path-to-node=\"4,6\">.<\/span><\/p>\n<div class=\"source-inline-chip-container ng-star-inserted\"><\/div>\n<h3 data-path-to-node=\"5\"><b data-path-to-node=\"5\" data-index-in-node=\"0\">Miks valida just HellFire?<\/b><\/h3>\n<ul data-path-to-node=\"6\">\n<li>\n<p data-path-to-node=\"6,0,1\"><span data-path-to-node=\"6,0,1,0\"><b data-path-to-node=\"6,0,1,0\" data-index-in-node=\"0\"><span class=\"citation-519\">Multiteralisus (40\/60):<\/span><\/b><span class=\"citation-519\"> Ketast iseloomustab unikaalne v\u00f5ime eemaldada materjali nagu 40-se teralisusega ketas, j\u00e4ttes samal ajal 60-se teralisusega v\u00f5rdv\u00e4\u00e4rse lihvimistulemuse<\/span><\/span><span data-path-to-node=\"6,0,1,2\">.<\/span><\/p>\n<\/li>\n<li>\n<p data-path-to-node=\"6,1,1\"><span data-path-to-node=\"6,1,1,0\"><b data-path-to-node=\"6,1,1,0\" data-index-in-node=\"0\"><span class=\"citation-518\">Kaks korda kiirem ja soodsam:<\/span><\/b><span class=\"citation-518\"> T\u00e4nu innovaatilisele tehnoloogiale l\u00fcheneb t\u00f6\u00f6aeg poole v\u00f5rra ning t\u00f6\u00f6riistakulu v\u00e4heneb m\u00e4rgatavalt, pakkudes turu parimat hinna ja kvaliteedi suhet<\/span><\/span><span data-path-to-node=\"6,1,1,2\">.<\/span><\/p>\n<\/li>\n<li>\n<p data-path-to-node=\"6,2,1\"><span data-path-to-node=\"6,2,1,0\"><b data-path-to-node=\"6,2,1,0\" data-index-in-node=\"0\"><span class=\"citation-517\">Keraamiline h\u00fcbriidkangas:<\/span><\/b><span class=\"citation-517\"> Uudne materjal v\u00f5imaldab t\u00f6\u00f6delda k\u00f5iki metalle rekordajaga, kasutades vaid \u00fchte ketast nii j\u00e4medaks kui ka keskmiseks lihvimiseks<\/span><\/span><span data-path-to-node=\"6,2,1,2\">.<\/span><\/p>\n<\/li>\n<li>\n<p data-path-to-node=\"6,3,1\"><span data-path-to-node=\"6,3,1,0\"><b data-path-to-node=\"6,3,1,0\" data-index-in-node=\"0\"><span class=\"citation-516\">Kasutaja- ja keskkonnas\u00f5bralik:<\/span><\/b><span class=\"citation-516\"> Ketas ei sisalda klaaskiust komponente ning selle tugiketas on valmistatud CO2-neutraalsest looduslikust kiust<\/span><\/span><span data-path-to-node=\"6,3,1,2\">.<\/span><\/p>\n<\/li>\n<li>\n<p data-path-to-node=\"6,4,1\"><span data-path-to-node=\"6,4,1,0\"><b data-path-to-node=\"6,4,1,0\" data-index-in-node=\"0\"><span class=\"citation-515\">T\u00e4ielikult \u00e4rakasutatav:<\/span><\/b><span class=\"citation-515\"> Elastne naturaalsest kiust tugitald on &#8220;k\u00e4rbitav&#8221; (trimmable), mis t\u00e4hendab, et saad \u00e4ra kasutada kogu lihvmaterjali kuni viimase millimeetrini<\/span><\/span><span data-path-to-node=\"6,4,1,2\">.<\/span><\/p>\n<\/li>\n<li>\n<p data-path-to-node=\"6,5,1\"><span data-path-to-node=\"6,5,1,0\"><b data-path-to-node=\"6,5,1,0\" data-index-in-node=\"0\"><span class=\"citation-514\">V\u00e4hem vibratsiooni ja m\u00fcra:<\/span><\/b><span class=\"citation-514\"> Naturaalsest kiust konstruktsioon summutab vibratsiooni ja m\u00fcra, muutes pikaajalise t\u00f6\u00f6 mugavamaks<\/span><\/span><span data-path-to-node=\"6,5,1,2\">.<\/span><\/p>\n<div class=\"source-inline-chip-container ng-star-inserted\"><b style=\"font-size: 1.125rem;\" data-path-to-node=\"7\" data-index-in-node=\"0\">Kasutusvaldkonnad ja materjalid<\/b><\/div>\n<\/li>\n<\/ul>\n<p data-path-to-node=\"8\"><span data-path-to-node=\"8,1\"><span class=\"citation-513\">See ketas on t\u00f5eline universaalne t\u00f6\u00f6riist, mis sobib ideaalselt j\u00e4rgmiste materjalide t\u00f6\u00f6tlemiseks<\/span><\/span><span data-path-to-node=\"8,3\">:<\/span><\/p>\n<ul data-path-to-node=\"9\">\n<li>\n<p data-path-to-node=\"9,0,0\"><span data-path-to-node=\"9,0,0,1\"><span class=\"citation-512\">Teras ja roostevaba teras (Inox) <\/span><\/span><\/p>\n<\/li>\n<li>\n<p data-path-to-node=\"9,1,0\"><span data-path-to-node=\"9,1,0,1\"><span class=\"citation-511\">Alumiinium <\/span><\/span><\/p>\n<\/li>\n<li>\n<p data-path-to-node=\"9,2,0\"><span data-path-to-node=\"9,2,0,1\"><span class=\"citation-510\">Erinevad sulamid ja k\u00f5vmetallid <\/span><\/span><\/p>\n<\/li>\n<li>\n<p id=\"p-rc_dd4adffeb25593f5-236\" data-path-to-node=\"9,3,0\"><span data-path-to-node=\"9,3,0,1\"><span class=\"citation-509\">V\u00e4rvilised metallid ja malm<\/span><\/span><\/p>\n<\/li>\n<li>\n<table data-path-to-node=\"12\">\n<thead>\n<tr>\n<td><strong>Omadus<\/strong><\/td>\n<td><strong>Kirjeldus<\/strong><\/td>\n<\/tr>\n<\/thead>\n<tbody>\n<tr>\n<td><span data-path-to-node=\"12,1,0,0\"><b data-path-to-node=\"12,1,0,0\" data-index-in-node=\"0\">Teralisus<\/b><\/span><\/td>\n<td>\n<p id=\"p-rc_dd4adffeb25593f5-237\" data-path-to-node=\"12,1,1,0\"><span data-path-to-node=\"12,1,1,0,1\"><span class=\"citation-508\">Multigrain 40\/60 (kaks-\u00fches lahendus) <\/span><\/span><\/p>\n<div class=\"source-inline-chip-container ng-star-inserted\"><\/div>\n<p>&nbsp;<\/td>\n<\/tr>\n<tr>\n<td><span data-path-to-node=\"12,2,0,0\"><b data-path-to-node=\"12,2,0,0\" data-index-in-node=\"0\">Lihvmaterjal<\/b><\/span><\/td>\n<td>\n<p id=\"p-rc_dd4adffeb25593f5-238\" data-path-to-node=\"12,2,1,0\"><span data-path-to-node=\"12,2,1,0,1\"><span class=\"citation-507\">Keraamiline h\u00fcbriidkangas <\/span><\/span><\/p>\n<div class=\"source-inline-chip-container ng-star-inserted\"><\/div>\n<p>&nbsp;<\/td>\n<\/tr>\n<tr>\n<td><span data-path-to-node=\"12,3,0,0\"><b data-path-to-node=\"12,3,0,0\" data-index-in-node=\"0\">Tugimaterjal<\/b><\/span><\/td>\n<td>\n<p id=\"p-rc_dd4adffeb25593f5-239\" data-path-to-node=\"12,3,1,0\"><span data-path-to-node=\"12,3,1,0,1\"><span class=\"citation-506\">CO2-neutraalne k\u00f5rgtehnoloogiline naturaalne kiud <\/span><\/span><\/p>\n<div class=\"source-inline-chip-container ng-star-inserted\"><\/div>\n<p>&nbsp;<\/td>\n<\/tr>\n<tr>\n<td><span data-path-to-node=\"12,4,0,0\"><b data-path-to-node=\"12,4,0,0\" data-index-in-node=\"0\">Saadaolevad m\u00f5\u00f5dud<\/b><\/span><\/td>\n<td>\n<p id=\"p-rc_dd4adffeb25593f5-240\" data-path-to-node=\"12,4,1,0\"><span data-path-to-node=\"12,4,1,0,1\"><span class=\"citation-505\">100 mm, 115 mm, 125 mm, 150 mm, 178 mm <\/span><\/span><\/p>\n<div class=\"source-inline-chip-container ng-star-inserted\"><\/div>\n<p>&nbsp;<\/td>\n<\/tr>\n<tr>\n<td><span data-path-to-node=\"12,5,0,0\"><b data-path-to-node=\"12,5,0,0\" data-index-in-node=\"0\">Kinnitus (Arbor)<\/b><\/span><\/td>\n<td>\n<p id=\"p-rc_dd4adffeb25593f5-241\" data-path-to-node=\"12,5,1,0\"><span data-path-to-node=\"12,5,1,0,1\"><span class=\"citation-504\">15,2 mm \/ 16,2 mm \/ 22,2 mm <\/span><\/span><\/p>\n<div class=\"source-inline-chip-container ng-star-inserted\"><\/div>\n<p>&nbsp;<\/td>\n<\/tr>\n<tr>\n<td><span data-path-to-node=\"12,6,0,0\"><b data-path-to-node=\"12,6,0,0\" data-index-in-node=\"0\">Kuju<\/b><\/span><\/td>\n<td>\n<p id=\"p-rc_dd4adffeb25593f5-242\" data-path-to-node=\"12,6,1,0\"><span data-path-to-node=\"12,6,1,0,1\"><span class=\"citation-503\">5\u00b0 nurga all (angular) <\/span><\/span><\/p>\n<div class=\"source-inline-chip-container ng-star-inserted\"><\/div>\n<p>&nbsp;<\/td>\n<\/tr>\n<tr>\n<td><span data-path-to-node=\"12,7,0,0\"><b data-path-to-node=\"12,7,0,0\" data-index-in-node=\"0\">Standard<\/b><\/span><\/td>\n<td>\n<p id=\"p-rc_dd4adffeb25593f5-243\" data-path-to-node=\"12,7,1,0\"><span data-path-to-node=\"12,7,1,0,1\"><span class=\"citation-502\">80 m\/sec vastavalt DIN EN13743 <\/span><\/span><\/p>\n<div class=\"source-inline-chip-container ng-star-inserted\"><\/div>\n<p>&nbsp;<\/td>\n<\/tr>\n<\/tbody>\n<\/table>\n<\/li>\n<\/ul>\n","protected":false},"excerpt":{"rendered":"<p><b data-path-to-node=\"2\" data-index-in-node=\"0\">TRIMFIX\u00ae HellFire\u00ae<\/b> on revolutsiooniline keraamiline h\u00fcbriidketas, mis \u00fchendab 40-se teralisuse j\u00f5u ja 60-se teralisuse puhtuse. See s\u00e4\u00e4stab 50% t\u00f6\u00f6aega, v\u00f5imaldades lihvida k\u00f5iki metalle rekordkiirusel \u00fcheainsa kettaga.<\/p>\n","protected":false},"featured_media":671,"comment_status":"open","ping_status":"closed","template":"","meta":[],"product_brand":[],"product_cat":[69],"product_tag":[],"class_list":{"0":"post-670","1":"product","2":"type-product","3":"status-publish","4":"has-post-thumbnail","6":"product_cat-kettad","8":"first","9":"instock","10":"shipping-taxable","11":"purchasable","12":"product-type-simple"},"jetpack_sharing_enabled":true,"_links":{"self":[{"href":"https:\/\/letrum.ee\/index.php?rest_route=\/wp\/v2\/product\/670","targetHints":{"allow":["GET"]}}],"collection":[{"href":"https:\/\/letrum.ee\/index.php?rest_route=\/wp\/v2\/product"}],"about":[{"href":"https:\/\/letrum.ee\/index.php?rest_route=\/wp\/v2\/types\/product"}],"replies":[{"embeddable":true,"href":"https:\/\/letrum.ee\/index.php?rest_route=%2Fwp%2Fv2%2Fcomments&post=670"}],"wp:featuredmedia":[{"embeddable":true,"href":"https:\/\/letrum.ee\/index.php?rest_route=\/wp\/v2\/media\/671"}],"wp:attachment":[{"href":"https:\/\/letrum.ee\/index.php?rest_route=%2Fwp%2Fv2%2Fmedia&parent=670"}],"wp:term":[{"taxonomy":"product_brand","embeddable":true,"href":"https:\/\/letrum.ee\/index.php?rest_route=%2Fwp%2Fv2%2Fproduct_brand&post=670"},{"taxonomy":"product_cat","embeddable":true,"href":"https:\/\/letrum.ee\/index.php?rest_route=%2Fwp%2Fv2%2Fproduct_cat&post=670"},{"taxonomy":"product_tag","embeddable":true,"href":"https:\/\/letrum.ee\/index.php?rest_route=%2Fwp%2Fv2%2Fproduct_tag&post=670"}],"curies":[{"name":"wp","href":"https:\/\/api.w.org\/{rel}","templated":true}]}}