{"id":659,"date":"2026-02-26T10:40:34","date_gmt":"2026-02-26T08:40:34","guid":{"rendered":"https:\/\/letrum.ee\/?post_type=product&#038;p=659"},"modified":"2026-02-26T10:40:34","modified_gmt":"2026-02-26T08:40:34","slug":"jasic-pro-cut-1200-plasmaloikur-cnc","status":"publish","type":"product","link":"https:\/\/letrum.ee\/?product=jasic-pro-cut-1200-plasmaloikur-cnc","title":{"rendered":"Jasic PRO-CUT 1200 plasmal\u00f5ikur cnc"},"content":{"rendered":"<p data-path-to-node=\"6\"><span data-path-to-node=\"6,0\">Jasic PRO-CUT 1200 on t\u00e4islahendus, mis \u00fchendab endas t\u00f6\u00f6stusliku t\u00e4psuse ja kasutuslihtsuse. <\/span><span data-path-to-node=\"6,2\"><span class=\"citation-410\">Pink on varustatud <\/span><b data-path-to-node=\"6,2\" data-index-in-node=\"19\"><span class=\"citation-410\">21-tollise Windows 10 p\u00f5hise puutetundliku arvutiga<\/span><\/b><span class=\"citation-410\">, kuhu on eelinstalleeritud tarkvara, mis v\u00f5imaldab ka v\u00e4hese kogemusega kasutajal kiiresti disainifaile luua ja l\u00f5ikust alustada<\/span><\/span><span data-path-to-node=\"6,4\">.<\/span><\/p>\n<p data-path-to-node=\"7\"><b data-path-to-node=\"7\" data-index-in-node=\"0\">Peamised eelised:<\/b><\/p>\n<ul>\n<li data-path-to-node=\"8,0,1\"><span data-path-to-node=\"8,0,1,0\"><b data-path-to-node=\"8,0,1,0\" data-index-in-node=\"0\"><span class=\"citation-409\">Kvaliteetne l\u00f5ikus:<\/span><\/b><span class=\"citation-409\"> Automaatne p\u00f5leti k\u00f5rguse kontroll (THC) ja LED-marker tagavad t\u00e4psuse ning \u00fchtlase l\u00f5ikekvaliteedi<\/span><\/span><span data-path-to-node=\"8,0,1,2\">.<\/span><\/li>\n<li>\n<p data-path-to-node=\"8,1,1\"><span data-path-to-node=\"8,1,1,0\"><b data-path-to-node=\"8,1,1,0\" data-index-in-node=\"0\"><span class=\"citation-408\">Vastupidavus:<\/span><\/b><span class=\"citation-408\"> Integreeritud veevann hoiab \u00e4ra materjali kuumenemisest tingitud deformatsioonid ja v\u00e4hendab t\u00f6\u00f6 k\u00e4igus tekkivat tolmu<\/span><\/span><span data-path-to-node=\"8,1,1,2\">.<\/span><\/p>\n<\/li>\n<li>\n<p data-path-to-node=\"8,1,1\"><span data-path-to-node=\"8,2,1,0\"><b data-path-to-node=\"8,2,1,0\" data-index-in-node=\"0\"><span class=\"citation-407\">Mobiilsus:<\/span><\/b><span class=\"citation-407\"> Seade on varustatud t\u00f6\u00f6stuslike ratasjalgadega, mis muudavad 200 kg kaaluva pingi t\u00f6\u00f6kojas h\u00f5lpsalt man\u00f6\u00f6verdatavaks<\/span><\/span><span data-path-to-node=\"8,2,1,2\">.<\/span><\/p>\n<\/li>\n<li>\n<p data-path-to-node=\"8,1,1\"><span data-path-to-node=\"8,3,1,0\"><b data-path-to-node=\"8,3,1,0\" data-index-in-node=\"0\"><span class=\"citation-406\">Ohutus:<\/span><\/b><span class=\"citation-406\"> K\u00f5ikidel telgedel on piirl\u00fclitid ning masin on varustatud t\u00f5stekonksudega turvaliseks paigaldamiseks<\/span><\/span><span data-path-to-node=\"8,3,1,2\">.<\/span><\/p>\n<\/li>\n<li>\n<h3 data-path-to-node=\"15\"><b data-path-to-node=\"15\" data-index-in-node=\"0\">Mudelid ja hinnad<\/b><\/h3>\n<ul data-path-to-node=\"16\">\n<li>\n<p data-path-to-node=\"16,0,1\"><span data-path-to-node=\"16,0,1,0\"><b data-path-to-node=\"16,0,1,0\" data-index-in-node=\"0\"><span class=\"citation-391\">EP-45 mudel<\/span><\/b><span class=\"citation-391\"> (kuni 6 mm l\u00e4bistav l\u00f5ige): <\/span><b data-path-to-node=\"16,0,1,0\" data-index-in-node=\"40\"><span class=\"citation-391\">8,999.00 + KM<\/span><\/b><\/span><\/p>\n<\/li>\n<li>\n<p data-path-to-node=\"16,1,1\"><span data-path-to-node=\"16,1,1,0\"><b data-path-to-node=\"16,1,1,0\" data-index-in-node=\"0\"><span class=\"citation-390\">EP-80 mudel<\/span><\/b><span class=\"citation-390\"> (kuni 18 mm l\u00e4bistav l\u00f5ige): <\/span><b data-path-to-node=\"16,1,1,0\" data-index-in-node=\"41\"><span class=\"citation-390\">9,499.00 + KM<\/span><\/b><\/span><\/p>\n<\/li>\n<li>\n<p id=\"p-rc_d8489a221b9603c0-255\" data-path-to-node=\"16,2,1\"><span data-path-to-node=\"16,2,1,0\"><b data-path-to-node=\"16,2,1,0\" data-index-in-node=\"0\"><span class=\"citation-389\">EP-100 mudel<\/span><\/b><span class=\"citation-389\"> (kuni 20 mm l\u00e4bistav l\u00f5ige): <\/span><b data-path-to-node=\"16,2,1,0\" data-index-in-node=\"42\"><span class=\"citation-389\">9,999.00 + KM<\/span><\/b><\/span><\/p>\n<\/li>\n<\/ul>\n<\/li>\n<\/ul>\n<p data-path-to-node=\"9\"><b data-path-to-node=\"9\" data-index-in-node=\"0\">Komplekt sisaldab:<\/b><\/p>\n<ul data-path-to-node=\"10\">\n<li>\n<p data-path-to-node=\"10,0,0\"><span data-path-to-node=\"10,0,0,1\"><span class=\"citation-405\">PROCUT 1200 CNC l\u00f5ikelaud<\/span><\/span><span data-path-to-node=\"10,0,0,3\">.<\/span><\/p>\n<\/li>\n<li>\n<p data-path-to-node=\"10,1,0\"><span data-path-to-node=\"10,1,0,1\"><span class=\"citation-404\">Jasic plasmaallikas (vastavalt valitud mudelile)<\/span><\/span><span data-path-to-node=\"10,1,0,3\">.<\/span><\/p>\n<\/li>\n<li>\n<p data-path-to-node=\"10,2,0\"><span data-path-to-node=\"10,2,0,1\"><span class=\"citation-403\">6 m TM125 masinp\u00f5leti<\/span><\/span><span data-path-to-node=\"10,2,0,3\">.<\/span><\/p>\n<\/li>\n<li>\n<p data-path-to-node=\"10,3,0\"><span data-path-to-node=\"10,3,0,1\"><span class=\"citation-402\">5 l Biologicut l\u00f5ikevedelik<\/span><\/span><span data-path-to-node=\"10,3,0,3\">.<\/span><\/p>\n<div class=\"source-inline-chip-container ng-star-inserted\">\n<table data-path-to-node=\"13\">\n<thead>\n<tr>\n<td><strong>N\u00e4itaja<\/strong><\/td>\n<td><strong>Andmed<\/strong><\/td>\n<\/tr>\n<\/thead>\n<tbody>\n<tr>\n<td><span data-path-to-node=\"13,1,0,0\"><b data-path-to-node=\"13,1,0,0\" data-index-in-node=\"0\">Sisendpinge<\/b><\/span><\/td>\n<td>\n<p id=\"p-rc_d8489a221b9603c0-243\" data-path-to-node=\"13,1,1,0\"><span data-path-to-node=\"13,1,1,0,1\"><span class=\"citation-401\">230V AC 50\/60Hz <\/span><\/span><\/p>\n<div class=\"source-inline-chip-container ng-star-inserted\"><\/div>\n<p>&nbsp;<\/td>\n<\/tr>\n<tr>\n<td><span data-path-to-node=\"13,2,0,0\"><b data-path-to-node=\"13,2,0,0\" data-index-in-node=\"0\">Mootorid<\/b><\/span><\/td>\n<td>\n<p id=\"p-rc_d8489a221b9603c0-244\" data-path-to-node=\"13,2,1,0\"><span data-path-to-node=\"13,2,1,0,1\"><span class=\"citation-400\">3A mikrosamm-mootorid <\/span><\/span><\/p>\n<div class=\"source-inline-chip-container ng-star-inserted\"><\/div>\n<p>&nbsp;<\/td>\n<\/tr>\n<tr>\n<td><span data-path-to-node=\"13,3,0,0\"><b data-path-to-node=\"13,3,0,0\" data-index-in-node=\"0\">Teljed<\/b><\/span><\/td>\n<td>\n<p id=\"p-rc_d8489a221b9603c0-245\" data-path-to-node=\"13,3,1,0\"><span data-path-to-node=\"13,3,1,0,1\"><span class=\"citation-399\">3 (X, Y ja Z) <\/span><\/span><\/p>\n<div class=\"source-inline-chip-container ng-star-inserted\"><\/div>\n<p>&nbsp;<\/td>\n<\/tr>\n<tr>\n<td><span data-path-to-node=\"13,4,0,0\"><b data-path-to-node=\"13,4,0,0\" data-index-in-node=\"0\">L\u00f5ikeala<\/b><\/span><\/td>\n<td>\n<p id=\"p-rc_d8489a221b9603c0-246\" data-path-to-node=\"13,4,1,0\"><span data-path-to-node=\"13,4,1,0,1\"><span class=\"citation-398\">1.2 m x 1.2 m (max <\/span><span class=\"math-inline\" data-math=\"1.25 m \\times 1.25 m\" data-index-in-node=\"19\">$1.25 m \\times 1.25 m$<\/span><span class=\"citation-398\">) <\/span><\/span><\/p>\n<div class=\"source-inline-chip-container ng-star-inserted\"><\/div>\n<p>&nbsp;<\/td>\n<\/tr>\n<tr>\n<td><span data-path-to-node=\"13,5,0,0\"><b data-path-to-node=\"13,5,0,0\" data-index-in-node=\"0\">Maksimaalne l\u00f5ikekiirus<\/b><\/span><\/td>\n<td>\n<p id=\"p-rc_d8489a221b9603c0-247\" data-path-to-node=\"13,5,1,0\"><span data-path-to-node=\"13,5,1,0,1\"><span class=\"citation-397\">6000 mm\/min <\/span><\/span><\/p>\n<div class=\"source-inline-chip-container ng-star-inserted\"><\/div>\n<p>&nbsp;<\/td>\n<\/tr>\n<tr>\n<td><span data-path-to-node=\"13,6,0,0\"><b data-path-to-node=\"13,6,0,0\" data-index-in-node=\"0\">Juhtimiss\u00fcsteem<\/b><\/span><\/td>\n<td>\n<p id=\"p-rc_d8489a221b9603c0-248\" data-path-to-node=\"13,6,1,0\"><span data-path-to-node=\"13,6,1,0,1\"><span class=\"citation-396\">21&#8243; puutetundlik PC (Windows 10) <\/span><\/span><\/p>\n<div class=\"source-inline-chip-container ng-star-inserted\"><\/div>\n<p>&nbsp;<\/td>\n<\/tr>\n<tr>\n<td><span data-path-to-node=\"13,7,0,0\"><b data-path-to-node=\"13,7,0,0\" data-index-in-node=\"0\">Laua kaal<\/b><\/span><\/td>\n<td>\n<p id=\"p-rc_d8489a221b9603c0-249\" data-path-to-node=\"13,7,1,0\"><span data-path-to-node=\"13,7,1,0,1\"><span class=\"citation-395\">200 kg <\/span><\/span><\/p>\n<div class=\"source-inline-chip-container ng-star-inserted\"><\/div>\n<p>&nbsp;<\/td>\n<\/tr>\n<tr>\n<td><span data-path-to-node=\"13,8,0,0\"><b data-path-to-node=\"13,8,0,0\" data-index-in-node=\"0\">Maksimaalne kandev\u00f5ime<\/b><\/span><\/td>\n<td>\n<p id=\"p-rc_d8489a221b9603c0-250\" data-path-to-node=\"13,8,1,0\"><span data-path-to-node=\"13,8,1,0,1\"><span class=\"citation-394\">175 kg <\/span><\/span><\/p>\n<div class=\"source-inline-chip-container ng-star-inserted\"><\/div>\n<p>&nbsp;<\/td>\n<\/tr>\n<tr>\n<td><span data-path-to-node=\"13,9,0,0\"><b data-path-to-node=\"13,9,0,0\" data-index-in-node=\"0\">M\u00f5\u00f5dud (P x L x K)<\/b><\/span><\/td>\n<td>\n<p id=\"p-rc_d8489a221b9603c0-251\" data-path-to-node=\"13,9,1,0\"><span data-path-to-node=\"13,9,1,0,1\"><span class=\"citation-393\">1650 x 1700 x 1150 mm <\/span><\/span><\/p>\n<div class=\"source-inline-chip-container ng-star-inserted\"><\/div>\n<p>&nbsp;<\/td>\n<\/tr>\n<tr>\n<td><span data-path-to-node=\"13,10,0,0\"><b data-path-to-node=\"13,10,0,0\" data-index-in-node=\"0\">Sertifikaadid<\/b><\/span><\/td>\n<td>\n<p id=\"p-rc_d8489a221b9603c0-252\" data-path-to-node=\"13,10,1,0\"><span data-path-to-node=\"13,10,1,0,1\"><span class=\"citation-392\">CE &amp; UKCA <\/span><\/span><\/p>\n<div class=\"source-inline-chip-container ng-star-inserted\"><\/div>\n<p>&nbsp;<\/td>\n<\/tr>\n<\/tbody>\n<\/table>\n<\/div>\n<\/li>\n<\/ul>\n","protected":false},"excerpt":{"rendered":"<p><span data-path-to-node=\"3,0\"><b data-path-to-node=\"3,0\" data-index-in-node=\"0\"><span class=\"citation-413\">Jasic PRO-CUT 1200<\/span><\/b><span class=\"citation-413\"> on kompaktne ja kulut\u00f5hus lahendus, mis on loodud t\u00e4pseks CNC-plasmal\u00f5ikuseks v\u00e4iket\u00f6\u00f6kodades ja \u00f5ppekeskustes<\/span><\/span><span data-path-to-node=\"3,2\">. <\/span><span data-path-to-node=\"3,4\"><span class=\"citation-412\">See &#8220;plug-and-play&#8221; s\u00fcsteem on loodud lihtsust ja kasutajamugavust silmas pidades, v\u00f5imaldades operaatoril saavutada professionaalseid l\u00f5iketulemusi kohe p\u00e4rast paigaldamist<\/span><\/span><span data-path-to-node=\"3,6\">. <\/span><span data-path-to-node=\"3,8\"><span class=\"citation-411\">Komplekt sisaldab 1.2 m x 1.2 m l\u00f5ikelauda, Jasic plasmaallikat ja intuitiivset puutetundlikku juhtimiss\u00fcsteemi<\/span><\/span><span data-path-to-node=\"3,10\">.<\/span><\/p>\n","protected":false},"featured_media":660,"comment_status":"open","ping_status":"closed","template":"","meta":[],"product_brand":[],"product_cat":[75],"product_tag":[],"class_list":{"0":"post-659","1":"product","2":"type-product","3":"status-publish","4":"has-post-thumbnail","6":"product_cat-cnc-plasma","8":"first","9":"instock","10":"shipping-taxable","11":"purchasable","12":"product-type-simple"},"jetpack_sharing_enabled":true,"_links":{"self":[{"href":"https:\/\/letrum.ee\/index.php?rest_route=\/wp\/v2\/product\/659","targetHints":{"allow":["GET"]}}],"collection":[{"href":"https:\/\/letrum.ee\/index.php?rest_route=\/wp\/v2\/product"}],"about":[{"href":"https:\/\/letrum.ee\/index.php?rest_route=\/wp\/v2\/types\/product"}],"replies":[{"embeddable":true,"href":"https:\/\/letrum.ee\/index.php?rest_route=%2Fwp%2Fv2%2Fcomments&post=659"}],"wp:featuredmedia":[{"embeddable":true,"href":"https:\/\/letrum.ee\/index.php?rest_route=\/wp\/v2\/media\/660"}],"wp:attachment":[{"href":"https:\/\/letrum.ee\/index.php?rest_route=%2Fwp%2Fv2%2Fmedia&parent=659"}],"wp:term":[{"taxonomy":"product_brand","embeddable":true,"href":"https:\/\/letrum.ee\/index.php?rest_route=%2Fwp%2Fv2%2Fproduct_brand&post=659"},{"taxonomy":"product_cat","embeddable":true,"href":"https:\/\/letrum.ee\/index.php?rest_route=%2Fwp%2Fv2%2Fproduct_cat&post=659"},{"taxonomy":"product_tag","embeddable":true,"href":"https:\/\/letrum.ee\/index.php?rest_route=%2Fwp%2Fv2%2Fproduct_tag&post=659"}],"curies":[{"name":"wp","href":"https:\/\/api.w.org\/{rel}","templated":true}]}}