{"id":648,"date":"2026-02-19T11:57:53","date_gmt":"2026-02-19T09:57:53","guid":{"rendered":"https:\/\/letrum.ee\/?post_type=product&#038;p=648"},"modified":"2026-04-09T14:14:16","modified_gmt":"2026-04-09T11:14:16","slug":"jasic-evolve-300a-500a","status":"publish","type":"product","link":"https:\/\/letrum.ee\/?product=jasic-evolve-300a-500a","title":{"rendered":"Jasic Evolve 300A-500A"},"content":{"rendered":"<h4 data-path-to-node=\"7\"><b data-path-to-node=\"7\" data-index-in-node=\"0\">JASIC EVOLVE: Tark keevituslahendus, mis on alati sammu v\u00f5rra ees<\/b><\/h4>\n<p data-path-to-node=\"8\"><span data-path-to-node=\"8,0\">T\u00e4nap\u00e4eva keevitusv\u00e4ljakutsed muutuvad pidevalt. <\/span><span data-path-to-node=\"8,2\"><span class=\"citation-183\">JASIC EVOLVE on loodud spetsiaalselt selleks, et pakkuda &#8220;Any Weld, Any Time, Anywhere&#8221; (Iga keevitus, igal ajal, igal pool) v\u00f5imekust<\/span><\/span><span data-path-to-node=\"8,4\">. <\/span><span data-path-to-node=\"8,6\"><span class=\"citation-182\">See ei ole lihtsalt keevitusaparaat, vaid terviklik digitaalne platvorm, mis \u00fchendab modulaarse riistvara ja nutika pilvetehnoloogia<\/span><\/span><span data-path-to-node=\"8,8\">.<\/span><\/p>\n<p data-path-to-node=\"9\"><b data-path-to-node=\"9\" data-index-in-node=\"0\">EVOLVE seeria peamised eelised:<\/b><\/p>\n<ul data-path-to-node=\"10\">\n<li>\n<p data-path-to-node=\"10,0,0\"><span data-path-to-node=\"10,0,0,0\"><b data-path-to-node=\"10,0,0,0\" data-index-in-node=\"0\">T\u00e4ielik modulaarsus (Plug &amp; Play):<\/b> Osta baasmasin ja laienda seda hiljem vastavalt vajadusele. <\/span><span data-path-to-node=\"10,0,0,2\"><span class=\"citation-181\">Moodulite lisamine ei n\u00f5ua keerulist seadistamist ega kalibreerimist \u2013 \u00fchenda moodul ja masin on t\u00f6\u00f6ks valmis<\/span><\/span><span data-path-to-node=\"10,0,0,4\">.<\/span><\/p>\n<div class=\"source-inline-chip-container ng-star-inserted\"><\/div>\n<\/li>\n<li>\n<p data-path-to-node=\"10,1,1\"><span data-path-to-node=\"10,1,1,0\"><b data-path-to-node=\"10,1,1,0\" data-index-in-node=\"0\"><span class=\"citation-180\">JTECloud ja nutikas juhtimine:<\/span><\/b><span class=\"citation-180\"> Seadmed on \u00fchendatavad WiFi v\u00f5i GSM-v\u00f5rku, tagades pideva \u00fchenduse JTECloud pilvega<\/span><\/span><span data-path-to-node=\"10,1,1,2\">. <\/span><span data-path-to-node=\"10,1,1,4\"><span class=\"citation-179\">See v\u00f5imaldab allalaadida spetsiifilisi keevitusprogramme, anal\u00fc\u00fcsida reaalajas keevitusandmeid (kulude optimeerimiseks) ning teostada \u00fcle \u00f5hu (OTA) tarkvarauuendusi<\/span><\/span><span data-path-to-node=\"10,1,1,6\">.<\/span><\/p>\n<\/li>\n<li>\n<p data-path-to-node=\"10,2,1\"><span data-path-to-node=\"10,2,1,0\"><b data-path-to-node=\"10,2,1,0\" data-index-in-node=\"0\"><span class=\"citation-178\">Integreeritud GPS:<\/span><\/b><span class=\"citation-178\"> Sisseehitatud GPS-j\u00e4lgimine teeb seadmepargi haldamise ja turvalisuse tagamise suurtel objektidel v\u00f5i rendifirmades \u00e4\u00e4rmiselt lihtsaks<\/span><\/span><span data-path-to-node=\"10,2,1,2\">.<\/span><\/p>\n<div class=\"source-inline-chip-container ng-star-inserted\"><\/div>\n<\/li>\n<li>\n<p data-path-to-node=\"10,3,1\"><span data-path-to-node=\"10,3,1,0\"><b data-path-to-node=\"10,3,1,0\" data-index-in-node=\"0\"><span class=\"citation-177\">Robootika valmidus (CAN Bus):<\/span><\/b><span class=\"citation-177\"> EVOLVE on varustatud CAN Bus liidesega, mis v\u00f5imaldab masina sujuvalt integreerida automatiseeritud tootmisliinidesse ja robotkeevituss\u00fcsteemidesse<\/span><\/span><span data-path-to-node=\"10,3,1,2\">.<\/span><\/p>\n<div class=\"source-inline-chip-container ng-star-inserted\"><\/div>\n<\/li>\n<li>\n<p data-path-to-node=\"10,4,1\"><span data-path-to-node=\"10,4,1,0\"><b data-path-to-node=\"10,4,1,0\" data-index-in-node=\"0\"><span class=\"citation-176\">Paindlik toide:<\/span><\/b><span class=\"citation-176\"> Mudelid (300 ja 400) suudavad automaatselt kohaneda erinevate toitepingetega, l\u00fclitudes sujuvalt 1-faasilise ja 3-faasilise voolu vahel (195VAC &#8211; 460VAC)<\/span><\/span><span data-path-to-node=\"10,4,1,2\">.\u00a0<\/span><\/p>\n<p data-path-to-node=\"13\"><b data-path-to-node=\"13\" data-index-in-node=\"0\">\u00a0<\/b><\/p>\n<p data-path-to-node=\"13\"><b data-path-to-node=\"13\" data-index-in-node=\"0\">JASIC EVOLVE 300 paketid:<\/b><\/p>\n<ul data-path-to-node=\"14\">\n<li>\n<p data-path-to-node=\"14,0,0\"><b data-path-to-node=\"14,0,0\" data-index-in-node=\"0\">MIG\/MAG Standard<\/b> (Vooluallikas, k\u00e4ru, t\u00f6\u00f6riistakast, p\u00f5leti): <b data-path-to-node=\"14,0,0\" data-index-in-node=\"62\">5 998 \u20ac<\/b><\/p>\n<\/li>\n<li>\n<p data-path-to-node=\"14,1,0\"><b data-path-to-node=\"14,1,0\" data-index-in-node=\"0\">MIG\/MAG Vesijahutusega<\/b> (Vooluallikas, k\u00e4ru, jahutus, p\u00f5leti): <b data-path-to-node=\"14,1,0\" data-index-in-node=\"62\">6 738 \u20ac<\/b><\/p>\n<\/li>\n<li>\n<p data-path-to-node=\"14,2,0\"><b data-path-to-node=\"14,2,0\" data-index-in-node=\"0\">T\u00e4islahendus (WFU + Vesijahutus)<\/b>: <b data-path-to-node=\"14,2,0\" data-index-in-node=\"34\">8 498 \u20ac<\/b><\/p>\n<\/li>\n<\/ul>\n<p data-path-to-node=\"15\"><b data-path-to-node=\"15\" data-index-in-node=\"0\">JASIC EVOLVE 400 paketid:<\/b><\/p>\n<ul data-path-to-node=\"16\">\n<li>\n<p data-path-to-node=\"16,0,0\"><b data-path-to-node=\"16,0,0\" data-index-in-node=\"0\">MIG\/MAG Standard<\/b> (Vooluallikas, k\u00e4ru, t\u00f6\u00f6riistakast, p\u00f5leti): <b data-path-to-node=\"16,0,0\" data-index-in-node=\"62\">6 478 \u20ac<\/b><\/p>\n<\/li>\n<li>\n<p data-path-to-node=\"16,1,0\"><b data-path-to-node=\"16,1,0\" data-index-in-node=\"0\">MIG\/MAG Vesijahutusega<\/b> (Vooluallikas, k\u00e4ru, jahutus, p\u00f5leti): <b data-path-to-node=\"16,1,0\" data-index-in-node=\"62\">7 098 \u20ac<\/b><\/p>\n<\/li>\n<li>\n<p data-path-to-node=\"16,2,0\"><b data-path-to-node=\"16,2,0\" data-index-in-node=\"0\">Alumiiniumi AC\/DC pakett<\/b> (AC\/DC TIG moodul, jahutus, traadietteandja): <b data-path-to-node=\"16,2,0\" data-index-in-node=\"71\">12 118 \u20ac<\/b><\/p>\n<\/li>\n<\/ul>\n<p data-path-to-node=\"17\"><b data-path-to-node=\"17\" data-index-in-node=\"0\">JASIC EVOLVE 500 paketid (T\u00f6\u00f6stuslik lipulaev):<\/b><\/p>\n<ul data-path-to-node=\"18\">\n<li>\n<p data-path-to-node=\"18,0,0\"><b data-path-to-node=\"18,0,0\" data-index-in-node=\"0\">Standardpakett (WFU + Vesijahutus)<\/b>: <b data-path-to-node=\"18,0,0\" data-index-in-node=\"36\">8 498 \u20ac<\/b><\/p>\n<\/li>\n<li>\n<p data-path-to-node=\"18,1,0\"><b data-path-to-node=\"18,1,0\" data-index-in-node=\"0\">Profi AC\/DC pakett<\/b> (K\u00f5ik lisad + AC\/DC TIG v\u00f5imekus): <b data-path-to-node=\"18,1,0\" data-index-in-node=\"54\">11 558 \u20ac<\/b><\/p>\n<\/li>\n<\/ul>\n<hr data-path-to-node=\"19\" \/>\n<h4 data-path-to-node=\"20\"><b data-path-to-node=\"20\" data-index-in-node=\"0\">Moodulid ja tarvikud (Eraldi tellides):<\/b><\/h4>\n<ul data-path-to-node=\"21\">\n<li>\n<p data-path-to-node=\"21,0,0\"><b data-path-to-node=\"21,0,0\" data-index-in-node=\"0\">AC\/DC TIG Moodul (JEV-TIGAC):<\/b> 2 670 \u20ac<\/p>\n<\/li>\n<li>\n<p data-path-to-node=\"21,1,0\"><b data-path-to-node=\"21,1,0\" data-index-in-node=\"0\">Vesijahutusmoodul (JEV-WC):<\/b> 738 \u20ac<\/p>\n<\/li>\n<li>\n<p data-path-to-node=\"21,2,0\"><b data-path-to-node=\"21,2,0\" data-index-in-node=\"0\">Eraldiseisev traadietteandja (JEV-WFU):<\/b> 1 760 \u20ac<\/p>\n<\/li>\n<li>\n<p data-path-to-node=\"21,3,0\"><b data-path-to-node=\"21,3,0\" data-index-in-node=\"0\">EVOLVE k\u00e4ru (JEV-Trolley):<\/b> 450 \u20ac<\/p>\n<\/li>\n<\/ul>\n<\/li>\n<\/ul>\n<table data-path-to-node=\"9\">\n<thead>\n<tr>\n<td><strong>N\u00e4itaja<\/strong><\/td>\n<td><strong>EVOLVE 300<\/strong><\/td>\n<td><strong>EVOLVE 400<\/strong><\/td>\n<td><strong>EVOLVE 500<\/strong><\/td>\n<\/tr>\n<\/thead>\n<tbody>\n<tr>\n<td><span data-path-to-node=\"9,1,0,0\"><b data-path-to-node=\"9,1,0,0\" data-index-in-node=\"0\">Sisendpinge<\/b><\/span><\/td>\n<td><span data-path-to-node=\"9,1,1,0\">1PH\/3PH 195V-460V<\/span><\/td>\n<td><span data-path-to-node=\"9,1,2,0\">1PH\/3PH 195V-460V<\/span><\/td>\n<td><span data-path-to-node=\"9,1,3,0\">3PH 380V-440V<\/span><\/td>\n<\/tr>\n<tr>\n<td><span data-path-to-node=\"9,2,0,0\"><b data-path-to-node=\"9,2,0,0\" data-index-in-node=\"0\">Maksimaalne vool<\/b><\/span><\/td>\n<td><span data-path-to-node=\"9,2,1,0\">300A (3PH)<\/span><\/td>\n<td><span data-path-to-node=\"9,2,2,0\">400A (3PH)<\/span><\/td>\n<td><span data-path-to-node=\"9,2,3,0\">500A<\/span><\/td>\n<\/tr>\n<tr>\n<td><span data-path-to-node=\"9,3,0,0\"><b data-path-to-node=\"9,3,0,0\" data-index-in-node=\"0\">Koormatavus<\/b><\/span><\/td>\n<td><span data-path-to-node=\"9,3,1,0\">40% @ 300A<\/span><\/td>\n<td><span data-path-to-node=\"9,3,2,0\">40% @ 400A<\/span><\/td>\n<td><span data-path-to-node=\"9,3,3,0\">60% @ 500A<\/span><\/td>\n<\/tr>\n<tr>\n<td><span data-path-to-node=\"9,4,0,0\"><b data-path-to-node=\"9,4,0,0\" data-index-in-node=\"0\">Traadi l\u00e4bim\u00f5\u00f5t<\/b><\/span><\/td>\n<td><span data-path-to-node=\"9,4,1,0\">0.6 &#8211; 1.2 mm<\/span><\/td>\n<td><span data-path-to-node=\"9,4,2,0\">0.6 &#8211; 1.6 mm<\/span><\/td>\n<td><span data-path-to-node=\"9,4,3,0\">0.8 &#8211; 1.6 mm<\/span><\/td>\n<\/tr>\n<tr>\n<td><span data-path-to-node=\"9,5,0,0\"><b data-path-to-node=\"9,5,0,0\" data-index-in-node=\"0\">Ekraan<\/b><\/span><\/td>\n<td><span data-path-to-node=\"9,5,1,0\">5&#8243; LCD v\u00e4rviline<\/span><\/td>\n<td><span data-path-to-node=\"9,5,2,0\">5&#8243; LCD v\u00e4rviline<\/span><\/td>\n<td><span data-path-to-node=\"9,5,3,0\">5&#8243; LCD v\u00e4rviline<\/span><\/td>\n<\/tr>\n<tr>\n<td><span data-path-to-node=\"9,6,0,0\"><b data-path-to-node=\"9,6,0,0\" data-index-in-node=\"0\">\u00dchenduvus<\/b><\/span><\/td>\n<td><span data-path-to-node=\"9,6,1,0\">WiFi, GSM, Bluetooth<\/span><\/td>\n<td><span data-path-to-node=\"9,6,2,0\">WiFi, GSM, Bluetooth<\/span><\/td>\n<td><span data-path-to-node=\"9,6,3,0\">WiFi, GSM, Bluetooth<\/span><\/td>\n<\/tr>\n<tr>\n<td><span data-path-to-node=\"9,7,0,0\"><b data-path-to-node=\"9,7,0,0\" data-index-in-node=\"0\">Kaitseklass<\/b><\/span><\/td>\n<td><span data-path-to-node=\"9,7,1,0\">IP23S<\/span><\/td>\n<td><span data-path-to-node=\"9,7,2,0\">IP23S<\/span><\/td>\n<td><span data-path-to-node=\"9,7,3,0\">IP23<\/span><\/td>\n<\/tr>\n<\/tbody>\n<\/table>\n<p>&nbsp;<\/p>\n","protected":false},"excerpt":{"rendered":"<p data-path-to-node=\"3\"><span class=\"citation-186\">JASIC EVOLVE seeria (mudelid 300, 400 ja 500) on t\u00e4iesti uue p\u00f5lvkonna nutikas ja pilvep\u00f5hine keevituss\u00fcsteem<\/span>. <span class=\"citation-185\">See on loodud kasvama ja arenema koos Sinu ettev\u00f5ttega \u2013 t\u00e4nu unikaalsele &#8220;Plug &amp; Play&#8221; mooduls\u00fcsteemile saad masinale igal ajal funktsioone (nagu TIG AC\/DC, vesijahutus v\u00f5i traadietteandja) juurde lisada<\/span>. <span class=\"citation-184\">Integreeritud WiFi, GSM ja JTECloud pilveteenus v\u00f5imaldavad reaalajas j\u00e4lgida tootlikkust, laadida alla uusi keevitusprogramme ning hallata seadmeparki distantsilt<\/span><span data-path-to-node=\"4,11\">. <b data-path-to-node=\"4,11\" data-index-in-node=\"2\">T\u00e4ispakettide hinnad alates ~4049 \u20ac.<\/b><\/span><\/p>\n","protected":false},"featured_media":649,"comment_status":"open","ping_status":"closed","template":"","meta":[],"product_brand":[],"product_cat":[61,52,54],"product_tag":[],"class_list":{"0":"post-648","1":"product","2":"type-product","3":"status-publish","4":"has-post-thumbnail","6":"product_cat-keevitus","7":"product_cat-keevitusmasinad","8":"product_cat-mig","10":"first","11":"instock","12":"shipping-taxable","13":"purchasable","14":"product-type-simple"},"jetpack_sharing_enabled":true,"_links":{"self":[{"href":"https:\/\/letrum.ee\/index.php?rest_route=\/wp\/v2\/product\/648","targetHints":{"allow":["GET"]}}],"collection":[{"href":"https:\/\/letrum.ee\/index.php?rest_route=\/wp\/v2\/product"}],"about":[{"href":"https:\/\/letrum.ee\/index.php?rest_route=\/wp\/v2\/types\/product"}],"replies":[{"embeddable":true,"href":"https:\/\/letrum.ee\/index.php?rest_route=%2Fwp%2Fv2%2Fcomments&post=648"}],"wp:featuredmedia":[{"embeddable":true,"href":"https:\/\/letrum.ee\/index.php?rest_route=\/wp\/v2\/media\/649"}],"wp:attachment":[{"href":"https:\/\/letrum.ee\/index.php?rest_route=%2Fwp%2Fv2%2Fmedia&parent=648"}],"wp:term":[{"taxonomy":"product_brand","embeddable":true,"href":"https:\/\/letrum.ee\/index.php?rest_route=%2Fwp%2Fv2%2Fproduct_brand&post=648"},{"taxonomy":"product_cat","embeddable":true,"href":"https:\/\/letrum.ee\/index.php?rest_route=%2Fwp%2Fv2%2Fproduct_cat&post=648"},{"taxonomy":"product_tag","embeddable":true,"href":"https:\/\/letrum.ee\/index.php?rest_route=%2Fwp%2Fv2%2Fproduct_tag&post=648"}],"curies":[{"name":"wp","href":"https:\/\/api.w.org\/{rel}","templated":true}]}}