{"id":642,"date":"2026-02-19T11:29:11","date_gmt":"2026-02-19T09:29:11","guid":{"rendered":"https:\/\/letrum.ee\/?post_type=product&#038;p=642"},"modified":"2026-02-19T11:29:27","modified_gmt":"2026-02-19T09:29:27","slug":"fanuci-futura-laserpuhastus-fiber-mopa-tehnoloogia","status":"publish","type":"product","link":"https:\/\/letrum.ee\/?product=fanuci-futura-laserpuhastus-fiber-mopa-tehnoloogia","title":{"rendered":"FANUCI Futura \u2013 laserpuhastus (FIBER &#038; MOPA tehnoloogia)"},"content":{"rendered":"<h4 data-path-to-node=\"7\"><b data-path-to-node=\"7\" data-index-in-node=\"0\">FANUCI Futura: Nutikas valik t\u00f6\u00f6stuslikuks pindade puhastamiseks<\/b><\/h4>\n<p data-path-to-node=\"8\">FANUCI Futura seeria toob teieni kaks erinevat tehnoloogilist l\u00e4henemist, et tagada t\u00e4iuslik tulemus igal materjalil. Olgu tegemist massiivse teraskonstruktsiooni v\u00f5i tundliku vormi puhastamisega \u2013 Futura on loodud kestma ja pakkuma maksimaalset efektiivsust.<\/p>\n<p data-path-to-node=\"9\"><b data-path-to-node=\"9\" data-index-in-node=\"0\">Vali oma vajadustele vastav tehnoloogia:<\/b><\/p>\n<p data-path-to-node=\"10\"><b data-path-to-node=\"10\" data-index-in-node=\"0\">1. FANUCI Futura FIBER (1000W \u2013 2000W)<\/b> M\u00f5eldud suuremahulisteks t\u00f6\u00f6deks, kus on vaja suurt j\u00f5udlust. Ideaalne paksude v\u00e4rvikihtide ja s\u00fcva-rooste eemaldamiseks.<\/p>\n<ul data-path-to-node=\"11\">\n<li>\n<p data-path-to-node=\"11,0,0\"><b data-path-to-node=\"11,0,0\" data-index-in-node=\"0\">1000W Fiber:<\/b> 12 015 \u20ac + KM<\/p>\n<\/li>\n<li>\n<p data-path-to-node=\"11,1,0\"><b data-path-to-node=\"11,1,0\" data-index-in-node=\"0\">1500W Fiber:<\/b> 13 365 \u20ac + KM<\/p>\n<\/li>\n<li>\n<p data-path-to-node=\"11,2,0\"><b data-path-to-node=\"11,2,0\" data-index-in-node=\"0\">2000W Fiber:<\/b> 17 415 \u20ac + KM<\/p>\n<\/li>\n<\/ul>\n<p data-path-to-node=\"12\"><b data-path-to-node=\"12\" data-index-in-node=\"0\">2. FANUCI Futura MOPA (100W \u2013 500W)<\/b> MOPA tehnoloogia pakub reguleeritavat impulsi pikkust, mis v\u00f5imaldab puhastada \u00fclitundlikke pindu (nt vormid, \u00f5hukesed metallid, oksiidide eemaldamine) ilma materjali termiliselt kahjustamata. See on puhastusmaailma &#8220;kirurgia&#8221;.<\/p>\n<ul data-path-to-node=\"13\">\n<li>\n<p data-path-to-node=\"13,0,0\"><b data-path-to-node=\"13,0,0\" data-index-in-node=\"0\">100W MOPA:<\/b> 17 415 \u20ac + KM<\/p>\n<\/li>\n<li>\n<p data-path-to-node=\"13,1,0\"><b data-path-to-node=\"13,1,0\" data-index-in-node=\"0\">200W MOPA:<\/b> 22 815 \u20ac + KM<\/p>\n<\/li>\n<li>\n<p data-path-to-node=\"13,2,0\"><b data-path-to-node=\"13,2,0\" data-index-in-node=\"0\">300W MOPA:<\/b> 37 665 \u20ac + KM<\/p>\n<\/li>\n<li>\n<p data-path-to-node=\"13,3,0\"><b data-path-to-node=\"13,3,0\" data-index-in-node=\"0\">500W MOPA (Fiber-korpuses disain):<\/b> 63 315 \u20ac + KM<\/p>\n<\/li>\n<\/ul>\n<p data-path-to-node=\"14\"><b data-path-to-node=\"14\" data-index-in-node=\"0\">FANUCI Futura peamised eelised:<\/b><\/p>\n<ul data-path-to-node=\"15\">\n<li>\n<p data-path-to-node=\"15,0,0\"><b data-path-to-node=\"15,0,0\" data-index-in-node=\"0\">Kontaktivaba ja abrasiivivaba:<\/b> Ei kahjusta puhastatavat pinda, s\u00e4ilitades detaili algsed m\u00f5\u00f5tmed ja tekstuuri.<\/p>\n<\/li>\n<li>\n<p data-path-to-node=\"15,1,0\"><b data-path-to-node=\"15,1,0\" data-index-in-node=\"0\">\u00d6koloogiline ja puhas:<\/b> Puudub vajadus kemikaalide v\u00f5i liiva j\u00e4rele. V\u00e4hene m\u00fcratase ja tolmuvaba t\u00f6\u00f6protsess.<\/p>\n<\/li>\n<li>\n<p data-path-to-node=\"15,2,0\"><b data-path-to-node=\"15,2,0\" data-index-in-node=\"0\">Madalad kulud:<\/b> Peale kaitseklaasi puuduvad seadmel kuluosad. T\u00e4nu kiirele t\u00f6\u00f6protsessile tasub investeering end kiiresti \u00e4ra.<\/p>\n<\/li>\n<li>\n<p data-path-to-node=\"15,3,0\"><b data-path-to-node=\"15,3,0\" data-index-in-node=\"0\">Tark tarkvara ja ergonoomika:<\/b> <b data-path-to-node=\"15,3,0\" data-index-in-node=\"30\">LaserCLEAN<\/b> operatsioonis\u00fcsteem v\u00f5imaldab seadistada puhastusala kuju ja laiust vastavalt detailile.<\/p>\n<\/li>\n<li>\n<p data-path-to-node=\"15,4,0\"><b data-path-to-node=\"15,4,0\" data-index-in-node=\"0\">Sertifitseeritud turvalisus:<\/b> Vastab k\u00f5rgeimatele rahvusvahelistele standarditele (CE, SGS, TUV, FDA).<\/p>\n<\/li>\n<\/ul>\n<p data-path-to-node=\"16\"><b data-path-to-node=\"16\" data-index-in-node=\"0\">Garantii ja tugi:<\/b> Letrum O\u00dc on FANUCI ametlik maaletooja, pakkudes seadmetele terviklikku <b data-path-to-node=\"16\" data-index-in-node=\"90\">2 kuni 5-aastast garantiid<\/b>, paigaldust ja p\u00f5hjalikku kasutajakoolitust Sinu asukohas.<\/p>\n<table data-path-to-node=\"12\">\n<thead>\n<tr>\n<td><strong>Tehniline n\u00e4itaja<\/strong><\/td>\n<td><strong>FIBER tehnoloogia<\/strong><\/td>\n<td><strong>MOPA tehnoloogia<\/strong><\/td>\n<\/tr>\n<\/thead>\n<tbody>\n<tr>\n<td><span data-path-to-node=\"12,1,0,0\"><b data-path-to-node=\"12,1,0,0\" data-index-in-node=\"0\">V\u00f5imsus<\/b><\/span><\/td>\n<td><span data-path-to-node=\"12,1,1,0\">1000W \/ 1500W \/ 2000W<\/span><\/td>\n<td><span data-path-to-node=\"12,1,2,0\">100W \/ 200W \/ 300W \/ 500W<\/span><\/td>\n<\/tr>\n<tr>\n<td><span data-path-to-node=\"12,2,0,0\"><b data-path-to-node=\"12,2,0,0\" data-index-in-node=\"0\">Peamine kasutus<\/b><\/span><\/td>\n<td><span data-path-to-node=\"12,2,1,0\">Kiire rooste ja v\u00e4rvi eemaldamine<\/span><\/td>\n<td><span data-path-to-node=\"12,2,2,0\">\u00dclit\u00e4pne puhastus, oksiidid, vormid<\/span><\/td>\n<\/tr>\n<tr>\n<td><span data-path-to-node=\"12,3,0,0\"><b data-path-to-node=\"12,3,0,0\" data-index-in-node=\"0\">Impulsi sagedus<\/b><\/span><\/td>\n<td><span data-path-to-node=\"12,3,1,0\">Fikseeritud<\/span><\/td>\n<td><span data-path-to-node=\"12,3,2,0\"><b data-path-to-node=\"12,3,2,0\" data-index-in-node=\"0\">Reguleeritav (0-2000 kHz)<\/b><\/span><\/td>\n<\/tr>\n<tr>\n<td><span data-path-to-node=\"12,4,0,0\"><b data-path-to-node=\"12,4,0,0\" data-index-in-node=\"0\">Impulsi pikkus<\/b><\/span><\/td>\n<td><span data-path-to-node=\"12,4,1,0\">Standardne<\/span><\/td>\n<td><span data-path-to-node=\"12,4,2,0\"><b data-path-to-node=\"12,4,2,0\" data-index-in-node=\"0\">Muudetav (ns)<\/b> \u2013 hoiab \u00e4ra materjali kuumenemise<\/span><\/td>\n<\/tr>\n<tr>\n<td><span data-path-to-node=\"12,5,0,0\"><b data-path-to-node=\"12,5,0,0\" data-index-in-node=\"0\">Puhastusala laius<\/b><\/span><\/td>\n<td><span data-path-to-node=\"12,5,1,0\">Kuni 150 mm (Wobble)<\/span><\/td>\n<td><span data-path-to-node=\"12,5,2,0\">Kuni 150 mm (Wobble)<\/span><\/td>\n<\/tr>\n<tr>\n<td><span data-path-to-node=\"12,6,0,0\"><b data-path-to-node=\"12,6,0,0\" data-index-in-node=\"0\">Puhastuskiirus<\/b><\/span><\/td>\n<td><span data-path-to-node=\"12,6,1,0\">Kuni 15-40 m\u00b2\/h<\/span><\/td>\n<td><span data-path-to-node=\"12,6,2,0\">S\u00f5ltub t\u00e4psusastmest ja kihist<\/span><\/td>\n<\/tr>\n<tr>\n<td><span data-path-to-node=\"12,7,0,0\"><b data-path-to-node=\"12,7,0,0\" data-index-in-node=\"0\">Kuluosad<\/b><\/span><\/td>\n<td><span data-path-to-node=\"12,7,1,0\">Ainult kaitseklaas<\/span><\/td>\n<td><span data-path-to-node=\"12,7,2,0\">Ainult kaitseklaas<\/span><\/td>\n<\/tr>\n<\/tbody>\n<\/table>\n<p data-path-to-node=\"17\">\n","protected":false},"excerpt":{"rendered":"<p>FANUCI Futura on turu eesrindlikum laserpuhastuss\u00fcsteem, mis pakub kontaktivaba ja keskkonnas\u00f5bralikku lahendust pindade ettevalmistamiseks. Kasutades tipptasemel <b data-path-to-node=\"4\" data-index-in-node=\"163\">FIBER<\/b> ja <b data-path-to-node=\"4\" data-index-in-node=\"172\">MOPA<\/b> tehnoloogiat, eemaldab seade vaevata rooste, v\u00e4rvi, \u00f5li ja oksiidikihi ilma aluspinda kahjustamata. See on efektiivne alternatiiv liivapritsile ja keemilisele puhastusele, sobides ideaalselt nii rasket\u00f6\u00f6stusesse kui ka \u00fclit\u00e4pseteks puhastust\u00f6\u00f6deks. <b data-path-to-node=\"4\" data-index-in-node=\"426\">Hinnad alates 12 015 \u20ac (1000W Fiber) kuni 63 315 \u20ac (500W MOPA).<\/b><\/p>\n","protected":false},"featured_media":644,"comment_status":"open","ping_status":"closed","template":"","meta":[],"product_brand":[],"product_cat":[57],"product_tag":[],"class_list":{"0":"post-642","1":"product","2":"type-product","3":"status-publish","4":"has-post-thumbnail","6":"product_cat-laserseadmed","8":"first","9":"instock","10":"shipping-taxable","11":"purchasable","12":"product-type-simple"},"jetpack_sharing_enabled":true,"_links":{"self":[{"href":"https:\/\/letrum.ee\/index.php?rest_route=\/wp\/v2\/product\/642","targetHints":{"allow":["GET"]}}],"collection":[{"href":"https:\/\/letrum.ee\/index.php?rest_route=\/wp\/v2\/product"}],"about":[{"href":"https:\/\/letrum.ee\/index.php?rest_route=\/wp\/v2\/types\/product"}],"replies":[{"embeddable":true,"href":"https:\/\/letrum.ee\/index.php?rest_route=%2Fwp%2Fv2%2Fcomments&post=642"}],"wp:featuredmedia":[{"embeddable":true,"href":"https:\/\/letrum.ee\/index.php?rest_route=\/wp\/v2\/media\/644"}],"wp:attachment":[{"href":"https:\/\/letrum.ee\/index.php?rest_route=%2Fwp%2Fv2%2Fmedia&parent=642"}],"wp:term":[{"taxonomy":"product_brand","embeddable":true,"href":"https:\/\/letrum.ee\/index.php?rest_route=%2Fwp%2Fv2%2Fproduct_brand&post=642"},{"taxonomy":"product_cat","embeddable":true,"href":"https:\/\/letrum.ee\/index.php?rest_route=%2Fwp%2Fv2%2Fproduct_cat&post=642"},{"taxonomy":"product_tag","embeddable":true,"href":"https:\/\/letrum.ee\/index.php?rest_route=%2Fwp%2Fv2%2Fproduct_tag&post=642"}],"curies":[{"name":"wp","href":"https:\/\/api.w.org\/{rel}","templated":true}]}}