{"id":299,"date":"2025-08-14T10:30:45","date_gmt":"2025-08-14T10:30:45","guid":{"rendered":"https:\/\/letrum.ee\/?post_type=product&#038;p=299"},"modified":"2025-08-14T12:09:06","modified_gmt":"2025-08-14T12:09:06","slug":"nielseni-fine-compound","status":"publish","type":"product","link":"https:\/\/letrum.ee\/?product=nielseni-fine-compound","title":{"rendered":"Nielseni Fine Compound"},"content":{"rendered":"<p>\u2705 Peamised omadused ja eelised<br \/>\nSuperpeen teradega viimistlus \u2013 \u00fchtlane ja kontrollitud abrasiiv tagab sileda, l\u00e4ikiva tulemuse<\/p>\n<p>S\u00fcgav l\u00e4iketalend \u2013 ideaalseks muudatuseks enne eksponatiivse viimistluse (nt wax v\u00f5i polish) peale kandmist<\/p>\n<p>Lihtne rakendada ja eemaldada \u2013 t\u00f6\u00f6tab h\u00e4sti masinaga ja k\u00e4sitsi, kuivab t\u00f5husalt<\/p>\n<p>Silikoone, ammooniaki ja t\u00e4itematerjale ei sisalda \u2013 sobib ideaalselt professionaalsetesse v\u00e4rvit\u00f6\u00f6kodadesse<\/p>\n<p>\ufe0f Sobib materjalidele<br \/>\nTeras-, alumiinium- ja komposiitdetailid<\/p>\n<p>Plastpinnad ja muud mittekonventsionaalsed materjalid<\/p>\n<p>\ufe0f Kasutusjuhend<br \/>\nMasinab:<br \/>\nRaputa pudelit enne kasutamist.<\/p>\n<p>Kandke kompound madala p\u00f6\u00f6rlemiskiirusega pinnale, v\u00e4ltides tilkumist.<\/p>\n<p>Suurendage p\u00f6\u00f6rlemiskiirust ja t\u00f6\u00f6delge kuni soovitud l\u00e4ige on saavutatud.<\/p>\n<p>K\u00e4sitsi kasutamine:<br \/>\nKandke v\u00e4ike kogus pehme lapiga ja h\u00f5\u00f5ruge \u00fchtlaselt ringjate liigutustega, kuni tulemus on sile ja s\u00e4rav.<\/p>\n","protected":false},"excerpt":{"rendered":"<p>\u2705 Peamised omadused ja eelised Superpeen teradega viimistlus \u2013 \u00fchtlane ja kontrollitud abrasiiv tagab sileda, l\u00e4ikiva tulemuse S\u00fcgav l\u00e4iketalend \u2013 ideaalseks muudatuseks enne eksponatiivse viimistluse (nt wax v\u00f5i polish) peale kandmist Lihtne rakendada ja eemaldada \u2013 t\u00f6\u00f6tab h\u00e4sti masinaga ja k\u00e4sitsi, kuivab t\u00f5husalt Silikoone, ammooniaki ja t\u00e4itematerjale ei sisalda \u2013 sobib ideaalselt professionaalsetesse v\u00e4rvit\u00f6\u00f6kodadesse \ufe0f Sobib materjalidele Teras-, alumiinium- ja komposiitdetailid Plastpinnad ja muud mittekonventsionaalsed materjalid \ufe0f Kasutusjuhend Masinab: Raputa pudelit enne kasutamist. Kandke kompound madala p\u00f6\u00f6rlemiskiirusega pinnale, v\u00e4ltides tilkumist. Suurendage p\u00f6\u00f6rlemiskiirust ja t\u00f6\u00f6delge kuni soovitud l\u00e4ige on saavutatud. K\u00e4sitsi kasutamine: Kandke v\u00e4ike kogus pehme lapiga ja h\u00f5\u00f5ruge \u00fchtlaselt ringjate liigutustega, kuni tulemus on sile ja s\u00e4rav.<\/p>\n","protected":false},"featured_media":305,"comment_status":"open","ping_status":"closed","template":"","meta":[],"product_brand":[51],"product_cat":[15,56],"product_tag":[],"class_list":{"0":"post-299","1":"product","2":"type-product","3":"status-publish","4":"has-post-thumbnail","6":"product_brand-nielsen","7":"product_cat-uncategorized","8":"product_cat-soidukite-pesu-ja-puhastus","10":"first","11":"instock","12":"shipping-taxable","13":"purchasable","14":"product-type-simple"},"jetpack_sharing_enabled":true,"_links":{"self":[{"href":"https:\/\/letrum.ee\/index.php?rest_route=\/wp\/v2\/product\/299","targetHints":{"allow":["GET"]}}],"collection":[{"href":"https:\/\/letrum.ee\/index.php?rest_route=\/wp\/v2\/product"}],"about":[{"href":"https:\/\/letrum.ee\/index.php?rest_route=\/wp\/v2\/types\/product"}],"replies":[{"embeddable":true,"href":"https:\/\/letrum.ee\/index.php?rest_route=%2Fwp%2Fv2%2Fcomments&post=299"}],"wp:featuredmedia":[{"embeddable":true,"href":"https:\/\/letrum.ee\/index.php?rest_route=\/wp\/v2\/media\/305"}],"wp:attachment":[{"href":"https:\/\/letrum.ee\/index.php?rest_route=%2Fwp%2Fv2%2Fmedia&parent=299"}],"wp:term":[{"taxonomy":"product_brand","embeddable":true,"href":"https:\/\/letrum.ee\/index.php?rest_route=%2Fwp%2Fv2%2Fproduct_brand&post=299"},{"taxonomy":"product_cat","embeddable":true,"href":"https:\/\/letrum.ee\/index.php?rest_route=%2Fwp%2Fv2%2Fproduct_cat&post=299"},{"taxonomy":"product_tag","embeddable":true,"href":"https:\/\/letrum.ee\/index.php?rest_route=%2Fwp%2Fv2%2Fproduct_tag&post=299"}],"curies":[{"name":"wp","href":"https:\/\/api.w.org\/{rel}","templated":true}]}}