{"id":295,"date":"2025-08-14T10:30:45","date_gmt":"2025-08-14T10:30:45","guid":{"rendered":"https:\/\/letrum.ee\/?post_type=product&#038;p=295"},"modified":"2025-08-21T08:13:05","modified_gmt":"2025-08-21T08:13:05","slug":"nielseni-ph-neutral-snow-foam","status":"publish","type":"product","link":"https:\/\/letrum.ee\/?product=nielseni-ph-neutral-snow-foam","title":{"rendered":"Nielseni pH Neutral Snow Foam"},"content":{"rendered":"<p>\u2705 P\u00f5hifunktsioonid ja eelised<br \/>\nK\u00d5RGE VAHT &#038; pikendatud ty\u00f6aeg: paks vaht j\u00e4\u00e4b pinnale, pehmendades mustust ja rasva esmalt enne loputust<\/p>\n<p>Ohutu k\u00f5ikidele pindadele: neutraalne pH v\u00e4\u00e4rtus, kaitseb vaha, kilet ja v\u00e4rve, sh mattv\u00e4rv<\/p>\n<p>M\u00f5nusalt pehme puhastus: kerge puhastus ilma tugeva abrasiivita<\/p>\n<p>Kriimuvastus pesu eros: enne k\u00e4sipesu kasutamine aitab v\u00e4hendada swirl-eha ohtu<\/p>\n<p> Tehnilised andmed<br \/>\nTootekood: R920<\/p>\n<p>Pakendi valikud: 1\u202fL ja 5\u202fL <\/p>\n<p>pH-tase: Neutraalne, eriti \u00f5rn pigist\u4fdd\u62a4<\/p>\n<p>Sisaldab: aktiivseid pindaktiivseid aineid, mis lahustavad p\u00f5lemisj\u00e4\u00e4nuseid (\u00f5lid, putukad, liimid)<\/p>\n<p>Ohutus: ohutu s\u00f5iduki nii interj\u00f6\u00f6ri kui v\u00e4lispinna jaoks<\/p>\n<p> Kasutusjuhend<br \/>\nEsmalt loputage s\u00f5iduk survepesuriga lahtise mustuse eemaldamiseks <\/p>\n<p>Valmista lahus: segu 1 osa vahendit + 4 osa vett snowfoam-pudelis <\/p>\n<p>Pihusta kogu auto pind \u00fcles\u2011alla liikumises.<\/p>\n<p>J\u00e4ta toimele 3\u20135 minutit (olin 5 minutit soovitatav aeg) \u2013 see on hea aeg velgi t\u00f6\u00f6delda.<\/p>\n<p>Loputa hoolikalt survepesuriga, \u00e4ra lase vahul kuivada<\/p>\n","protected":false},"excerpt":{"rendered":"<p>\u2705 P\u00f5hifunktsioonid ja eelised K\u00d5RGE VAHT &#038; pikendatud ty\u00f6aeg: paks vaht j\u00e4\u00e4b pinnale, pehmendades mustust ja rasva esmalt enne loputust Ohutu k\u00f5ikidele pindadele: neutraalne pH v\u00e4\u00e4rtus, kaitseb vaha, kilet ja v\u00e4rve, sh mattv\u00e4rv M\u00f5nusalt pehme puhastus: kerge puhastus ilma tugeva abrasiivita Kriimuvastus pesu eros: enne k\u00e4sipesu kasutamine aitab v\u00e4hendada swirl-eha ohtu Tehnilised andmed Tootekood: R920 Pakendi valikud: 1\u202fL ja 5\u202fL pH-tase: Neutraalne, eriti \u00f5rn pigist\u4fdd\u62a4 Sisaldab: aktiivseid pindaktiivseid aineid, mis lahustavad p\u00f5lemisj\u00e4\u00e4nuseid (\u00f5lid, putukad, liimid) Ohutus: ohutu s\u00f5iduki nii interj\u00f6\u00f6ri kui v\u00e4lispinna jaoks Kasutusjuhend Esmalt loputage s\u00f5iduk survepesuriga lahtise mustuse eemaldamiseks Valmista lahus: segu 1 osa vahendit + 4 osa vett snowfoam-pudelis Pihusta kogu auto pind \u00fcles\u2011alla liikumises. J\u00e4ta toimele 3\u20135 minutit (olin 5 minutit soovitatav aeg) \u2013 see on hea aeg velgi t\u00f6\u00f6delda. Loputa hoolikalt survepesuriga, \u00e4ra lase vahul kuivada<\/p>\n","protected":false},"featured_media":301,"comment_status":"open","ping_status":"closed","template":"","meta":[],"product_brand":[51],"product_cat":[15,56,72],"product_tag":[],"class_list":{"0":"post-295","1":"product","2":"type-product","3":"status-publish","4":"has-post-thumbnail","6":"product_brand-nielsen","7":"product_cat-uncategorized","8":"product_cat-soidukite-pesu-ja-puhastus","9":"product_cat-valispesu","11":"first","12":"instock","13":"shipping-taxable","14":"purchasable","15":"product-type-simple"},"jetpack_sharing_enabled":true,"_links":{"self":[{"href":"https:\/\/letrum.ee\/index.php?rest_route=\/wp\/v2\/product\/295","targetHints":{"allow":["GET"]}}],"collection":[{"href":"https:\/\/letrum.ee\/index.php?rest_route=\/wp\/v2\/product"}],"about":[{"href":"https:\/\/letrum.ee\/index.php?rest_route=\/wp\/v2\/types\/product"}],"replies":[{"embeddable":true,"href":"https:\/\/letrum.ee\/index.php?rest_route=%2Fwp%2Fv2%2Fcomments&post=295"}],"wp:featuredmedia":[{"embeddable":true,"href":"https:\/\/letrum.ee\/index.php?rest_route=\/wp\/v2\/media\/301"}],"wp:attachment":[{"href":"https:\/\/letrum.ee\/index.php?rest_route=%2Fwp%2Fv2%2Fmedia&parent=295"}],"wp:term":[{"taxonomy":"product_brand","embeddable":true,"href":"https:\/\/letrum.ee\/index.php?rest_route=%2Fwp%2Fv2%2Fproduct_brand&post=295"},{"taxonomy":"product_cat","embeddable":true,"href":"https:\/\/letrum.ee\/index.php?rest_route=%2Fwp%2Fv2%2Fproduct_cat&post=295"},{"taxonomy":"product_tag","embeddable":true,"href":"https:\/\/letrum.ee\/index.php?rest_route=%2Fwp%2Fv2%2Fproduct_tag&post=295"}],"curies":[{"name":"wp","href":"https:\/\/api.w.org\/{rel}","templated":true}]}}