{"id":294,"date":"2025-08-14T10:30:45","date_gmt":"2025-08-14T10:30:45","guid":{"rendered":"https:\/\/letrum.ee\/?post_type=product&#038;p=294"},"modified":"2025-08-21T08:13:05","modified_gmt":"2025-08-21T08:13:05","slug":"nielseni-cherry-shampoo-kontsentreeritud-korgevahtne-ja-kriimukaitsega-autoshampoon","status":"publish","type":"product","link":"https:\/\/letrum.ee\/?product=nielseni-cherry-shampoo-kontsentreeritud-korgevahtne-ja-kriimukaitsega-autoshampoon","title":{"rendered":"Nielseni Cherry Shampoo \u2013 kontsentreeritud, k\u00f5rgevahtne ja kriimukaitsega autoshampoon"},"content":{"rendered":"<p>\u2705 Peamised omadused ja eelised<br \/>\nPalju vahutav \u2013 aitab v\u00e4ltida pindade kriimustusi pesemise ajal .<\/p>\n<p>Kontsentreeritud koostis \u2013 aitab kulusid kokku hoida, pakkudes \u00f6konoomset kasutust .<\/p>\n<p>Triipudeta loputus \u2013 j\u00e4tab pinna lumevalge ja triipudeta .<\/p>\n<p>Residuvaba \u2013 ei j\u00e4ta j\u00e4\u00e4ke, mis v\u00f5iksid kaitsekihte kahjustada .<\/p>\n<p>pH-neutraalne ja turvaline \u2013 sobib kasutamiseks nii lakitud kui muude kaetud pindade puhul<br \/>\n.<\/p>\n<p> Tehnilised andmed ja pakendid<br \/>\nTootekood: R926<\/p>\n<p>Pakendid: saadaval tavaliselt 500\u202fml, 1\u202fL ja 5\u202fL variantidena (kohalikus m\u00fc\u00fcgis saab t\u00e4psust k\u00fcsida)<br \/>\n.<\/p>\n<p>Koostis &#038; pH: pH-neutraalne, sisaldab pintolinahoidvaid vahendeid ja rikkalikku puhastusvahendit.<\/p>\n<p>Lahjendamine: Lisa umbes 2 korki \u0161ampooni \u00e4mbrisse ja aktiveeri vaht pihusti v\u00f5i survepesuriga .<\/p>\n<p>\ufe0f Kasutusjuhend<br \/>\nValmista pind ette: Loputa auto must v\u00e4line saaste (tolm, liiv).<\/p>\n<p>Lahjenda ja vahuta: Lisa 2 korki \u0161ampooni \u00e4mbrisse, aktiveeri vaht pihustiga v\u00f5i survepesuriga .<\/p>\n<p>Pesemine: Kasuta mikrofibra pesukinnast ja pese s\u00f5iduk alt \u00fcles.<\/p>\n<p>Loputus: Loputa pinnad \u00fcle puhta veega, et eemaldada vaht ja mustus.<\/p>\n<p>Kuivata: Kasuta kuivatamiseks mikrofibrit v\u00f5i nahknahka.<\/p>\n","protected":false},"excerpt":{"rendered":"<p>\u2705 Peamised omadused ja eelised Palju vahutav \u2013 aitab v\u00e4ltida pindade kriimustusi pesemise ajal . Kontsentreeritud koostis \u2013 aitab kulusid kokku hoida, pakkudes \u00f6konoomset kasutust . Triipudeta loputus \u2013 j\u00e4tab pinna lumevalge ja triipudeta . Residuvaba \u2013 ei j\u00e4ta j\u00e4\u00e4ke, mis v\u00f5iksid kaitsekihte kahjustada . pH-neutraalne ja turvaline \u2013 sobib kasutamiseks nii lakitud kui muude kaetud pindade puhul . Tehnilised andmed ja pakendid Tootekood: R926 Pakendid: saadaval tavaliselt 500\u202fml, 1\u202fL ja 5\u202fL variantidena (kohalikus m\u00fc\u00fcgis saab t\u00e4psust k\u00fcsida) . Koostis &#038; pH: pH-neutraalne, sisaldab pintolinahoidvaid vahendeid ja rikkalikku puhastusvahendit. Lahjendamine: Lisa umbes 2 korki \u0161ampooni \u00e4mbrisse ja aktiveeri vaht pihusti v\u00f5i survepesuriga . \ufe0f Kasutusjuhend Valmista pind ette: Loputa auto must v\u00e4line saaste (tolm, liiv). Lahjenda ja vahuta: Lisa 2 korki \u0161ampooni \u00e4mbrisse, aktiveeri vaht pihustiga v\u00f5i survepesuriga . Pesemine: Kasuta mikrofibra pesukinnast ja pese s\u00f5iduk alt \u00fcles. Loputus: Loputa pinnad \u00fcle puhta veega, et eemaldada vaht ja mustus. Kuivata: Kasuta kuivatamiseks mikrofibrit v\u00f5i nahknahka.<\/p>\n","protected":false},"featured_media":300,"comment_status":"open","ping_status":"closed","template":"","meta":[],"product_brand":[51],"product_cat":[15,56,72],"product_tag":[],"class_list":{"0":"post-294","1":"product","2":"type-product","3":"status-publish","4":"has-post-thumbnail","6":"product_brand-nielsen","7":"product_cat-uncategorized","8":"product_cat-soidukite-pesu-ja-puhastus","9":"product_cat-valispesu","11":"first","12":"instock","13":"shipping-taxable","14":"purchasable","15":"product-type-simple"},"jetpack_sharing_enabled":true,"_links":{"self":[{"href":"https:\/\/letrum.ee\/index.php?rest_route=\/wp\/v2\/product\/294","targetHints":{"allow":["GET"]}}],"collection":[{"href":"https:\/\/letrum.ee\/index.php?rest_route=\/wp\/v2\/product"}],"about":[{"href":"https:\/\/letrum.ee\/index.php?rest_route=\/wp\/v2\/types\/product"}],"replies":[{"embeddable":true,"href":"https:\/\/letrum.ee\/index.php?rest_route=%2Fwp%2Fv2%2Fcomments&post=294"}],"wp:featuredmedia":[{"embeddable":true,"href":"https:\/\/letrum.ee\/index.php?rest_route=\/wp\/v2\/media\/300"}],"wp:attachment":[{"href":"https:\/\/letrum.ee\/index.php?rest_route=%2Fwp%2Fv2%2Fmedia&parent=294"}],"wp:term":[{"taxonomy":"product_brand","embeddable":true,"href":"https:\/\/letrum.ee\/index.php?rest_route=%2Fwp%2Fv2%2Fproduct_brand&post=294"},{"taxonomy":"product_cat","embeddable":true,"href":"https:\/\/letrum.ee\/index.php?rest_route=%2Fwp%2Fv2%2Fproduct_cat&post=294"},{"taxonomy":"product_tag","embeddable":true,"href":"https:\/\/letrum.ee\/index.php?rest_route=%2Fwp%2Fv2%2Fproduct_tag&post=294"}],"curies":[{"name":"wp","href":"https:\/\/api.w.org\/{rel}","templated":true}]}}