{"id":278,"date":"2025-08-14T10:30:38","date_gmt":"2025-08-14T10:30:38","guid":{"rendered":"https:\/\/letrum.ee\/?post_type=product&#038;p=278"},"modified":"2025-08-14T12:09:06","modified_gmt":"2025-08-14T12:09:06","slug":"nielseni-non-silicone-tyre-dressing","status":"publish","type":"product","link":"https:\/\/letrum.ee\/?product=nielseni-non-silicone-tyre-dressing","title":{"rendered":"Nielseni Non Silicone Tyre Dressing"},"content":{"rendered":"<p>\u2705 Toote omadused ja eelised:<br \/>\nSilikoontasuta koostis: Ei sisalda silikooni, muutes selle sobivaks ka v\u00e4rvit\u00f6\u00f6kodadesse, kus silikooni sisaldavad tooted v\u00f5ivad v\u00e4rvikihti kahjustada.<\/p>\n<p>K\u00f5rge l\u00e4ige: Tagab rehvidele s\u00fcgava l\u00e4ike, andes neile v\u00e4rske ja hoolitsetud v\u00e4limuse.<\/p>\n<p>Mitmek\u00fclgsus: Sobib kasutamiseks rehvidel, kummil, plastikpindadel ja mudaflapidel.<\/p>\n<p>Kihiline kasutamine: V\u00f5ib kanda mitu kihti, et saavutada soovitud l\u00e4ikeaste.<\/p>\n<p>Lihtne kasutada: Kandke otse pinnale pihusti, harja v\u00f5i lapiga.<\/p>\n<p> Koostisosad ja tehnilised andmed:<br \/>\nV\u00e4limus: L\u00e4bipaistev vedelik<\/p>\n<p>V\u00e4rvus: Kollakas<\/p>\n<p>L\u00f5hn: Tsitruseline<\/p>\n<p>Lahustuvus vees: T\u00e4ielikult lahustuv<\/p>\n<p>pH v\u00e4\u00e4rtus: Neutraalne<\/p>\n<p>Pakendi suurused: 500 ml<\/p>\n<p>Ladustamine: Hoida originaalpakendis kuivas, jahedas ja h\u00e4sti ventileeritud kohas temperatuuril 4\u201340\u00b0C.<\/p>\n<p> Kasutusjuhend:<br \/>\nPindade ettevalmistamine: Veenduge, et rehvid ja muud t\u00f6\u00f6deldavad pinnad on puhtad ja kuivad.<\/p>\n<p>Kandmine: Kandke toode otse pinnale pihusti, harja v\u00f5i lapiga.<\/p>\n<p>\u00dcksik kiht: \u00dcks kiht tagab loomuliku l\u00e4ike.<\/p>\n<p>Mitmekihiline l\u00e4ige: Soovi korral kandke mitu kihti, et saavutada tugevam l\u00e4ige.<\/p>\n<p>\u00dcksikasjade puhastamine: P\u00fchkige \u00fcleliigne toode \u00e4ra, et v\u00e4ltida plekke.<\/p>\n","protected":false},"excerpt":{"rendered":"<p>\u2705 Toote omadused ja eelised: Silikoontasuta koostis: Ei sisalda silikooni, muutes selle sobivaks ka v\u00e4rvit\u00f6\u00f6kodadesse, kus silikooni sisaldavad tooted v\u00f5ivad v\u00e4rvikihti kahjustada. K\u00f5rge l\u00e4ige: Tagab rehvidele s\u00fcgava l\u00e4ike, andes neile v\u00e4rske ja hoolitsetud v\u00e4limuse. Mitmek\u00fclgsus: Sobib kasutamiseks rehvidel, kummil, plastikpindadel ja mudaflapidel. Kihiline kasutamine: V\u00f5ib kanda mitu kihti, et saavutada soovitud l\u00e4ikeaste. Lihtne kasutada: Kandke otse pinnale pihusti, harja v\u00f5i lapiga. Koostisosad ja tehnilised andmed: V\u00e4limus: L\u00e4bipaistev vedelik V\u00e4rvus: Kollakas L\u00f5hn: Tsitruseline Lahustuvus vees: T\u00e4ielikult lahustuv pH v\u00e4\u00e4rtus: Neutraalne Pakendi suurused: 500 ml Ladustamine: Hoida originaalpakendis kuivas, jahedas ja h\u00e4sti ventileeritud kohas temperatuuril 4\u201340\u00b0C. Kasutusjuhend: Pindade ettevalmistamine: Veenduge, et rehvid ja muud t\u00f6\u00f6deldavad pinnad on puhtad ja kuivad. Kandmine: Kandke toode otse pinnale pihusti, harja v\u00f5i lapiga. \u00dcksik kiht: \u00dcks kiht tagab loomuliku l\u00e4ike. Mitmekihiline l\u00e4ige: Soovi korral kandke mitu kihti, et saavutada tugevam l\u00e4ige. \u00dcksikasjade puhastamine: P\u00fchkige \u00fcleliigne toode \u00e4ra, et v\u00e4ltida plekke.<\/p>\n","protected":false},"featured_media":282,"comment_status":"open","ping_status":"closed","template":"","meta":[],"product_brand":[],"product_cat":[15,56],"product_tag":[],"class_list":{"0":"post-278","1":"product","2":"type-product","3":"status-publish","4":"has-post-thumbnail","6":"product_cat-uncategorized","7":"product_cat-soidukite-pesu-ja-puhastus","9":"first","10":"instock","11":"shipping-taxable","12":"purchasable","13":"product-type-simple"},"jetpack_sharing_enabled":true,"_links":{"self":[{"href":"https:\/\/letrum.ee\/index.php?rest_route=\/wp\/v2\/product\/278","targetHints":{"allow":["GET"]}}],"collection":[{"href":"https:\/\/letrum.ee\/index.php?rest_route=\/wp\/v2\/product"}],"about":[{"href":"https:\/\/letrum.ee\/index.php?rest_route=\/wp\/v2\/types\/product"}],"replies":[{"embeddable":true,"href":"https:\/\/letrum.ee\/index.php?rest_route=%2Fwp%2Fv2%2Fcomments&post=278"}],"wp:featuredmedia":[{"embeddable":true,"href":"https:\/\/letrum.ee\/index.php?rest_route=\/wp\/v2\/media\/282"}],"wp:attachment":[{"href":"https:\/\/letrum.ee\/index.php?rest_route=%2Fwp%2Fv2%2Fmedia&parent=278"}],"wp:term":[{"taxonomy":"product_brand","embeddable":true,"href":"https:\/\/letrum.ee\/index.php?rest_route=%2Fwp%2Fv2%2Fproduct_brand&post=278"},{"taxonomy":"product_cat","embeddable":true,"href":"https:\/\/letrum.ee\/index.php?rest_route=%2Fwp%2Fv2%2Fproduct_cat&post=278"},{"taxonomy":"product_tag","embeddable":true,"href":"https:\/\/letrum.ee\/index.php?rest_route=%2Fwp%2Fv2%2Fproduct_tag&post=278"}],"curies":[{"name":"wp","href":"https:\/\/api.w.org\/{rel}","templated":true}]}}