{"id":275,"date":"2025-08-14T10:30:38","date_gmt":"2025-08-14T10:30:38","guid":{"rendered":"https:\/\/letrum.ee\/?post_type=product&#038;p=275"},"modified":"2025-08-14T12:09:29","modified_gmt":"2025-08-14T12:09:29","slug":"jaisc-pro-mig-350","status":"publish","type":"product","link":"https:\/\/letrum.ee\/?product=jaisc-pro-mig-350","title":{"rendered":"Jaisc pro MIG 350"},"content":{"rendered":"<p>Olulisemad funktsioonid<\/p>\n<p>\u2705 MIG \/ MAG \/ MMA \/ Lift TIG funktsioonid<br \/>\n\u2705 Stabiilne kaar, minimaalne pritsimine<br \/>\n\u2705 T\u00f6\u00f6tab 0.8 \/ 1.0 \/ 1.2 mm keevitustraadi ja flux-core traadiga<br \/>\n\u2705 Digitaalne A\/V ekraan<br \/>\n\u2705 4-rulliga traadivedu \u2013 parem stabiilsus<br \/>\n\u2705 Burn back kontroll ja traadi &#8220;inching&#8221; funktsioon<br \/>\n\u2705 Spool gun tugi<br \/>\n\u2705 VRD-funktsioon MMA-re\u017eiimil<br \/>\n\u2705 Sobib generaatoriga (AVR s\u00f5bralik)<\/p>\n<p>Tehnilised andmed<\/p>\n<p>Sisendpinge: 400 V, 3-faas, 50\/60 Hz<\/p>\n<p>Keevitusvool: 50 \u2013 350 A<\/p>\n<p>T\u00f6\u00f6ts\u00fckkel @ 40\u00b0C: 350 A @ 40%<\/p>\n<p>T\u00fchijooksupinge: 62 V (VRD re\u017eiimis 19 V)<\/p>\n<p>Traadirulli suurus: kuni 300 mm<\/p>\n<p>Efektiivsus: 85%<\/p>\n<p>Kaal: 52 kg<\/p>\n<p>M\u00f5\u00f5tmed: 900 \u00d7 450 \u00d7 755 mm<\/p>\n<p>Kaitseklass: IP21S \/ Isolatsiooniklass F<\/p>\n<p>Garantii: 5 aastat<\/p>\n<p>Komplektis<\/p>\n<p>Inverterkeevitusseade Jasic MIG 352C<\/p>\n<p>MIG keevitusp\u00f5leti<\/p>\n<p>Massikaabel ja klamber<\/p>\n<p>Gaasivoolik ja reduktor<\/p>\n<p>Kasutusjuhend<\/p>\n<p>5-aastane garantii<\/p>\n<p> Kampaania raames tasuta 15 kg Hard Core keevitustraati<\/p>\n<p>Lisavarustus (v\u00f5imalik juurde osta)<\/p>\n<p>Spool Gun TSP-250-6 \u2013 spetsiaalne p\u00f5leti alumiinium- ja peentraadi keevituseks: hind 275 \u20ac + km<\/p>\n<p>MMA elektroodikaablite komplekt (WCS25-3WEL) \u2013 sobib MMA keevituseks: hind 55 \u20ac + km<\/p>\n<p>Jasic MIG 350 Separate (JM-352S) \u2013 eraldi traadialimentatsiooniga mudel: hind 1399 \u20ac + km<\/p>\n<p>Jasic MIG 350 Separate koos 10 m \u00fchenduskaabliga (JM-352S-10M): hind 1589 \u20ac + km<\/p>\n<p>Jasic MIG 350 Separate vesijahutusega (JM-352S-WC): hind 1635 \u20ac + km<\/p>\n<p>Jasic MIG 350 Separate 10 m kaabli ja vesijahutusega (JM-352S-10M-WC): hind 1825 \u20ac + km<\/p>\n<p>K\u00fcsi lisavarustuse saadavust ja komplekteerimisv\u00f5imalusi \u2013 aitame valida sobiva lahenduse just teie t\u00f6\u00f6ks!<\/p>\n","protected":false},"excerpt":{"rendered":"<p>Olulisemad funktsioonid \u2705 MIG \/ MAG \/ MMA \/ Lift TIG funktsioonid \u2705 Stabiilne kaar, minimaalne pritsimine \u2705 T\u00f6\u00f6tab 0.8 \/ 1.0 \/ 1.2 mm keevitustraadi ja flux-core traadiga \u2705 Digitaalne A\/V ekraan \u2705 4-rulliga traadivedu \u2013 parem stabiilsus \u2705 Burn back kontroll ja traadi &#8220;inching&#8221; funktsioon \u2705 Spool gun tugi \u2705 VRD-funktsioon MMA-re\u017eiimil \u2705 Sobib generaatoriga (AVR s\u00f5bralik) Tehnilised andmed Sisendpinge: 400 V, 3-faas, 50\/60 Hz Keevitusvool: 50 \u2013 350 A T\u00f6\u00f6ts\u00fckkel @ 40\u00b0C: 350 A @ 40% T\u00fchijooksupinge: 62 V (VRD re\u017eiimis 19 V) Traadirulli suurus: kuni 300 mm Efektiivsus: 85% Kaal: 52 kg M\u00f5\u00f5tmed: 900 \u00d7 450 \u00d7 755 mm Kaitseklass: IP21S \/ Isolatsiooniklass F Garantii: 5 aastat Komplektis Inverterkeevitusseade Jasic MIG 352C MIG keevitusp\u00f5leti Massikaabel ja klamber Gaasivoolik ja reduktor Kasutusjuhend 5-aastane garantii Kampaania raames tasuta 15 kg Hard Core keevitustraati Lisavarustus (v\u00f5imalik juurde osta) Spool Gun TSP-250-6 \u2013 spetsiaalne p\u00f5leti alumiinium- ja peentraadi keevituseks: hind 275 \u20ac + km MMA elektroodikaablite komplekt (WCS25-3WEL) \u2013 sobib MMA keevituseks: hind 55 \u20ac + km Jasic MIG 350 Separate (JM-352S) \u2013 eraldi traadialimentatsiooniga mudel: hind 1399 \u20ac + km Jasic MIG 350 Separate koos 10 m \u00fchenduskaabliga (JM-352S-10M): hind 1589 \u20ac + km Jasic MIG 350 Separate vesijahutusega (JM-352S-WC): hind 1635 \u20ac + km Jasic MIG 350 Separate 10 m kaabli ja vesijahutusega (JM-352S-10M-WC): hind 1825 \u20ac + km K\u00fcsi lisavarustuse saadavust ja komplekteerimisv\u00f5imalusi \u2013 aitame valida sobiva lahenduse just teie t\u00f6\u00f6ks!<\/p>\n","protected":false},"featured_media":281,"comment_status":"open","ping_status":"closed","template":"","meta":[],"product_brand":[],"product_cat":[15,61,52,54],"product_tag":[],"class_list":{"0":"post-275","1":"product","2":"type-product","3":"status-publish","4":"has-post-thumbnail","6":"product_cat-uncategorized","7":"product_cat-keevitus","8":"product_cat-keevitusmasinad","9":"product_cat-mig","11":"first","12":"instock","13":"sale","14":"shipping-taxable","15":"purchasable","16":"product-type-simple"},"jetpack_sharing_enabled":true,"_links":{"self":[{"href":"https:\/\/letrum.ee\/index.php?rest_route=\/wp\/v2\/product\/275","targetHints":{"allow":["GET"]}}],"collection":[{"href":"https:\/\/letrum.ee\/index.php?rest_route=\/wp\/v2\/product"}],"about":[{"href":"https:\/\/letrum.ee\/index.php?rest_route=\/wp\/v2\/types\/product"}],"replies":[{"embeddable":true,"href":"https:\/\/letrum.ee\/index.php?rest_route=%2Fwp%2Fv2%2Fcomments&post=275"}],"wp:featuredmedia":[{"embeddable":true,"href":"https:\/\/letrum.ee\/index.php?rest_route=\/wp\/v2\/media\/281"}],"wp:attachment":[{"href":"https:\/\/letrum.ee\/index.php?rest_route=%2Fwp%2Fv2%2Fmedia&parent=275"}],"wp:term":[{"taxonomy":"product_brand","embeddable":true,"href":"https:\/\/letrum.ee\/index.php?rest_route=%2Fwp%2Fv2%2Fproduct_brand&post=275"},{"taxonomy":"product_cat","embeddable":true,"href":"https:\/\/letrum.ee\/index.php?rest_route=%2Fwp%2Fv2%2Fproduct_cat&post=275"},{"taxonomy":"product_tag","embeddable":true,"href":"https:\/\/letrum.ee\/index.php?rest_route=%2Fwp%2Fv2%2Fproduct_tag&post=275"}],"curies":[{"name":"wp","href":"https:\/\/api.w.org\/{rel}","templated":true}]}}