{"id":273,"date":"2025-08-14T10:30:38","date_gmt":"2025-08-14T10:30:38","guid":{"rendered":"https:\/\/letrum.ee\/?post_type=product&#038;p=273"},"modified":"2026-02-20T11:55:56","modified_gmt":"2026-02-20T09:55:56","slug":"gpph-3d-keevitus-lauad","status":"publish","type":"product","link":"https:\/\/letrum.ee\/?product=gpph-3d-keevitus-lauad","title":{"rendered":"GPPH 3D keevitus lauad"},"content":{"rendered":"<ul class=\"pt-[9px] pb-[2px] pl-[24px] list-disc pt-[5px]\">\n<li class=\"text-body font-regular leading-[24px] my-[5px] [&amp;&gt;ol]:!pt-0 [&amp;&gt;ol]:!pb-0 [&amp;&gt;ul]:!pt-0 [&amp;&gt;ul]:!pb-0\" value=\"1\"><b><strong class=\"font-semibold\">PRO-seeria:<\/strong><\/b> K\u00f5rgeim kvaliteet ja vastupidavus intensiivseks kasutamiseks. Valmistatud S355J2+N terasest, kandev\u00f5ime kuni 1000 kg jala kohta. Sobib keerukatele t\u00f6\u00f6stusprojektidele, nagu autot\u00f6\u00f6stus ja lennundus.<\/li>\n<li class=\"text-body font-regular leading-[24px] my-[5px] [&amp;&gt;ol]:!pt-0 [&amp;&gt;ol]:!pb-0 [&amp;&gt;ul]:!pt-0 [&amp;&gt;ul]:!pb-0\" value=\"2\"><b><strong class=\"font-semibold\">STANDARD-seeria:<\/strong><\/b> Tasakaal kvaliteedi ja kulut\u00f5hususe vahel. Tugev ja usaldusv\u00e4\u00e4rne valik igap\u00e4evaseks kasutamiseks.<\/li>\n<li class=\"text-body font-regular leading-[24px] my-[5px] [&amp;&gt;ol]:!pt-0 [&amp;&gt;ol]:!pb-0 [&amp;&gt;ul]:!pt-0 [&amp;&gt;ul]:!pb-0\" value=\"3\"><b><strong class=\"font-semibold\">ECO-seeria:<\/strong><\/b> Eelarves\u00f5bralik lahendus v\u00e4iksemate projektide jaoks. Sama t\u00e4psus ja ergonoomika, kuid kergem konstruktsioon madalama koormuse jaoks.<\/li>\n<\/ul>\n<p class=\"text-body font-regular leading-[24px] pt-[9px] pb-[2px]\" dir=\"ltr\"><b><strong class=\"font-semibold\">Peamised eelised:<\/strong><\/b><\/p>\n<ul class=\"pt-[9px] pb-[2px] pl-[24px] list-disc pt-[5px]\">\n<li class=\"text-body font-regular leading-[24px] my-[5px] [&amp;&gt;ol]:!pt-0 [&amp;&gt;ol]:!pb-0 [&amp;&gt;ul]:!pt-0 [&amp;&gt;ul]:!pb-0\" value=\"1\"><b><strong class=\"font-semibold\">Kandev\u00f5ime:<\/strong><\/b> PRO-seerias kuni 1000 kg jala kohta, ECO-seerias v\u00e4iksema koormusega t\u00f6\u00f6ks.<\/li>\n<li class=\"text-body font-regular leading-[24px] my-[5px] [&amp;&gt;ol]:!pt-0 [&amp;&gt;ol]:!pb-0 [&amp;&gt;ul]:!pt-0 [&amp;&gt;ul]:!pb-0\" value=\"2\"><b><strong class=\"font-semibold\">Materjalid:<\/strong><\/b> K\u00f5ik lauad on valmistatud S355J2+N terasest, tagades pikaajalise vastupidavuse.<\/li>\n<li class=\"text-body font-regular leading-[24px] my-[5px] [&amp;&gt;ol]:!pt-0 [&amp;&gt;ol]:!pb-0 [&amp;&gt;ul]:!pt-0 [&amp;&gt;ul]:!pb-0\" value=\"3\"><b><strong class=\"font-semibold\">Ergonoomiline disain:<\/strong><\/b> Mugav ja t\u00e4pne t\u00f6\u00f6 igas olukorras.<\/li>\n<li class=\"text-body font-regular leading-[24px] my-[5px] [&amp;&gt;ol]:!pt-0 [&amp;&gt;ol]:!pb-0 [&amp;&gt;ul]:!pt-0 [&amp;&gt;ul]:!pb-0\" value=\"4\"><b><strong class=\"font-semibold\">Mitmek\u00fclgsus:<\/strong><\/b> Erinevad suurused ja konfiguratsioonid sobivad t\u00f6\u00f6stusharudele nagu ehitus, autot\u00f6\u00f6stus ja lennundus.<\/li>\n<\/ul>\n<p class=\"text-body font-regular leading-[24px] pt-[9px] pb-[2px]\" dir=\"ltr\">Hinnad ja t\u00e4psem valik on toote kataloogis <a href=\"https:\/\/gpph-group.com\/et\/offer-gpph\/\" rel=\"noopener\">https:\/\/gpph-group.com\/et\/offer-gpph\/<\/a><\/p>\n","protected":false},"excerpt":{"rendered":"<p>PRO-seeria: K\u00f5rgeim kvaliteet ja vastupidavus intensiivseks kasutamiseks. Valmistatud S355J2+N terasest, kandev\u00f5ime kuni 1000 kg jala kohta. Sobib keerukatele t\u00f6\u00f6stusprojektidele, nagu autot\u00f6\u00f6stus ja lennundus. STANDARD-seeria: Tasakaal kvaliteedi ja kulut\u00f5hususe vahel. Tugev ja usaldusv\u00e4\u00e4rne valik igap\u00e4evaseks kasutamiseks. ECO-seeria: Eelarves\u00f5bralik lahendus v\u00e4iksemate projektide jaoks. Sama t\u00e4psus ja ergonoomika, kuid kergem konstruktsioon madalama koormuse jaoks. Peamised eelised: Kandev\u00f5ime: PRO-seerias kuni 1000 kg jala kohta, ECO-seerias v\u00e4iksema koormusega t\u00f6\u00f6ks. Materjalid: K\u00f5ik lauad on valmistatud S355J2+N terasest, tagades pikaajalise vastupidavuse. Ergonoomiline disain: Mugav ja t\u00e4pne t\u00f6\u00f6 igas olukorras. Mitmek\u00fclgsus: Erinevad suurused ja konfiguratsioonid sobivad t\u00f6\u00f6stusharudele nagu ehitus, autot\u00f6\u00f6stus ja lennundus. Hinnad ja t\u00e4psem valik on toote kataloogis https:\/\/gpph-group.com\/et\/offer-gpph\/<\/p>\n","protected":false},"featured_media":279,"comment_status":"open","ping_status":"closed","template":"","meta":[],"product_brand":[],"product_cat":[15,61,62],"product_tag":[],"class_list":{"0":"post-273","1":"product","2":"type-product","3":"status-publish","4":"has-post-thumbnail","6":"product_cat-uncategorized","7":"product_cat-keevitus","8":"product_cat-keevitus-lauad","10":"first","11":"instock","12":"shipping-taxable","13":"product-type-simple"},"jetpack_sharing_enabled":true,"_links":{"self":[{"href":"https:\/\/letrum.ee\/index.php?rest_route=\/wp\/v2\/product\/273","targetHints":{"allow":["GET"]}}],"collection":[{"href":"https:\/\/letrum.ee\/index.php?rest_route=\/wp\/v2\/product"}],"about":[{"href":"https:\/\/letrum.ee\/index.php?rest_route=\/wp\/v2\/types\/product"}],"replies":[{"embeddable":true,"href":"https:\/\/letrum.ee\/index.php?rest_route=%2Fwp%2Fv2%2Fcomments&post=273"}],"wp:featuredmedia":[{"embeddable":true,"href":"https:\/\/letrum.ee\/index.php?rest_route=\/wp\/v2\/media\/279"}],"wp:attachment":[{"href":"https:\/\/letrum.ee\/index.php?rest_route=%2Fwp%2Fv2%2Fmedia&parent=273"}],"wp:term":[{"taxonomy":"product_brand","embeddable":true,"href":"https:\/\/letrum.ee\/index.php?rest_route=%2Fwp%2Fv2%2Fproduct_brand&post=273"},{"taxonomy":"product_cat","embeddable":true,"href":"https:\/\/letrum.ee\/index.php?rest_route=%2Fwp%2Fv2%2Fproduct_cat&post=273"},{"taxonomy":"product_tag","embeddable":true,"href":"https:\/\/letrum.ee\/index.php?rest_route=%2Fwp%2Fv2%2Fproduct_tag&post=273"}],"curies":[{"name":"wp","href":"https:\/\/api.w.org\/{rel}","templated":true}]}}