{"id":258,"date":"2025-08-14T10:30:37","date_gmt":"2025-08-14T10:30:37","guid":{"rendered":"https:\/\/letrum.ee\/?post_type=product&#038;p=258"},"modified":"2025-08-14T10:30:39","modified_gmt":"2025-08-14T10:30:39","slug":"eriti-tohus-puhastaja","status":"publish","type":"product","link":"https:\/\/letrum.ee\/?product=eriti-tohus-puhastaja","title":{"rendered":"ERITI T\u00d5HUS PUHASTAJA"},"content":{"rendered":"<p>Lahustisegu ETP-\u00dcliaktiivne lahustite ja emulgaatorite segu toornafta, rasva, t\u00f5rva ja bituumeni j\u00e4\u00e4kide eemaldamiseks erinevatelt k\u00f5vadelt pindadelt, seadmetelt ja mahutitest. Lahjendatav petroole\u00adumi v\u00f5i sarnaste lahustitega. ETTEVAATUST: Allaneelamisel v\u00f5i hingamisteedesse sattumisel v\u00f5ib olla surmav. P\u00f5hjustab raskeid silmakahjustusi. Hoida lastele k\u00e4ttesaamatus kohas. Kanda kaitsekindaid\/kaitser\u00f5ivastust\/kaitseprille\/kaitsemaski.<\/p>\n<p><a href=\"https:\/\/letrum.ee\/wp-content\/uploads\/2024\/06\/ETP_msds.pdf\" target=\"_blank\" rel=\"noopener\">Ohutuskaart<\/a><\/p>\n","protected":false},"excerpt":{"rendered":"<p>Toornafta, rasva, t\u00f5rva ja bituumeni j\u00e4\u00e4kide eemaldamiseks erinevatelt pindadelt.<\/p>\n","protected":false},"featured_media":0,"comment_status":"open","ping_status":"closed","template":"","meta":[],"product_brand":[],"product_cat":[15],"product_tag":[],"class_list":{"0":"post-258","1":"product","2":"type-product","3":"status-publish","5":"product_cat-uncategorized","7":"first","8":"instock","9":"shipping-taxable","10":"purchasable","11":"product-type-simple"},"jetpack_sharing_enabled":true,"_links":{"self":[{"href":"https:\/\/letrum.ee\/index.php?rest_route=\/wp\/v2\/product\/258","targetHints":{"allow":["GET"]}}],"collection":[{"href":"https:\/\/letrum.ee\/index.php?rest_route=\/wp\/v2\/product"}],"about":[{"href":"https:\/\/letrum.ee\/index.php?rest_route=\/wp\/v2\/types\/product"}],"replies":[{"embeddable":true,"href":"https:\/\/letrum.ee\/index.php?rest_route=%2Fwp%2Fv2%2Fcomments&post=258"}],"wp:attachment":[{"href":"https:\/\/letrum.ee\/index.php?rest_route=%2Fwp%2Fv2%2Fmedia&parent=258"}],"wp:term":[{"taxonomy":"product_brand","embeddable":true,"href":"https:\/\/letrum.ee\/index.php?rest_route=%2Fwp%2Fv2%2Fproduct_brand&post=258"},{"taxonomy":"product_cat","embeddable":true,"href":"https:\/\/letrum.ee\/index.php?rest_route=%2Fwp%2Fv2%2Fproduct_cat&post=258"},{"taxonomy":"product_tag","embeddable":true,"href":"https:\/\/letrum.ee\/index.php?rest_route=%2Fwp%2Fv2%2Fproduct_tag&post=258"}],"curies":[{"name":"wp","href":"https:\/\/api.w.org\/{rel}","templated":true}]}}