{"id":236,"date":"2025-08-14T10:30:31","date_gmt":"2025-08-14T10:30:31","guid":{"rendered":"https:\/\/letrum.ee\/?post_type=product&#038;p=236"},"modified":"2025-08-14T10:30:34","modified_gmt":"2025-08-14T10:30:34","slug":"chem-weld-100-750c-1100c","status":"publish","type":"product","link":"https:\/\/letrum.ee\/?product=chem-weld-100-750c-1100c","title":{"rendered":"CHEM-WELD 100 (750\u00b0C-1100\u00b0C)"},"content":{"rendered":"<p>CHEM-WELD 100<\/p>\n<p>U\u0308ldkasutatav pulbriline jootera\u0308busti kasutamiseks ko\u0303ikide jootevarrastega teraste, malmi ja vasesulamite jootmisel.<\/p>\n<p>\u0421\u043f\u0435\u0446\u0438\u0430\u043b\u044c\u043d\u044b\u0438\u0306 \u043f\u043e\u0440\u043e\u0448\u043a\u043e\u0432\u044b\u0438\u0306 \u0444\u043b\u044e\u0441 \u0434\u043b\u044f \u043f\u0440\u0438\u043c\u0435\u043d\u0435\u043d\u0438\u044f \u0441\u043e \u0432\u0441\u0435\u043c\u0438 \u0442\u0432\u0435\u0308\u0440\u0434\u044b\u043c\u0438 \u043f\u0440\u0438\u043f\u043e\u044f\u043c\u0438 \u043f\u0440\u0438 \u043f\u0430\u0438\u0306\u043a\u0435 \u0441\u0442\u0430\u043b\u0435\u0438\u0306, \u0447\u0443\u0433\u0443\u043d\u0430 \u0438 \u043c\u0435\u0434\u043d\u044b\u0445 \u0441\u043f\u043b\u0430\u0432\u043e\u0432.<\/p>\n<p>Aktiivne temperatuurivahemikus 750 \u2013 1100 C<\/p>\n<p>\u0410\u043a\u0442\u0438\u0432\u0435\u043d \u0438 \u0442\u0435\u043c\u043f\u0435\u0430\u0442\u0443\u0440\u043d\u043e\u043c \u043f\u0440\u043e\u043c\u0435\u0436\u0443\u0442\u043a\u0435 750 &#8211; 1100 C<\/p>\n<p>DIN 8511 F-SH 1<\/p>\n","protected":false},"excerpt":{"rendered":"<p>\u00dcldkasutatav pulbriline jooter\u00e4busti kasutamiseks k\u00f5ikide jootevarrastega teraste, malmi ja vasesulamite jootmisel.<\/p>\n","protected":false},"featured_media":0,"comment_status":"open","ping_status":"closed","template":"","meta":[],"product_brand":[],"product_cat":[15],"product_tag":[],"class_list":{"0":"post-236","1":"product","2":"type-product","3":"status-publish","5":"product_cat-uncategorized","7":"first","8":"instock","9":"shipping-taxable","10":"product-type-simple"},"jetpack_sharing_enabled":true,"_links":{"self":[{"href":"https:\/\/letrum.ee\/index.php?rest_route=\/wp\/v2\/product\/236","targetHints":{"allow":["GET"]}}],"collection":[{"href":"https:\/\/letrum.ee\/index.php?rest_route=\/wp\/v2\/product"}],"about":[{"href":"https:\/\/letrum.ee\/index.php?rest_route=\/wp\/v2\/types\/product"}],"replies":[{"embeddable":true,"href":"https:\/\/letrum.ee\/index.php?rest_route=%2Fwp%2Fv2%2Fcomments&post=236"}],"wp:attachment":[{"href":"https:\/\/letrum.ee\/index.php?rest_route=%2Fwp%2Fv2%2Fmedia&parent=236"}],"wp:term":[{"taxonomy":"product_brand","embeddable":true,"href":"https:\/\/letrum.ee\/index.php?rest_route=%2Fwp%2Fv2%2Fproduct_brand&post=236"},{"taxonomy":"product_cat","embeddable":true,"href":"https:\/\/letrum.ee\/index.php?rest_route=%2Fwp%2Fv2%2Fproduct_cat&post=236"},{"taxonomy":"product_tag","embeddable":true,"href":"https:\/\/letrum.ee\/index.php?rest_route=%2Fwp%2Fv2%2Fproduct_tag&post=236"}],"curies":[{"name":"wp","href":"https:\/\/api.w.org\/{rel}","templated":true}]}}