{"id":227,"date":"2025-08-14T10:30:30","date_gmt":"2025-08-14T10:30:30","guid":{"rendered":"https:\/\/letrum.ee\/?post_type=product&#038;p=227"},"modified":"2025-08-14T10:30:33","modified_gmt":"2025-08-14T10:30:33","slug":"chem-weld-4300","status":"publish","type":"product","link":"https:\/\/letrum.ee\/?product=chem-weld-4300","title":{"rendered":"CHEM-WELD 4300"},"content":{"rendered":"<p>CHEM-WELD 4300<\/p>\n<p>Ra\u0308buta\u0308idisega pronks-ko\u0303vajoodis.<\/p>\n<p>OMADUSED:<\/p>\n<ul>\n<li>Jootevarras sisaldab jootmiseks vajalikku puhastusra\u0308bustit. Selline moodus tagab ra\u0308busti pikaajalise sa\u0308ilivuse ja aine olemasolu jootevarda otsal kus see on just vajalik jootmise alustamiseks.<\/li>\n<li>Kuna ja\u0308a\u0308ke on va\u0308he on peale jootmist on ra\u0308buja\u0308a\u0308kide eemaldamine o\u0303mbluse pinnalt tunduvalt lihtsam kui enamiku joodiste puhul.<\/li>\n<li>Varrast vo\u0303ib vastavalt vajadusele painutada.<\/li>\n<li>Hea va\u0308rvikoosko\u0303la messingi ja pronksiga.<\/li>\n<li>Suurepa\u0308rane to\u0308o\u0308deldavus.<\/li>\n<\/ul>\n<p>KASUTAMINE:<br \/>\nSobib enamiku rauasulamite ja va\u0308rviliste metallide jootmiseks ja katmiseks nagu terased, malm, messing, pronks, vasesulamid, galvaniseeritud teras. Samuti nende materjalide kombineeritud jootmiseks.<br \/>\nTu\u0308u\u0308pilised kasutuskohad: autoremondito\u0308o\u0308kojad, remondito\u0308o\u0308kojad u\u0308ldiselt, terasmo\u0308o\u0308bli tootmine, jalgrataste raamid jne.<\/p>\n<p>Jootmisleek: neutr.terastele; atsetu\u0308leeni u\u0308lekaaluga vasele ja galv. Terasele.<\/p>\n","protected":false},"excerpt":{"rendered":"<p>R\u00e4but\u00e4idisega pronks-k\u00f5vajoodis.<\/p>\n","protected":false},"featured_media":0,"comment_status":"open","ping_status":"closed","template":"","meta":[],"product_brand":[],"product_cat":[15],"product_tag":[],"class_list":{"0":"post-227","1":"product","2":"type-product","3":"status-publish","5":"product_cat-uncategorized","7":"first","8":"instock","9":"shipping-taxable","10":"product-type-simple"},"jetpack_sharing_enabled":true,"_links":{"self":[{"href":"https:\/\/letrum.ee\/index.php?rest_route=\/wp\/v2\/product\/227","targetHints":{"allow":["GET"]}}],"collection":[{"href":"https:\/\/letrum.ee\/index.php?rest_route=\/wp\/v2\/product"}],"about":[{"href":"https:\/\/letrum.ee\/index.php?rest_route=\/wp\/v2\/types\/product"}],"replies":[{"embeddable":true,"href":"https:\/\/letrum.ee\/index.php?rest_route=%2Fwp%2Fv2%2Fcomments&post=227"}],"wp:attachment":[{"href":"https:\/\/letrum.ee\/index.php?rest_route=%2Fwp%2Fv2%2Fmedia&parent=227"}],"wp:term":[{"taxonomy":"product_brand","embeddable":true,"href":"https:\/\/letrum.ee\/index.php?rest_route=%2Fwp%2Fv2%2Fproduct_brand&post=227"},{"taxonomy":"product_cat","embeddable":true,"href":"https:\/\/letrum.ee\/index.php?rest_route=%2Fwp%2Fv2%2Fproduct_cat&post=227"},{"taxonomy":"product_tag","embeddable":true,"href":"https:\/\/letrum.ee\/index.php?rest_route=%2Fwp%2Fv2%2Fproduct_tag&post=227"}],"curies":[{"name":"wp","href":"https:\/\/api.w.org\/{rel}","templated":true}]}}