{"id":224,"date":"2025-08-14T10:30:30","date_gmt":"2025-08-14T10:30:30","guid":{"rendered":"https:\/\/letrum.ee\/?post_type=product&#038;p=224"},"modified":"2025-08-14T10:30:32","modified_gmt":"2025-08-14T10:30:32","slug":"chem-weld-900-2","status":"publish","type":"product","link":"https:\/\/letrum.ee\/?product=chem-weld-900-2","title":{"rendered":"CHEM-WELD 900"},"content":{"rendered":"<p>CHEM-WELD 900 AC\/DC<\/p>\n<p>Pronkselektrood, mis on va\u0308lja to\u0308o\u0308tatud parandama, katma ja liitma vasesulameid, pronksi ja valumalmi.<\/p>\n<ul>\n<li>Keevituseks ko\u0303ikidest asenditest<\/li>\n<li>Pooridevaba<\/li>\n<li>Va\u0308ga hea u\u0308hilduvus baasmetalli ja ta\u0308idisaine vahel<\/li>\n<li>Suurepa\u0308rane vastupidavus ho\u0303o\u0303rdumisel terastega<\/li>\n<li>Ko\u0303rged tugevusna\u0308itajad<\/li>\n<li>Suur katmiskiirus<\/li>\n<li>Ko\u0303rge korrosioonikindlus<\/li>\n<li>Eriti sobiv halvas seisundis valu katmiseks<\/li>\n<li>Kergelt eemaldatav ra\u0308bu<\/li>\n<\/ul>\n<p>Kasutuskohti: Fosforpronks, pumbad, turbiinid, u\u0308lekanded, vo\u0303llid, pumpade rootorid, so\u0303ukruvid.<\/p>\n<p>Tehnilised na\u0308itajad:<br \/>\nTO\u0303MBETUGEVUS \u00a0 35 &#8211; 40 KG\/MM2<br \/>\nELASTSUSPIIR \u00a018 &#8211; 21 KG\/MM2<br \/>\nVENIVUS \u00a030%<br \/>\nKO\u0303VADUS \u00a090 &#8211; 120 HB<\/p>\n<p>Kasutusmeetod:<br \/>\nEttevalmistus: Puhastada u\u0308hendatavad pinnad. So\u0303ltuvalt materjali paksusest faasida kas V vo\u0303i X- kujuliselt 70-80 kraadise nurga all kasutades mehhaanilisi lo\u0303ikevahendeid.<br \/>\nEelsoojendus: U\u0308ldiselt pole vajalik kui materjali paksus ulatub 4-5 mm-ni. Paksemate materjalide puhul soojendada va\u0308hemalt 300C. Ko\u0303rgem temperatuur tagab parema keevitatavuse. Keevitamine: Kasutage alalisvoolu, elektrood positiivsel poolusel vo\u0303i alternatiivset keevitust. Reguleerige voolutugevus elektroodile vastavaks. Alati kasutage minimaalset voolutugevust. Keevituskaar lu\u0308hike.<\/p>\n<p>NB! Pronksi jahtumine peale keevitust peab olema aeglane-soovitavalt 50C\/ tund.<\/p>\n","protected":false},"excerpt":{"rendered":"<p>Pronkselektrood, mis on v\u00e4lja t\u00f6\u00f6tatud parandama, katma ja liitma vasesulameid, pronksi ja valumalmi.<\/p>\n","protected":false},"featured_media":0,"comment_status":"open","ping_status":"closed","template":"","meta":[],"product_brand":[],"product_cat":[15],"product_tag":[],"class_list":{"0":"post-224","1":"product","2":"type-product","3":"status-publish","5":"product_cat-uncategorized","7":"first","8":"instock","9":"shipping-taxable","10":"product-type-simple"},"jetpack_sharing_enabled":true,"_links":{"self":[{"href":"https:\/\/letrum.ee\/index.php?rest_route=\/wp\/v2\/product\/224","targetHints":{"allow":["GET"]}}],"collection":[{"href":"https:\/\/letrum.ee\/index.php?rest_route=\/wp\/v2\/product"}],"about":[{"href":"https:\/\/letrum.ee\/index.php?rest_route=\/wp\/v2\/types\/product"}],"replies":[{"embeddable":true,"href":"https:\/\/letrum.ee\/index.php?rest_route=%2Fwp%2Fv2%2Fcomments&post=224"}],"wp:attachment":[{"href":"https:\/\/letrum.ee\/index.php?rest_route=%2Fwp%2Fv2%2Fmedia&parent=224"}],"wp:term":[{"taxonomy":"product_brand","embeddable":true,"href":"https:\/\/letrum.ee\/index.php?rest_route=%2Fwp%2Fv2%2Fproduct_brand&post=224"},{"taxonomy":"product_cat","embeddable":true,"href":"https:\/\/letrum.ee\/index.php?rest_route=%2Fwp%2Fv2%2Fproduct_cat&post=224"},{"taxonomy":"product_tag","embeddable":true,"href":"https:\/\/letrum.ee\/index.php?rest_route=%2Fwp%2Fv2%2Fproduct_tag&post=224"}],"curies":[{"name":"wp","href":"https:\/\/api.w.org\/{rel}","templated":true}]}}