{"id":219,"date":"2025-08-14T10:30:29","date_gmt":"2025-08-14T10:30:29","guid":{"rendered":"https:\/\/letrum.ee\/?post_type=product&#038;p=219"},"modified":"2025-08-14T10:30:32","modified_gmt":"2025-08-14T10:30:32","slug":"lewel-265","status":"publish","type":"product","link":"https:\/\/letrum.ee\/?product=lewel-265","title":{"rendered":"LEWEL 265"},"content":{"rendered":"<p>LeWel 265<\/p>\n<p>Mo\u0303o\u0303duka lo\u0308o\u0308gikindlusega kulumiskindel ko\u0303va pinnakatte elektrood.<\/p>\n<ul>\n<li>Baaskattega elektrood ko\u0303vapindamiseks<\/li>\n<li>Hea abrasioonikindlus ja mo\u0303o\u0303dukas lo\u0308o\u0308gikindlus.<\/li>\n<li>Kasutatav temperatuuridel kuni 500oC.<\/li>\n<li>Kasutegur 120%.<\/li>\n<\/ul>\n<p>RAHVUSVAHELINE SPETSIFIKATSIOON: DIN 8555: E 10-UM-65-G<\/p>\n<p>KASUTAMINE: Tigukonveierite, segumasinate labade, pumpade ja purustajate detailide katmiseks, mis to\u0308o\u0308tavad liiva, savi, tsemendi, maakide jne. keskkonnas.<\/p>\n<p>MIKROSTRUKTUUR: Martensiitne valumalm.<\/p>\n<p>KEEVISE TU\u0308U\u0308PANALU\u0308U\u0308S:<br \/>\nCMn 4,30,4<br \/>\nSi 0,7<br \/>\nCr 10,2<br \/>\nMo 1,9<\/p>\n<p>VA\u0308RVUS: Must<\/p>\n<p>TU\u0308U\u0308PNA\u0308ITAJAD: Lahjendamata keevismetalli maksimumna\u0308itajad:<br \/>\nKo\u0303vadus :<br \/>\n1. kiht 59 HRC<br \/>\n2. kiht 61 HRC<br \/>\n3. kiht 65 HRC<br \/>\n4. kiht 67 HRC<\/p>\n<p>SOOVITATAV POLAARSUS KEEVITAMISEL: DC Straight(-) vo\u0303i AC<\/p>\n<p>KEEVITUSASENDID: ko\u0303ik positsioonid v.a. u\u0308levalt alla<\/p>\n<p>KEEVITUSTEHNIKA: Kasutada minimaalset amperaazi ja keskmist kaare pikkust. U\u0308htlase o\u0303mbluse saamiseks levitage o\u0303mblust 3 x elektroodi la\u0308bimo\u0303o\u0303du ulatuses. Tekkiv va\u0308hene shlakk on u\u0308le keevitatav. Va\u0308hemalt 2 kihti tagavad soovitava tulemuse. O\u0303mbluse ristisuunas pragunemine on normaalne.<\/p>\n","protected":false},"excerpt":{"rendered":"<p>M\u00f5\u00f5duka l\u00f6\u00f6gikindlusega kulumiskindel k\u00f5va pinnakatte elektrood.<\/p>\n","protected":false},"featured_media":0,"comment_status":"open","ping_status":"closed","template":"","meta":[],"product_brand":[],"product_cat":[15],"product_tag":[],"class_list":{"0":"post-219","1":"product","2":"type-product","3":"status-publish","5":"product_cat-uncategorized","7":"first","8":"instock","9":"shipping-taxable","10":"product-type-simple"},"jetpack_sharing_enabled":true,"_links":{"self":[{"href":"https:\/\/letrum.ee\/index.php?rest_route=\/wp\/v2\/product\/219","targetHints":{"allow":["GET"]}}],"collection":[{"href":"https:\/\/letrum.ee\/index.php?rest_route=\/wp\/v2\/product"}],"about":[{"href":"https:\/\/letrum.ee\/index.php?rest_route=\/wp\/v2\/types\/product"}],"replies":[{"embeddable":true,"href":"https:\/\/letrum.ee\/index.php?rest_route=%2Fwp%2Fv2%2Fcomments&post=219"}],"wp:attachment":[{"href":"https:\/\/letrum.ee\/index.php?rest_route=%2Fwp%2Fv2%2Fmedia&parent=219"}],"wp:term":[{"taxonomy":"product_brand","embeddable":true,"href":"https:\/\/letrum.ee\/index.php?rest_route=%2Fwp%2Fv2%2Fproduct_brand&post=219"},{"taxonomy":"product_cat","embeddable":true,"href":"https:\/\/letrum.ee\/index.php?rest_route=%2Fwp%2Fv2%2Fproduct_cat&post=219"},{"taxonomy":"product_tag","embeddable":true,"href":"https:\/\/letrum.ee\/index.php?rest_route=%2Fwp%2Fv2%2Fproduct_tag&post=219"}],"curies":[{"name":"wp","href":"https:\/\/api.w.org\/{rel}","templated":true}]}}