{"id":217,"date":"2025-08-14T10:30:25","date_gmt":"2025-08-14T10:30:25","guid":{"rendered":"https:\/\/letrum.ee\/?post_type=product&#038;p=217"},"modified":"2025-08-14T10:30:27","modified_gmt":"2025-08-14T10:30:27","slug":"chem-weld-900","status":"publish","type":"product","link":"https:\/\/letrum.ee\/?product=chem-weld-900","title":{"rendered":"CHEM-WELD 900"},"content":{"rendered":"<p>Pronkselektrood, mis on v\u00e4lja t\u00f6\u00f6tatud parandama, katma ja liitma vasesulameid, pronksi ja valumalmi.<\/p>\n","protected":false},"excerpt":{"rendered":"<p>Pronkselektrood, mis on v\u00e4lja t\u00f6\u00f6tatud parandama, katma ja liitma vasesulameid, pronksi ja valumalmi.<\/p>\n","protected":false},"featured_media":0,"comment_status":"open","ping_status":"closed","template":"","meta":[],"product_brand":[],"product_cat":[15],"product_tag":[],"class_list":{"0":"post-217","1":"product","2":"type-product","3":"status-publish","5":"product_cat-uncategorized","7":"first","8":"instock","9":"shipping-taxable","10":"product-type-simple"},"jetpack_sharing_enabled":true,"_links":{"self":[{"href":"https:\/\/letrum.ee\/index.php?rest_route=\/wp\/v2\/product\/217","targetHints":{"allow":["GET"]}}],"collection":[{"href":"https:\/\/letrum.ee\/index.php?rest_route=\/wp\/v2\/product"}],"about":[{"href":"https:\/\/letrum.ee\/index.php?rest_route=\/wp\/v2\/types\/product"}],"replies":[{"embeddable":true,"href":"https:\/\/letrum.ee\/index.php?rest_route=%2Fwp%2Fv2%2Fcomments&post=217"}],"wp:attachment":[{"href":"https:\/\/letrum.ee\/index.php?rest_route=%2Fwp%2Fv2%2Fmedia&parent=217"}],"wp:term":[{"taxonomy":"product_brand","embeddable":true,"href":"https:\/\/letrum.ee\/index.php?rest_route=%2Fwp%2Fv2%2Fproduct_brand&post=217"},{"taxonomy":"product_cat","embeddable":true,"href":"https:\/\/letrum.ee\/index.php?rest_route=%2Fwp%2Fv2%2Fproduct_cat&post=217"},{"taxonomy":"product_tag","embeddable":true,"href":"https:\/\/letrum.ee\/index.php?rest_route=%2Fwp%2Fv2%2Fproduct_tag&post=217"}],"curies":[{"name":"wp","href":"https:\/\/api.w.org\/{rel}","templated":true}]}}