{"id":213,"date":"2025-08-14T10:30:25","date_gmt":"2025-08-14T10:30:25","guid":{"rendered":"https:\/\/letrum.ee\/?post_type=product&#038;p=213"},"modified":"2025-08-14T10:30:27","modified_gmt":"2025-08-14T10:30:27","slug":"lewel-610","status":"publish","type":"product","link":"https:\/\/letrum.ee\/?product=lewel-610","title":{"rendered":"LEWEL 610"},"content":{"rendered":"<p>LeWel 610<\/p>\n<p>Eriti hea to\u0308o\u0308deldavusega ko\u0303rge niklisisaldusega ku\u0308ljelt mittesu\u0308ttiv elektrood<\/p>\n<ul>\n<li>Elektroodi kate ei su\u0308tti ku\u0308ljelt isegi kuumana.<\/li>\n<li>Ebatavaliselt tugev keevituskaar tungib kergelt la\u0308bi o\u0303li ja mustuse.<\/li>\n<li>Va\u0308ga head keevitusomadused vertikaalis u\u0308les keevitamisel.<\/li>\n<li>Saadaval ka TIG ta\u0308itematerjalina.<\/li>\n<\/ul>\n<p>RAHVUSVAHELINE SPETSIFIKATSIOON: AWS\/ASME A 5.15: E NiCI DIN 8573: E Ni BG11 ISO 1071: E Ni NFA 81-342: E Ni BG 11<\/p>\n<p>KASUTAMINE:<br \/>\nEriti ha\u0308sti to\u0308o\u0308deldav sulam ko\u0303ikide keevitatavate malmitu\u0308u\u0308pide keevitamisel. Eriti sobilik keevituseks su\u0308gaval su\u0308vendites vo\u0303i kitsastes oludes ta\u0308nu voolu mittejuhtivale kattele. Kate.<\/p>\n<p>MIKROSTRUKTUUR: Austeniitne Nikkel koos peenteralise grafiidiga.<\/p>\n<p>VA\u0308RVUS: Must<\/p>\n<p>TU\u0308U\u0308PNA\u0308ITAJAD: Lahjendamata keevismetalli maksimumna\u0308itajad:<br \/>\nTo\u0303mbetugevus: 55,000 psi (380 N\/mm2)<br \/>\nVoolavuspiir: 38,000 psi (270 N\/mm2)<br \/>\nSuhteline pikenemine: 30%<br \/>\nKo\u0303vadus: Rockwell B 82-84, Brinell 155 Vickers 140<\/p>\n<p>SOOVITATAV POLAARSUS KEEVITAMISEL: DC Reverse (+) vo\u0303i AC<\/p>\n<p>SOOVITATAV AMPERAAZ:<br \/>\n2,5 mm 70-90 AMPS<br \/>\n3,25 mm 80-120 AMPS<br \/>\n4,0 mm 130-160 AMPS<\/p>\n<p>KEEVITUSASENDID: Ko\u0303ik positsioonid.<\/p>\n<p>KEEVITUSTEHNIKA: Kasutada lu\u0308hikest kaart ja kiiret liikumist pa\u0308risuunas. Ra\u0308bu vo\u0303imalik u\u0308le keevitada eemaldamata.<\/p>\n","protected":false},"excerpt":{"rendered":"<p>Eriti hea t\u00f6\u00f6deldavusega ja k\u00f5rge niklisisaldusega k\u00fcljelt mittes\u00fcttiv elektrood.<\/p>\n","protected":false},"featured_media":0,"comment_status":"open","ping_status":"closed","template":"","meta":[],"product_brand":[],"product_cat":[15],"product_tag":[],"class_list":{"0":"post-213","1":"product","2":"type-product","3":"status-publish","5":"product_cat-uncategorized","7":"first","8":"instock","9":"shipping-taxable","10":"product-type-simple"},"jetpack_sharing_enabled":true,"_links":{"self":[{"href":"https:\/\/letrum.ee\/index.php?rest_route=\/wp\/v2\/product\/213","targetHints":{"allow":["GET"]}}],"collection":[{"href":"https:\/\/letrum.ee\/index.php?rest_route=\/wp\/v2\/product"}],"about":[{"href":"https:\/\/letrum.ee\/index.php?rest_route=\/wp\/v2\/types\/product"}],"replies":[{"embeddable":true,"href":"https:\/\/letrum.ee\/index.php?rest_route=%2Fwp%2Fv2%2Fcomments&post=213"}],"wp:attachment":[{"href":"https:\/\/letrum.ee\/index.php?rest_route=%2Fwp%2Fv2%2Fmedia&parent=213"}],"wp:term":[{"taxonomy":"product_brand","embeddable":true,"href":"https:\/\/letrum.ee\/index.php?rest_route=%2Fwp%2Fv2%2Fproduct_brand&post=213"},{"taxonomy":"product_cat","embeddable":true,"href":"https:\/\/letrum.ee\/index.php?rest_route=%2Fwp%2Fv2%2Fproduct_cat&post=213"},{"taxonomy":"product_tag","embeddable":true,"href":"https:\/\/letrum.ee\/index.php?rest_route=%2Fwp%2Fv2%2Fproduct_tag&post=213"}],"curies":[{"name":"wp","href":"https:\/\/api.w.org\/{rel}","templated":true}]}}