{"id":209,"date":"2025-08-14T10:30:25","date_gmt":"2025-08-14T10:30:25","guid":{"rendered":"https:\/\/letrum.ee\/?post_type=product&#038;p=209"},"modified":"2026-02-27T10:47:23","modified_gmt":"2026-02-27T08:47:23","slug":"lewel-23","status":"publish","type":"product","link":"https:\/\/letrum.ee\/?product=lewel-23","title":{"rendered":"LEWEL 23 Roostevaba elektrood 3KG"},"content":{"rendered":"<div class=\"page\" title=\"Page 1\">\n<div class=\"layoutArea\">\n<div class=\"column\">\n<p>LeWel 23\u00a0 Hooldusto\u0308o\u0308deks sobiv ko\u0303rgekvaliteediline molu\u0308bdeenisisaldusega roostevaba elektrood.<\/p>\n<ul>\n<li>Suurepa\u0308rane asendkeevituse elektrood.<\/li>\n<li>Eriti madal su\u0308sinikusisaldus tagab ko\u0303rge korrosioonikindluse.<\/li>\n<li>Kasutatav Titaani ja Nioobiumiga legeeritud 316L terastel.<\/li>\n<\/ul>\n<p>RAHVUSVAHELINE SPETSIFIKATSIOON:<br \/>\nAWS\/ASME A 5.4: E 316L-16<br \/>\nEN 1600:E 19 12 3 LR32<br \/>\nDIN 8556 E 19.12.3 LR 26<br \/>\nISO 3581: E19.12.3 LR 26<br \/>\nNFA 81-343: EZ 19.12.3 LR 26<br \/>\nBS 619: E 5122 R 12<\/p>\n<p>KASUTAMINE: 1,5%- 3,0% Molu\u0308bdeeni sisaldavate roostevabade teraste keevitamiseks. Kasutatav punktso\u0308o\u0308bivus, hapete ja u\u0308ldise korrosiooni tingimustes.<\/p>\n<p>MICROSTRUKTUUR: Austeniit ferriidisisaldusega 3%-9%. Ferriidi nr.6<\/p>\n<p>VA\u0308RV: Helehall<\/p>\n<p>TU\u0308U\u0308PNA\u0308ITAJAD: Lahjendamata keevismetalli maksimumna\u0308itajad:<br \/>\nTo\u0303mbetugevus: 80,000 psi (550N\/mm2)<br \/>\nVoolavuspiir: 56,000 psi (390N \/mm2)<br \/>\nSuhteline pikenemine: 42%<br \/>\nK\u00f5vadus: Rockwell B96, Brinell 209<br \/>\nL\u00f6\u00f6gisitkus: 40J:-105c<\/p>\n<p>SOOVITATAV POLAARSUS KEEVITAMISEL: DC Reverse (+) vo\u0303i AC<\/p>\n<p>KEEVITUSASENDID: Ko\u0303ik positsioonid v.a.u\u0308levalt alla.<\/p>\n<p>KEEVITUSTEHNIKA: Puhastada keevituskoht saasteainetest ja vanadest o\u0303mblustest. Keevitada lu\u0308hikeste o\u0303mblustena.<\/p>\n<\/div>\n<\/div>\n<\/div>\n","protected":false},"excerpt":{"rendered":"<p>Hooldust\u00f6\u00f6deks sobiv mol\u00fcbdeenisisaldusega roostevaba elektrood.<\/p>\n","protected":false},"featured_media":665,"comment_status":"open","ping_status":"closed","template":"","meta":[],"product_brand":[],"product_cat":[76],"product_tag":[],"class_list":{"0":"post-209","1":"product","2":"type-product","3":"status-publish","4":"has-post-thumbnail","6":"product_cat-elektroodid","8":"first","9":"instock","10":"sale","11":"shipping-taxable","12":"purchasable","13":"product-type-simple"},"jetpack_sharing_enabled":true,"_links":{"self":[{"href":"https:\/\/letrum.ee\/index.php?rest_route=\/wp\/v2\/product\/209","targetHints":{"allow":["GET"]}}],"collection":[{"href":"https:\/\/letrum.ee\/index.php?rest_route=\/wp\/v2\/product"}],"about":[{"href":"https:\/\/letrum.ee\/index.php?rest_route=\/wp\/v2\/types\/product"}],"replies":[{"embeddable":true,"href":"https:\/\/letrum.ee\/index.php?rest_route=%2Fwp%2Fv2%2Fcomments&post=209"}],"wp:featuredmedia":[{"embeddable":true,"href":"https:\/\/letrum.ee\/index.php?rest_route=\/wp\/v2\/media\/665"}],"wp:attachment":[{"href":"https:\/\/letrum.ee\/index.php?rest_route=%2Fwp%2Fv2%2Fmedia&parent=209"}],"wp:term":[{"taxonomy":"product_brand","embeddable":true,"href":"https:\/\/letrum.ee\/index.php?rest_route=%2Fwp%2Fv2%2Fproduct_brand&post=209"},{"taxonomy":"product_cat","embeddable":true,"href":"https:\/\/letrum.ee\/index.php?rest_route=%2Fwp%2Fv2%2Fproduct_cat&post=209"},{"taxonomy":"product_tag","embeddable":true,"href":"https:\/\/letrum.ee\/index.php?rest_route=%2Fwp%2Fv2%2Fproduct_tag&post=209"}],"curies":[{"name":"wp","href":"https:\/\/api.w.org\/{rel}","templated":true}]}}