{"id":177,"date":"2025-08-14T10:30:18","date_gmt":"2025-08-14T10:30:18","guid":{"rendered":"https:\/\/letrum.ee\/?post_type=product&#038;p=177"},"modified":"2025-08-21T08:28:02","modified_gmt":"2025-08-21T08:28:02","slug":"jasic-mig-250-pulse-compactkomplekt","status":"publish","type":"product","link":"https:\/\/letrum.ee\/?product=jasic-mig-250-pulse-compactkomplekt","title":{"rendered":"JASIC MIG 250 Pulse Compact(komplekt)"},"content":{"rendered":"<p>250 A Synergic inverterkeevitus, millel pulsi funktsioon ja eelseadistatud programmid terase, roostevaba terase ja alumiiniumi keevitamiseks. Lihtsasti juhitav ja kasutatav. Sobiv v\u00e4iksemasse t\u00f6\u00f6kotta.<\/p>\n","protected":false},"excerpt":{"rendered":"<p>250 A Synergic inverterkeevitus, millel pulsi funktsioon ja eelseadistatud programmid terase, roostevaba terase ja alumiiniumi keevitamiseks. Lihtsasti juhitav ja kasutatav. Sobiv v\u00e4iksemasse t\u00f6\u00f6kotta.<\/p>\n","protected":false},"featured_media":188,"comment_status":"open","ping_status":"closed","template":"","meta":[],"product_brand":[],"product_cat":[15,61,52,54],"product_tag":[],"class_list":{"0":"post-177","1":"product","2":"type-product","3":"status-publish","4":"has-post-thumbnail","6":"product_cat-uncategorized","7":"product_cat-keevitus","8":"product_cat-keevitusmasinad","9":"product_cat-mig","11":"first","12":"instock","13":"shipping-taxable","14":"purchasable","15":"product-type-simple"},"jetpack_sharing_enabled":true,"_links":{"self":[{"href":"https:\/\/letrum.ee\/index.php?rest_route=\/wp\/v2\/product\/177","targetHints":{"allow":["GET"]}}],"collection":[{"href":"https:\/\/letrum.ee\/index.php?rest_route=\/wp\/v2\/product"}],"about":[{"href":"https:\/\/letrum.ee\/index.php?rest_route=\/wp\/v2\/types\/product"}],"replies":[{"embeddable":true,"href":"https:\/\/letrum.ee\/index.php?rest_route=%2Fwp%2Fv2%2Fcomments&post=177"}],"wp:featuredmedia":[{"embeddable":true,"href":"https:\/\/letrum.ee\/index.php?rest_route=\/wp\/v2\/media\/188"}],"wp:attachment":[{"href":"https:\/\/letrum.ee\/index.php?rest_route=%2Fwp%2Fv2%2Fmedia&parent=177"}],"wp:term":[{"taxonomy":"product_brand","embeddable":true,"href":"https:\/\/letrum.ee\/index.php?rest_route=%2Fwp%2Fv2%2Fproduct_brand&post=177"},{"taxonomy":"product_cat","embeddable":true,"href":"https:\/\/letrum.ee\/index.php?rest_route=%2Fwp%2Fv2%2Fproduct_cat&post=177"},{"taxonomy":"product_tag","embeddable":true,"href":"https:\/\/letrum.ee\/index.php?rest_route=%2Fwp%2Fv2%2Fproduct_tag&post=177"}],"curies":[{"name":"wp","href":"https:\/\/api.w.org\/{rel}","templated":true}]}}