{"id":174,"date":"2025-08-14T10:30:18","date_gmt":"2025-08-14T10:30:18","guid":{"rendered":"https:\/\/letrum.ee\/?post_type=product&#038;p=174"},"modified":"2025-08-21T08:28:29","modified_gmt":"2025-08-21T08:28:29","slug":"jasic-tig-200-pulse-ac-dc-mini-inverterkomplekt","status":"publish","type":"product","link":"https:\/\/letrum.ee\/?product=jasic-tig-200-pulse-ac-dc-mini-inverterkomplekt","title":{"rendered":"JASIC TIG 200 Pulse AC\/DC Mini Inverter(komplekt)"},"content":{"rendered":"<p>TIG Pulse AC\/DC inverter keevitaja<\/p>\n<p>K\u00f5rgsagedusmuundur, mis v\u00e4hendab kaalu ja suurust<\/p>\n<p>Intelligentne digitaalne mikroprotsessori juhtimine<\/p>\n<p>M\u00e4lu automaatse salvestamise funktsioon v\u00e4ljal\u00fclitamisel<\/p>\n<p>Lihtne kasutada, intuitiivne juhtpaneel<\/p>\n<p>Automaatsed kaitseahelad inverteri eluea pikendamiseks<\/p>\n<p>Pulsi reguleerimine<\/p>\n<p>T\u00e4iustatud kaars\u00fc\u00fctes\u00fcsteem<\/p>\n<p>TIG volframelektroodide valikus\u00fcsteem<\/p>\n<p>Impulsi sagedus, impulsskoormus, kaarej\u00f5ud, puhas laius<\/p>\n<p>Kaugjuhtimispuldi liides<\/p>\n<p>AC TIG funktsioon alumiiniumile ja alumiiniumsulamitele<\/p>\n<p>DC TIG funktsioon s\u00fcsinikterase, vase ja v\u00e4rviliste metallide jaoks<\/p>\n<p>Kiire impulss koos t\u00e4pse reguleerimisega \u00fclima keevis\u00f5mbluse saavutamiseks<\/p>\n<p>Juhtimisalgoritm t\u00e4iustatud MMA j\u00f5udluse jaoks<\/p>\n<p>K\u00e4epidemete\/liistude kvaliteetne kummeeritud viimistlus<\/p>\n<p>AVR-generaatori s\u00f5bralik<\/p>\n","protected":false},"excerpt":{"rendered":"<p>TIG Pulse AC\/DC inverter keevitaja K\u00f5rgsagedusmuundur, mis v\u00e4hendab kaalu ja suurust Intelligentne digitaalne mikroprotsessori juhtimine M\u00e4lu automaatse salvestamise funktsioon v\u00e4ljal\u00fclitamisel Lihtne kasutada, intuitiivne juhtpaneel Automaatsed kaitseahelad inverteri eluea pikendamiseks Pulsi reguleerimine T\u00e4iustatud kaars\u00fc\u00fctes\u00fcsteem TIG volframelektroodide valikus\u00fcsteem Impulsi sagedus, impulsskoormus, kaarej\u00f5ud, puhas laius Kaugjuhtimispuldi liides AC TIG funktsioon alumiiniumile ja alumiiniumsulamitele DC TIG funktsioon s\u00fcsinikterase, vase ja v\u00e4rviliste metallide jaoks Kiire impulss koos t\u00e4pse reguleerimisega \u00fclima keevis\u00f5mbluse saavutamiseks Juhtimisalgoritm t\u00e4iustatud MMA j\u00f5udluse jaoks K\u00e4epidemete\/liistude kvaliteetne kummeeritud viimistlus AVR-generaatori s\u00f5bralik<\/p>\n","protected":false},"featured_media":186,"comment_status":"open","ping_status":"closed","template":"","meta":[],"product_brand":[],"product_cat":[15,61,52,53],"product_tag":[],"class_list":{"0":"post-174","1":"product","2":"type-product","3":"status-publish","4":"has-post-thumbnail","6":"product_cat-uncategorized","7":"product_cat-keevitus","8":"product_cat-keevitusmasinad","9":"product_cat-tig","11":"first","12":"instock","13":"sale","14":"shipping-taxable","15":"purchasable","16":"product-type-simple"},"jetpack_sharing_enabled":true,"_links":{"self":[{"href":"https:\/\/letrum.ee\/index.php?rest_route=\/wp\/v2\/product\/174","targetHints":{"allow":["GET"]}}],"collection":[{"href":"https:\/\/letrum.ee\/index.php?rest_route=\/wp\/v2\/product"}],"about":[{"href":"https:\/\/letrum.ee\/index.php?rest_route=\/wp\/v2\/types\/product"}],"replies":[{"embeddable":true,"href":"https:\/\/letrum.ee\/index.php?rest_route=%2Fwp%2Fv2%2Fcomments&post=174"}],"wp:featuredmedia":[{"embeddable":true,"href":"https:\/\/letrum.ee\/index.php?rest_route=\/wp\/v2\/media\/186"}],"wp:attachment":[{"href":"https:\/\/letrum.ee\/index.php?rest_route=%2Fwp%2Fv2%2Fmedia&parent=174"}],"wp:term":[{"taxonomy":"product_brand","embeddable":true,"href":"https:\/\/letrum.ee\/index.php?rest_route=%2Fwp%2Fv2%2Fproduct_brand&post=174"},{"taxonomy":"product_cat","embeddable":true,"href":"https:\/\/letrum.ee\/index.php?rest_route=%2Fwp%2Fv2%2Fproduct_cat&post=174"},{"taxonomy":"product_tag","embeddable":true,"href":"https:\/\/letrum.ee\/index.php?rest_route=%2Fwp%2Fv2%2Fproduct_tag&post=174"}],"curies":[{"name":"wp","href":"https:\/\/api.w.org\/{rel}","templated":true}]}}