{"id":173,"date":"2025-08-14T10:30:18","date_gmt":"2025-08-14T10:30:18","guid":{"rendered":"https:\/\/letrum.ee\/?post_type=product&#038;p=173"},"modified":"2025-08-21T08:28:38","modified_gmt":"2025-08-21T08:28:38","slug":"jasic-power-arc-180se-keevitusinverterkomplekt","status":"publish","type":"product","link":"https:\/\/letrum.ee\/?product=jasic-power-arc-180se-keevitusinverterkomplekt","title":{"rendered":"Jasic Power Arc 180SE keevitusinverter(komplekt)"},"content":{"rendered":"<p>IGBT Inverter tehnoloogia professionaalsele kasutajale<\/p>\n<p>MMA (elektrood)\/DC kontakts\u00fc\u00fctega TIG inverterkeevitus<\/p>\n<p>Kleepumisvastane, Arc-Force, hot start<\/p>\n<p>K\u00f5rgsagedusmuundur, mis v\u00e4hendab kaalu ja suurust<\/p>\n<p>Kompaktne suurus, kerge ja kaasaegne disain<\/p>\n<p>Lihtne kaare s\u00fc\u00fctamine, minimaalne pritsmed<\/p>\n<p>Stabiilne ja t\u00f6\u00f6kindel kaar<\/p>\n<p>Pinge k\u00f5ikumise automaatne kompenseerimine<\/p>\n<p>Kvaliteetne k\u00e4es\u00f5bralik kummiviimistlus liistude ja k\u00e4epideme jaoks<\/p>\n<p>Kaasas kaitsev kandekott ja MMA juhtmed<\/p>\n<p>AVR-generaatori s\u00f5bralik<\/p>\n","protected":false},"excerpt":{"rendered":"<p>IGBT Inverter tehnoloogia professionaalsele kasutajale MMA (elektrood)\/DC kontakts\u00fc\u00fctega TIG inverterkeevitus Kleepumisvastane, Arc-Force, hot start K\u00f5rgsagedusmuundur, mis v\u00e4hendab kaalu ja suurust Kompaktne suurus, kerge ja kaasaegne disain Lihtne kaare s\u00fc\u00fctamine, minimaalne pritsmed Stabiilne ja t\u00f6\u00f6kindel kaar Pinge k\u00f5ikumise automaatne kompenseerimine Kvaliteetne k\u00e4es\u00f5bralik kummiviimistlus liistude ja k\u00e4epideme jaoks Kaasas kaitsev kandekott ja MMA juhtmed AVR-generaatori s\u00f5bralik<\/p>\n","protected":false},"featured_media":185,"comment_status":"open","ping_status":"closed","template":"","meta":[],"product_brand":[],"product_cat":[15,55,61,52],"product_tag":[],"class_list":{"0":"post-173","1":"product","2":"type-product","3":"status-publish","4":"has-post-thumbnail","6":"product_cat-uncategorized","7":"product_cat-elektrood","8":"product_cat-keevitus","9":"product_cat-keevitusmasinad","11":"first","12":"instock","13":"sale","14":"shipping-taxable","15":"purchasable","16":"product-type-simple"},"jetpack_sharing_enabled":true,"_links":{"self":[{"href":"https:\/\/letrum.ee\/index.php?rest_route=\/wp\/v2\/product\/173","targetHints":{"allow":["GET"]}}],"collection":[{"href":"https:\/\/letrum.ee\/index.php?rest_route=\/wp\/v2\/product"}],"about":[{"href":"https:\/\/letrum.ee\/index.php?rest_route=\/wp\/v2\/types\/product"}],"replies":[{"embeddable":true,"href":"https:\/\/letrum.ee\/index.php?rest_route=%2Fwp%2Fv2%2Fcomments&post=173"}],"wp:featuredmedia":[{"embeddable":true,"href":"https:\/\/letrum.ee\/index.php?rest_route=\/wp\/v2\/media\/185"}],"wp:attachment":[{"href":"https:\/\/letrum.ee\/index.php?rest_route=%2Fwp%2Fv2%2Fmedia&parent=173"}],"wp:term":[{"taxonomy":"product_brand","embeddable":true,"href":"https:\/\/letrum.ee\/index.php?rest_route=%2Fwp%2Fv2%2Fproduct_brand&post=173"},{"taxonomy":"product_cat","embeddable":true,"href":"https:\/\/letrum.ee\/index.php?rest_route=%2Fwp%2Fv2%2Fproduct_cat&post=173"},{"taxonomy":"product_tag","embeddable":true,"href":"https:\/\/letrum.ee\/index.php?rest_route=%2Fwp%2Fv2%2Fproduct_tag&post=173"}],"curies":[{"name":"wp","href":"https:\/\/api.w.org\/{rel}","templated":true}]}}